{"id":1931,"date":"2020-11-27T18:28:11","date_gmt":"2020-11-27T17:28:11","guid":{"rendered":"https:\/\/joyapartments.es\/?page_id=1931"},"modified":"2020-11-27T18:28:13","modified_gmt":"2020-11-27T17:28:13","slug":"politique-de-cookies","status":"publish","type":"page","link":"https:\/\/joyapartments.es\/fr\/politique-de-cookies\/","title":{"rendered":"Politique de cookies"},"content":{"rendered":"\n<p>Chez Joya Inmuebles e Inversiones, S.L.U., nous utilisons des cookies afin de fournir un meilleur service et une meilleure exp\u00e9rience de navigation sur notre site web. Nous d\u00e9taillons ci-dessous la d\u00e9finition exacte d&rsquo;un cookie, son utilisation, les types de cookies utilis\u00e9s en fonction de leur origine, leur dur\u00e9e de vie et leur finalit\u00e9. Nous vous expliquons \u00e9galement comment les configurer ou les d\u00e9sactiver si vous le souhaitez.<\/p>\n\n\n\n<h2 class=\"wp-block-heading\">Qu&rsquo;est-ce qu&rsquo;un cookie ?<\/h2>\n\n\n\n<p>Un \u00ab\u00a0cookie\u00a0\u00bb est un petit fichier qui est stock\u00e9 sur l&rsquo;ordinateur, la tablette, le smartphone ou tout autre appareil de l&rsquo;utilisateur et qui contient des informations sur la navigation.<\/p>\n\n\n\n<p>Tous les cookies de nos utilisateurs nous aident \u00e0 am\u00e9liorer la qualit\u00e9 de notre site web, en nous permettant de contr\u00f4ler quelles pages sont utiles, lesquelles ne le sont pas et lesquelles peuvent \u00eatre am\u00e9lior\u00e9es.<\/p>\n\n\n\n<h2 class=\"wp-block-heading\">\u00c0 quoi servent les cookies ?<\/h2>\n\n\n\n<p>Les cookies sont essentiels pour le fonctionnement de l&rsquo;internet, offrant d&rsquo;innombrables avantages dans la fourniture de services interactifs, facilitant la navigation et la convivialit\u00e9 de notre site web. En aucun cas, les cookies ne pourraient endommager votre ordinateur Au contraire, le fait qu&rsquo;ils soient actifs nous aide \u00e0 identifier et \u00e0 r\u00e9soudre les erreurs.<\/p>\n\n\n\n<h2 class=\"wp-block-heading\">Quels types de cookies utilisons-nous ?<\/h2>\n\n\n\n<h3 class=\"wp-block-heading\">En fonction de la personne qui les traite<\/h3>\n\n\n\n<ul class=\"wp-block-list\"><li><strong>Cookies propres :&nbsp;<\/strong>Ce sont ceux qui sont envoy\u00e9s \u00e0 votre ordinateur \u00e0 partir de notre propre mat\u00e9riel ou de nos propres domaines et \u00e0 partir desquels nous fournissons le service que vous demandez.<\/li><li><strong>Cookies de tiers :&nbsp;<\/strong>Ce sont ceux qui sont envoy\u00e9s \u00e0 votre \u00e9quipe depuis un ordinateur ou un domaine qui n&rsquo;est pas g\u00e9r\u00e9 par nous, mais par une autre entit\u00e9 collaboratrice. Par exemple, ceux utilis\u00e9s par les r\u00e9seaux sociaux, ou des contenus externes tels que Google Maps.<\/li><\/ul>\n\n\n\n<h3 class=\"wp-block-heading\">En fonction de la dur\u00e9e de leur activit\u00e9<\/h3>\n\n\n\n<ul class=\"wp-block-list\"><li><strong>Cookies de session :&nbsp;<\/strong>Il s&rsquo;agit de cookies temporaires qui restent dans le fichier cookie de votre navigateur jusqu&rsquo;\u00e0 ce que vous quittiez le site, de sorte qu&rsquo;aucun n&rsquo;est enregistr\u00e9 sur le disque dur de votre ordinateur. Les informations obtenues au moyen de ces cookies servent \u00e0 analyser les mod\u00e8les de trafic sur le web. En fin de compte, cela nous permet de fournir une meilleure exp\u00e9rience pour am\u00e9liorer le contenu et faciliter son utilisation.<\/li><li><strong>Cookies persistants :&nbsp;<\/strong>Ils sont stock\u00e9s sur le disque dur et notre site web les lit \u00e0 chaque nouvelle visite. Un site web permanent a une date d&rsquo;expiration. Le cookie cessera de fonctionner apr\u00e8s cette date. Nous utilisons g\u00e9n\u00e9ralement ces cookies pour faciliter les services d&rsquo;achat et d&rsquo;enregistrement.<\/li><\/ul>\n\n\n\n<h3 class=\"wp-block-heading\">En fonction de la finalit\u00e9 pour laquelle ils sont requis<\/h3>\n\n\n\n<ul class=\"wp-block-list\"><li><strong>Cookies techniques :&nbsp;<\/strong>Ce sont ceux qui sont n\u00e9cessaires \u00e0 la navigation et au bon fonctionnement de notre page web. Ils permettent, par exemple, de contr\u00f4ler le trafic et la communication de donn\u00e9es, d&rsquo;acc\u00e9der \u00e0 des parties d&rsquo;acc\u00e8s restreint, d&rsquo;effectuer le processus d&rsquo;achat d&rsquo;une commande, d&rsquo;utiliser des \u00e9l\u00e9ments de s\u00e9curit\u00e9, de stocker du contenu afin de pouvoir diffuser des vid\u00e9os ou de partager du contenu par le biais de r\u00e9seaux sociaux.<\/li><li><strong>Cookies de personnalisation :&nbsp;<\/strong>Ce sont ceux qui permettent \u00e0 l&rsquo;utilisateur d&rsquo;acc\u00e9der au service avec des caract\u00e9ristiques pr\u00e9d\u00e9finies selon une s\u00e9rie de crit\u00e8res, tels que la langue, le type de navigateur par lequel il acc\u00e8de au service, la configuration r\u00e9gionale \u00e0 partir de laquelle il acc\u00e8de au service, etc.<\/li><li><strong>Cookies d&rsquo;analyse :&nbsp;<\/strong>Ce sont ceux qui nous permettent de quantifier le nombre d&rsquo;utilisateurs et donc d&rsquo;effectuer la mesure et l&rsquo;analyse statistique de l&rsquo;utilisation faite par les utilisateurs des services fournis. \u00c0 cette fin, votre navigation sur notre site web est analys\u00e9e afin d&rsquo;am\u00e9liorer les produits ou services que nous vous proposons.<\/li><li><strong>T\u00e9moins (Cookies) publicitaires :&nbsp;<\/strong>Ce sont ceux qui permettent la gestion, de la mani\u00e8re la plus efficace, des espaces publicitaires qui pourraient \u00eatre inclus dans notre page web.<\/li><li><strong>Cookies de publicit\u00e9 comportementale :&nbsp;<\/strong>Ces cookies stockent des informations sur le comportement des utilisateurs obtenues par une observation continue. Gr\u00e2ce \u00e0 eux, nous pouvons conna\u00eetre vos habitudes de navigation sur Internet et vous montrer de la publicit\u00e9 en rapport \u00e0 votre profil de navigation.<\/li><\/ul>\n\n\n\n<h2 class=\"wp-block-heading\">Quel est le but des cookies utilis\u00e9s ?<\/h2>\n\n\n\n<p>Ci-dessous, nous d\u00e9taillons les cookies utilis\u00e9s sur notre site web et leur finalit\u00e9<\/p>\n\n\n\n<figure class=\"wp-block-table\"><table><thead><tr><td><strong>Nombre<\/strong><\/td><td><strong>Proveedor<\/strong><\/td><td><strong>Finalidad<\/strong><\/td><\/tr><\/thead><tbody><tr><td>ANID<\/td><td>.google.com<\/td><td>Ces cookies ont une finalit\u00e9 publicitaire pour le service Google Adwords. Ils contiennent une valeur unique g\u00e9n\u00e9r\u00e9e al\u00e9atoirement qui permet \u00e0 la Plateforme de distinguer les navigateurs et les appareils. Ces informations sont utilis\u00e9es pour mesurer les performances des publicit\u00e9s et fournir des recommandations de produits bas\u00e9es sur des donn\u00e9es statistiques.<\/td><\/tr><tr><td>1P_JAR<\/td><td>.google.com<\/td><td>Cookie qui transf\u00e8re des donn\u00e9es \u00e0 Google pour rendre la publicit\u00e9 plus attractive.<\/td><\/tr><tr><td>Ct-ultimate-gdpr-cookie<\/td><td>. joyapartments.es<\/td><td>Cookie technique et n\u00e9cessaire qui se souvient si le visiteur a accept\u00e9 \/ ferm\u00e9 la barre de cookies d&rsquo;information.<\/td><\/tr><tr><td>Ct-ultimate-gdpr-cookie-level<\/td><td>. joyapartments.es<\/td><td>Cookie technique et n\u00e9cessaire qui permet de conna\u00eetre les pr\u00e9f\u00e9rences de cookies de l&rsquo;utilisateur.<\/td><\/tr><tr><td>_ga<\/td><td>.joyapartments.es<\/td><td>Cookie analytique. Ce nom de cookie est associ\u00e9 \u00e0 Google Universal Analytics, qui est une mise \u00e0 jour significative du service d&rsquo;analyse Google le plus utilis\u00e9. Ce cookie est utilis\u00e9 pour distinguer les utilisateurs uniques en attribuant un num\u00e9ro g\u00e9n\u00e9r\u00e9 al\u00e9atoirement comme identifiant client. Il est inclus dans chaque demande de page sur un site et est utilis\u00e9 pour calculer les donn\u00e9es de visiteur, de session et de campagne pour les rapports d&rsquo;analyse du site. Par d\u00e9faut, il expire apr\u00e8s 2 ans, bien que les propri\u00e9taires de sites Web puissent le personnaliser.<\/td><\/tr><tr><td>_gid<\/td><td>.joyapartments.es<\/td><td>Ce nom de cookie est associ\u00e9 \u00e0 Google Universal Analytics. Cela semble \u00eatre un nouveau cookie et au printemps 2017, Google ne dispose d&rsquo;aucune information. Il semble stocker et mettre \u00e0 jour une valeur unique pour chaque page visit\u00e9e.<\/td><\/tr><tr><td>CONSENT<\/td><td>.google.com<\/td><td>Cookie publicitaire. Ils vous permettent de personnaliser la mani\u00e8re dont les annonces s&rsquo;affichent en dehors de Google.<\/td><\/tr><tr><td>NID<\/td><td>.google.com<\/td><td>Cookie analytique. Il contient un identifiant unique que Google utilise pour m\u00e9moriser vos pr\u00e9f\u00e9rences et d&rsquo;autres informations.<\/td><\/tr><\/tbody><\/table><\/figure>\n\n\n\n<h2 class=\"wp-block-heading\">Comment configurer ou d\u00e9sactiver vos cookies ?<\/h2>\n\n\n\n<p>Lorsque vous acc\u00e9dez \u00e0 notre site web pour la premi\u00e8re fois, vous pouvez accepter ou refuser l&rsquo;utilisation de tous nos cookies ou, si vous pr\u00e9f\u00e9rez, vous pouvez acc\u00e9der \u00e0 la configuration et accepter les cookies en fonction de leur type, \u00e0 l&rsquo;exception des cookies techniques, qui ne n\u00e9cessitent pas le consentement de l&rsquo;utilisateur. Vous pouvez modifier vos pr\u00e9f\u00e9rences \u00e0 tout moment en acc\u00e9dant \u00e0 notre panneau de configuration.<\/p>\n\n\n\n<p>En outre, vous pouvez acc\u00e9der aux param\u00e8tres de votre navigateur pour restreindre, bloquer ou supprimer les cookies, en suivant l&rsquo;une des proc\u00e9dures suivantes, qui d\u00e9pend du navigateur que vous utilisez :<\/p>\n\n\n\n<ul class=\"wp-block-list\"><li><a href=\"https:\/\/support.google.com\/chrome\/answer\/95647?hl=es\">Google Chrome<\/a><\/li><li><a href=\"https:\/\/support.mozilla.org\/es\/kb\/habilitar-y-deshabilitar-cookies-sitios-web-rastrear-preferencias?redirectlocale=es&amp;redirectslug=habilitar-y-deshabilitar-cookies-que-los-sitios-we\">Mozilla Firefox<\/a><\/li><li><a href=\"https:\/\/support.microsoft.com\/es-es\/help\/17442\/windows-internet-explorer-delete-manage-cookies\">Internet Explorer<\/a><\/li><li><a href=\"https:\/\/privacy.microsoft.com\/es-es\/windows-10-microsoft-edge-and-privacy\">Microsoft Edge<\/a><\/li><li><a href=\"https:\/\/support.apple.com\/kb\/ph21411?locale=es_ES\">Safari<\/a><\/li><li><a href=\"https:\/\/support.apple.com\/es-es\/HT201265\">Safari para IOS (iPhone y iPad)<\/a><\/li><li><a href=\"https:\/\/support.google.com\/chrome\/answer\/114662?hl=es&amp;visit_id=0-636627772319761247-2388888168&amp;rd=1\">Chrome para Android<\/a><\/li><\/ul>\n\n\n\n<h2 class=\"wp-block-heading\">Consentement<\/h2>\n\n\n\n<p>Chez Joya Inmuebles e Inversiones, S.L.U., nous ne sauvegardons jamais les donn\u00e9es personnelles de nos utilisateurs, \u00e0 l&rsquo;exception de l&rsquo;adresse IP telle que d\u00e9crite ci-dessus, sauf si vous souhaitez vous inscrire, volontairement, afin d&rsquo;effectuer des achats des produits et services que nous mettons \u00e0 votre disposition ou pour recevoir des informations sur les promotions et les contenus qui vous int\u00e9ressent. En naviguant et en continuant \u00e0 naviguer sur notre site web, vous indiquez votre consentement \u00e0 l&rsquo;utilisation des cookies susmentionn\u00e9s, et dans les conditions pr\u00e9vues par la pr\u00e9sente politique en mati\u00e8re de cookies.<\/p>\n\n\n\n<p>Joya Inmuebles e Inversiones, S.L.U. Tous droits r\u00e9serv\u00e9s.<\/p>\n","protected":false},"excerpt":{"rendered":"<p>Chez Joya Inmuebles e Inversiones, S.L.U., nous utilisons des cookies afin de fournir un meilleur service et une meilleure exp\u00e9rience de navigation sur notre site web. Nous d\u00e9taillons ci-dessous la d\u00e9finition exacte d&rsquo;un cookie, son utilisation, les types de cookies utilis\u00e9s en fonction de leur origine, leur dur\u00e9e de vie et leur finalit\u00e9. Nous vous [&hellip;]<\/p>\n","protected":false},"author":5,"featured_media":0,"parent":0,"menu_order":0,"comment_status":"closed","ping_status":"closed","template":"","meta":{"footnotes":""},"class_list":["post-1931","page","type-page","status-publish","hentry"],"yoast_head":"<!-- This site is optimized with the Yoast SEO plugin v25.3.1 - https:\/\/yoast.com\/wordpress\/plugins\/seo\/ -->\n<title>Politique de cookies | Joya Apartments<\/title>\n<meta name=\"robots\" content=\"noindex, follow\" \/>\n<meta property=\"og:locale\" content=\"fr_FR\" \/>\n<meta property=\"og:type\" content=\"article\" \/>\n<meta property=\"og:title\" content=\"Politique de cookies | Joya Apartments\" \/>\n<meta property=\"og:description\" content=\"Chez Joya Inmuebles e Inversiones, S.L.U., nous utilisons des cookies afin de fournir un meilleur service et une meilleure exp\u00e9rience de navigation sur notre site web. Nous d\u00e9taillons ci-dessous la d\u00e9finition exacte d&rsquo;un cookie, son utilisation, les types de cookies utilis\u00e9s en fonction de leur origine, leur dur\u00e9e de vie et leur finalit\u00e9. Nous vous [&hellip;]\" \/>\n<meta property=\"og:url\" content=\"https:\/\/joyapartments.es\/fr\/politique-de-cookies\/\" \/>\n<meta property=\"og:site_name\" content=\"Joya Apartments\" \/>\n<meta property=\"article:modified_time\" content=\"2020-11-27T17:28:13+00:00\" \/>\n<meta name=\"twitter:card\" content=\"summary_large_image\" \/>\n<meta name=\"twitter:label1\" content=\"Dur\u00e9e de lecture estim\u00e9e\" \/>\n\t<meta name=\"twitter:data1\" content=\"6 minutes\" \/>\n<script type=\"application\/ld+json\" class=\"yoast-schema-graph\">{\"@context\":\"https:\/\/schema.org\",\"@graph\":[{\"@type\":\"WebPage\",\"@id\":\"https:\/\/joyapartments.es\/fr\/politique-de-cookies\/\",\"url\":\"https:\/\/joyapartments.es\/fr\/politique-de-cookies\/\",\"name\":\"Politique de cookies | Joya Apartments\",\"isPartOf\":{\"@id\":\"https:\/\/joyapartments.es\/#website\"},\"datePublished\":\"2020-11-27T17:28:11+00:00\",\"dateModified\":\"2020-11-27T17:28:13+00:00\",\"breadcrumb\":{\"@id\":\"https:\/\/joyapartments.es\/fr\/politique-de-cookies\/#breadcrumb\"},\"inLanguage\":\"fr-FR\",\"potentialAction\":[{\"@type\":\"ReadAction\",\"target\":[\"https:\/\/joyapartments.es\/fr\/politique-de-cookies\/\"]}]},{\"@type\":\"BreadcrumbList\",\"@id\":\"https:\/\/joyapartments.es\/fr\/politique-de-cookies\/#breadcrumb\",\"itemListElement\":[{\"@type\":\"ListItem\",\"position\":1,\"name\":\"Portada\",\"item\":\"https:\/\/joyapartments.es\/fr\/\"},{\"@type\":\"ListItem\",\"position\":2,\"name\":\"Politique de cookies\"}]},{\"@type\":\"WebSite\",\"@id\":\"https:\/\/joyapartments.es\/#website\",\"url\":\"https:\/\/joyapartments.es\/\",\"name\":\"Joya Apartments\",\"description\":\"Apartamentos en la Costa Dorada\",\"publisher\":{\"@id\":\"https:\/\/joyapartments.es\/#organization\"},\"potentialAction\":[{\"@type\":\"SearchAction\",\"target\":{\"@type\":\"EntryPoint\",\"urlTemplate\":\"https:\/\/joyapartments.es\/?s={search_term_string}\"},\"query-input\":{\"@type\":\"PropertyValueSpecification\",\"valueRequired\":true,\"valueName\":\"search_term_string\"}}],\"inLanguage\":\"fr-FR\"},{\"@type\":\"Organization\",\"@id\":\"https:\/\/joyapartments.es\/#organization\",\"name\":\"Joya Inmuebles e Inversiones S.L.U.\",\"url\":\"https:\/\/joyapartments.es\/\",\"logo\":{\"@type\":\"ImageObject\",\"inLanguage\":\"fr-FR\",\"@id\":\"https:\/\/joyapartments.es\/#\/schema\/logo\/image\/\",\"url\":\"https:\/\/joyapartments.es\/wp-content\/uploads\/joya-apartments-logo-retina.png\",\"contentUrl\":\"https:\/\/joyapartments.es\/wp-content\/uploads\/joya-apartments-logo-retina.png\",\"width\":440,\"height\":120,\"caption\":\"Joya Inmuebles e Inversiones S.L.U.\"},\"image\":{\"@id\":\"https:\/\/joyapartments.es\/#\/schema\/logo\/image\/\"}}]}<\/script>\n<!-- \/ Yoast SEO plugin. -->","yoast_head_json":{"title":"Politique de cookies | Joya Apartments","robots":{"index":"noindex","follow":"follow"},"og_locale":"fr_FR","og_type":"article","og_title":"Politique de cookies | Joya Apartments","og_description":"Chez Joya Inmuebles e Inversiones, S.L.U., nous utilisons des cookies afin de fournir un meilleur service et une meilleure exp\u00e9rience de navigation sur notre site web. Nous d\u00e9taillons ci-dessous la d\u00e9finition exacte d&rsquo;un cookie, son utilisation, les types de cookies utilis\u00e9s en fonction de leur origine, leur dur\u00e9e de vie et leur finalit\u00e9. Nous vous [&hellip;]","og_url":"https:\/\/joyapartments.es\/fr\/politique-de-cookies\/","og_site_name":"Joya Apartments","article_modified_time":"2020-11-27T17:28:13+00:00","twitter_card":"summary_large_image","twitter_misc":{"Dur\u00e9e de lecture estim\u00e9e":"6 minutes"},"schema":{"@context":"https:\/\/schema.org","@graph":[{"@type":"WebPage","@id":"https:\/\/joyapartments.es\/fr\/politique-de-cookies\/","url":"https:\/\/joyapartments.es\/fr\/politique-de-cookies\/","name":"Politique de cookies | Joya Apartments","isPartOf":{"@id":"https:\/\/joyapartments.es\/#website"},"datePublished":"2020-11-27T17:28:11+00:00","dateModified":"2020-11-27T17:28:13+00:00","breadcrumb":{"@id":"https:\/\/joyapartments.es\/fr\/politique-de-cookies\/#breadcrumb"},"inLanguage":"fr-FR","potentialAction":[{"@type":"ReadAction","target":["https:\/\/joyapartments.es\/fr\/politique-de-cookies\/"]}]},{"@type":"BreadcrumbList","@id":"https:\/\/joyapartments.es\/fr\/politique-de-cookies\/#breadcrumb","itemListElement":[{"@type":"ListItem","position":1,"name":"Portada","item":"https:\/\/joyapartments.es\/fr\/"},{"@type":"ListItem","position":2,"name":"Politique de cookies"}]},{"@type":"WebSite","@id":"https:\/\/joyapartments.es\/#website","url":"https:\/\/joyapartments.es\/","name":"Joya Apartments","description":"Apartamentos en la Costa Dorada","publisher":{"@id":"https:\/\/joyapartments.es\/#organization"},"potentialAction":[{"@type":"SearchAction","target":{"@type":"EntryPoint","urlTemplate":"https:\/\/joyapartments.es\/?s={search_term_string}"},"query-input":{"@type":"PropertyValueSpecification","valueRequired":true,"valueName":"search_term_string"}}],"inLanguage":"fr-FR"},{"@type":"Organization","@id":"https:\/\/joyapartments.es\/#organization","name":"Joya Inmuebles e Inversiones S.L.U.","url":"https:\/\/joyapartments.es\/","logo":{"@type":"ImageObject","inLanguage":"fr-FR","@id":"https:\/\/joyapartments.es\/#\/schema\/logo\/image\/","url":"https:\/\/joyapartments.es\/wp-content\/uploads\/joya-apartments-logo-retina.png","contentUrl":"https:\/\/joyapartments.es\/wp-content\/uploads\/joya-apartments-logo-retina.png","width":440,"height":120,"caption":"Joya Inmuebles e Inversiones S.L.U."},"image":{"@id":"https:\/\/joyapartments.es\/#\/schema\/logo\/image\/"}}]}},"_links":{"self":[{"href":"https:\/\/joyapartments.es\/fr\/wp-json\/wp\/v2\/pages\/1931","targetHints":{"allow":["GET"]}}],"collection":[{"href":"https:\/\/joyapartments.es\/fr\/wp-json\/wp\/v2\/pages"}],"about":[{"href":"https:\/\/joyapartments.es\/fr\/wp-json\/wp\/v2\/types\/page"}],"author":[{"embeddable":true,"href":"https:\/\/joyapartments.es\/fr\/wp-json\/wp\/v2\/users\/5"}],"replies":[{"embeddable":true,"href":"https:\/\/joyapartments.es\/fr\/wp-json\/wp\/v2\/comments?post=1931"}],"version-history":[{"count":1,"href":"https:\/\/joyapartments.es\/fr\/wp-json\/wp\/v2\/pages\/1931\/revisions"}],"predecessor-version":[{"id":1934,"href":"https:\/\/joyapartments.es\/fr\/wp-json\/wp\/v2\/pages\/1931\/revisions\/1934"}],"wp:attachment":[{"href":"https:\/\/joyapartments.es\/fr\/wp-json\/wp\/v2\/media?parent=1931"}],"curies":[{"name":"wp","href":"https:\/\/api.w.org\/{rel}","templated":true}]}}