{"id":1640,"date":"2016-04-12T16:28:45","date_gmt":"2016-04-12T14:28:45","guid":{"rendered":"https:\/\/joyapartments.es\/quienes-somos\/"},"modified":"2018-02-06T13:18:46","modified_gmt":"2018-02-06T12:18:46","slug":"qui-sommes-nous","status":"publish","type":"page","link":"https:\/\/joyapartments.es\/fr\/qui-sommes-nous\/","title":{"rendered":"Qui sommes-nous?"},"content":{"rendered":"<p>Notre \u00e9quipe est comp\u00e9tente, efficace et poss\u00e8de une tr\u00e8s grande exp\u00e9rience dans les locations de vacances et touristiques dans la r\u00e9gion. Nous vous proposons un vaste choix d\u2019appartements et de villas confortables, propres et agr\u00e9ables \u00e0 des prix tr\u00e8s int\u00e9ressants. Nous sommes \u00e0 votre disposition et nous vous r\u00e9servonsnotre meilleur accueil.<\/p>\n<p>Nous serons ravis de vous proposertous les choix et les offres disponiblesafin que vous puissiez trouver ce que vous recherchez.<\/p>\n<p>Le principal objectif de Joyapartments est de toute \u00e9vidence la satisfaction des clientset de leurs besoins. Une tr\u00e8s grande exp\u00e9rience et un accueil exceptionnel sont nos deux points forts.<\/p>\n<h3 style=\"text-align: center;\"><span style=\"font-size: 1.3em;\">Confiez-nous votre location de vacances.<\/span><br \/>\nVeuillez nous contacter.<\/h3>\n<p>&nbsp;<\/p>\n<div class=\"columns\">\n<div class=\"column is-6\">\n<p>Portable<br \/>\n<strong><a class=\"telefono\" title=\"Llamar\" href=\"tel:0034619266268\">(+34) 619 26 62 68<br \/>\n<\/a><\/strong>Bureau Miami Playa:<br \/>\n<strong><a class=\"telefono\" title=\"Llamar\" href=\"tel:0034977810029\">(+34) 977 810 029<\/a><\/strong><\/p>\n<\/div>\n<\/div>\n\n<div class=\"wpcf7 no-js\" id=\"wpcf7-f886-o1\" lang=\"\" dir=\"ltr\" data-wpcf7-id=\"886\">\n<div class=\"screen-reader-response\"><p role=\"status\" aria-live=\"polite\" aria-atomic=\"true\"><\/p> <ul><\/ul><\/div>\n<form action=\"\/fr\/wp-json\/wp\/v2\/pages\/1640#wpcf7-f886-o1\" method=\"post\" class=\"wpcf7-form init\" aria-label=\"Formulaire de contact\" novalidate=\"novalidate\" data-status=\"init\">\n<div style=\"display: none;\">\n<input type=\"hidden\" name=\"_wpcf7\" value=\"886\" \/>\n<input type=\"hidden\" name=\"_wpcf7_version\" value=\"6.0.6\" \/>\n<input type=\"hidden\" name=\"_wpcf7_locale\" value=\"\" \/>\n<input type=\"hidden\" name=\"_wpcf7_unit_tag\" value=\"wpcf7-f886-o1\" \/>\n<input type=\"hidden\" name=\"_wpcf7_container_post\" value=\"0\" \/>\n<input type=\"hidden\" name=\"_wpcf7_posted_data_hash\" value=\"\" \/>\n<input type=\"hidden\" name=\"_wpcf7_recaptcha_response\" value=\"\" \/>\n<\/div>\n<p><label> Votre nom (obligatoire)<br \/>\n<span class=\"wpcf7-form-control-wrap\" data-name=\"your-name\"><input size=\"40\" maxlength=\"400\" class=\"wpcf7-form-control wpcf7-text wpcf7-validates-as-required\" aria-required=\"true\" aria-invalid=\"false\" value=\"\" type=\"text\" name=\"your-name\" \/><\/span> <\/label>\n<\/p>\n<p><label> Votre adresse de messagerie (obligatoire)<br \/>\n<span class=\"wpcf7-form-control-wrap\" data-name=\"your-email\"><input size=\"40\" maxlength=\"400\" class=\"wpcf7-form-control wpcf7-email wpcf7-validates-as-required wpcf7-text wpcf7-validates-as-email\" aria-required=\"true\" aria-invalid=\"false\" value=\"\" type=\"email\" name=\"your-email\" \/><\/span> <\/label>\n<\/p>\n<p><label> Objet<br \/>\n<span class=\"wpcf7-form-control-wrap\" data-name=\"your-subject\"><input size=\"40\" maxlength=\"400\" class=\"wpcf7-form-control wpcf7-text\" aria-invalid=\"false\" value=\"\" type=\"text\" name=\"your-subject\" \/><\/span> <\/label>\n<\/p>\n<p><label> Votre message<br \/>\n<span class=\"wpcf7-form-control-wrap\" data-name=\"your-message\"><textarea cols=\"40\" rows=\"10\" maxlength=\"2000\" class=\"wpcf7-form-control wpcf7-textarea\" aria-invalid=\"false\" name=\"your-message\"><\/textarea><\/span> <\/label><br \/>\n<small>Vos donn\u00e9es seront trait\u00e9es par <strong>JOYA INMUEBLES E INVERSIONES, S.L.U.<\/strong>, uniquement et exclusivement pour r\u00e9pondre \u00e0 votre demande d'informations et vous envoyer les informations demand\u00e9es ou en cas d'obligation l\u00e9gale. Vos donn\u00e9es ne seront en aucun cas transmises \u00e0 des tiers. La l\u00e9gitimation se fait avec le consentement de l'int\u00e9ress\u00e9. Vous pouvez r\u00e9voquer votre consentement \u00e0 tout moment, ainsi qu'exercer les droits d'acc\u00e8s, de rectification, de suppression, d'opposition, de limitation de traitement et de portabilit\u00e9, comme indiqu\u00e9 dans la <a href=\"https:\/\/joyapartments.es\/fr\/politique-de-confidentialite\/\" target=\"_blank\">Politique de confidentialit\u00e9<\/a><\/small>\n<\/p>\n<p><span class=\"wpcf7-form-control-wrap\" data-name=\"aceptacion\"><span class=\"wpcf7-form-control wpcf7-acceptance\"><span class=\"wpcf7-list-item\"><input type=\"checkbox\" name=\"aceptacion\" value=\"1\" aria-invalid=\"false\" \/><\/span><\/span><\/span> Veuillez cocher cette case pour envoyer le formulaire, indiquant ainsi que vous acceptez notre politique de confidentialit\u00e9.\n<\/p>\n<p>\n\n<\/p>\n<p><input class=\"wpcf7-form-control wpcf7-submit has-spinner\" type=\"submit\" value=\"Envoyer\" \/>\n<\/p><p style=\"display: none !important;\" class=\"akismet-fields-container\" data-prefix=\"_wpcf7_ak_\"><label>&#916;<textarea name=\"_wpcf7_ak_hp_textarea\" cols=\"45\" rows=\"8\" maxlength=\"100\"><\/textarea><\/label><input type=\"hidden\" id=\"ak_js_1\" name=\"_wpcf7_ak_js\" value=\"105\"\/><script>document.getElementById( \"ak_js_1\" ).setAttribute( \"value\", ( new Date() ).getTime() );<\/script><\/p><div class=\"wpcf7-response-output\" aria-hidden=\"true\"><\/div>\n<\/form>\n<\/div>\n\n","protected":false},"excerpt":{"rendered":"<p>Notre \u00e9quipe est comp\u00e9tente, efficace et poss\u00e8de une tr\u00e8s grande exp\u00e9rience dans les locations de vacances et touristiques dans la r\u00e9gion. Nous vous proposons un vaste choix d\u2019appartements et de villas confortables, propres et agr\u00e9ables \u00e0 des prix tr\u00e8s int\u00e9ressants. Nous sommes \u00e0 votre disposition et nous vous r\u00e9servonsnotre meilleur accueil. Nous serons ravis de [&hellip;]<\/p>\n","protected":false},"author":1,"featured_media":845,"parent":0,"menu_order":40,"comment_status":"closed","ping_status":"closed","template":"template-hero.php","meta":{"footnotes":""},"class_list":["post-1640","page","type-page","status-publish","has-post-thumbnail","hentry"],"yoast_head":"<!-- This site is optimized with the Yoast SEO plugin v25.3.1 - https:\/\/yoast.com\/wordpress\/plugins\/seo\/ -->\n<title>Qui sommes-nous? | Joya Apartments<\/title>\n<meta name=\"robots\" content=\"index, follow, max-snippet:-1, max-image-preview:large, max-video-preview:-1\" \/>\n<link rel=\"canonical\" href=\"https:\/\/joyapartments.es\/fr\/qui-sommes-nous\/\" \/>\n<meta property=\"og:locale\" content=\"fr_FR\" \/>\n<meta property=\"og:type\" content=\"article\" \/>\n<meta property=\"og:title\" content=\"Qui sommes-nous? | Joya Apartments\" \/>\n<meta property=\"og:description\" content=\"Notre \u00e9quipe est comp\u00e9tente, efficace et poss\u00e8de une tr\u00e8s grande exp\u00e9rience dans les locations de vacances et touristiques dans la r\u00e9gion. Nous vous proposons un vaste choix d\u2019appartements et de villas confortables, propres et agr\u00e9ables \u00e0 des prix tr\u00e8s int\u00e9ressants. Nous sommes \u00e0 votre disposition et nous vous r\u00e9servonsnotre meilleur accueil. Nous serons ravis de [&hellip;]\" \/>\n<meta property=\"og:url\" content=\"https:\/\/joyapartments.es\/fr\/qui-sommes-nous\/\" \/>\n<meta property=\"og:site_name\" content=\"Joya Apartments\" \/>\n<meta property=\"article:modified_time\" content=\"2018-02-06T12:18:46+00:00\" \/>\n<meta property=\"og:image\" content=\"https:\/\/joyapartments.es\/wp-content\/uploads\/fondo-pasarela-playa.jpg\" \/>\n\t<meta property=\"og:image:width\" content=\"1200\" \/>\n\t<meta property=\"og:image:height\" content=\"514\" \/>\n\t<meta property=\"og:image:type\" content=\"image\/jpeg\" \/>\n<meta name=\"twitter:card\" content=\"summary_large_image\" \/>\n<meta name=\"twitter:label1\" content=\"Dur\u00e9e de lecture estim\u00e9e\" \/>\n\t<meta name=\"twitter:data1\" content=\"1 minute\" \/>\n<script type=\"application\/ld+json\" class=\"yoast-schema-graph\">{\"@context\":\"https:\/\/schema.org\",\"@graph\":[{\"@type\":\"WebPage\",\"@id\":\"https:\/\/joyapartments.es\/fr\/qui-sommes-nous\/\",\"url\":\"https:\/\/joyapartments.es\/fr\/qui-sommes-nous\/\",\"name\":\"Qui sommes-nous? | Joya Apartments\",\"isPartOf\":{\"@id\":\"https:\/\/joyapartments.es\/#website\"},\"primaryImageOfPage\":{\"@id\":\"https:\/\/joyapartments.es\/fr\/qui-sommes-nous\/#primaryimage\"},\"image\":{\"@id\":\"https:\/\/joyapartments.es\/fr\/qui-sommes-nous\/#primaryimage\"},\"thumbnailUrl\":\"https:\/\/joyapartments.es\/wp-content\/uploads\/fondo-pasarela-playa.jpg\",\"datePublished\":\"2016-04-12T14:28:45+00:00\",\"dateModified\":\"2018-02-06T12:18:46+00:00\",\"breadcrumb\":{\"@id\":\"https:\/\/joyapartments.es\/fr\/qui-sommes-nous\/#breadcrumb\"},\"inLanguage\":\"fr-FR\",\"potentialAction\":[{\"@type\":\"ReadAction\",\"target\":[\"https:\/\/joyapartments.es\/fr\/qui-sommes-nous\/\"]}]},{\"@type\":\"ImageObject\",\"inLanguage\":\"fr-FR\",\"@id\":\"https:\/\/joyapartments.es\/fr\/qui-sommes-nous\/#primaryimage\",\"url\":\"https:\/\/joyapartments.es\/wp-content\/uploads\/fondo-pasarela-playa.jpg\",\"contentUrl\":\"https:\/\/joyapartments.es\/wp-content\/uploads\/fondo-pasarela-playa.jpg\",\"width\":1200,\"height\":514},{\"@type\":\"BreadcrumbList\",\"@id\":\"https:\/\/joyapartments.es\/fr\/qui-sommes-nous\/#breadcrumb\",\"itemListElement\":[{\"@type\":\"ListItem\",\"position\":1,\"name\":\"Portada\",\"item\":\"https:\/\/joyapartments.es\/fr\/\"},{\"@type\":\"ListItem\",\"position\":2,\"name\":\"Qui sommes-nous?\"}]},{\"@type\":\"WebSite\",\"@id\":\"https:\/\/joyapartments.es\/#website\",\"url\":\"https:\/\/joyapartments.es\/\",\"name\":\"Joya Apartments\",\"description\":\"Apartamentos en la Costa Dorada\",\"publisher\":{\"@id\":\"https:\/\/joyapartments.es\/#organization\"},\"potentialAction\":[{\"@type\":\"SearchAction\",\"target\":{\"@type\":\"EntryPoint\",\"urlTemplate\":\"https:\/\/joyapartments.es\/?s={search_term_string}\"},\"query-input\":{\"@type\":\"PropertyValueSpecification\",\"valueRequired\":true,\"valueName\":\"search_term_string\"}}],\"inLanguage\":\"fr-FR\"},{\"@type\":\"Organization\",\"@id\":\"https:\/\/joyapartments.es\/#organization\",\"name\":\"Joya Inmuebles e Inversiones S.L.U.\",\"url\":\"https:\/\/joyapartments.es\/\",\"logo\":{\"@type\":\"ImageObject\",\"inLanguage\":\"fr-FR\",\"@id\":\"https:\/\/joyapartments.es\/#\/schema\/logo\/image\/\",\"url\":\"https:\/\/joyapartments.es\/wp-content\/uploads\/joya-apartments-logo-retina.png\",\"contentUrl\":\"https:\/\/joyapartments.es\/wp-content\/uploads\/joya-apartments-logo-retina.png\",\"width\":440,\"height\":120,\"caption\":\"Joya Inmuebles e Inversiones S.L.U.\"},\"image\":{\"@id\":\"https:\/\/joyapartments.es\/#\/schema\/logo\/image\/\"}}]}<\/script>\n<!-- \/ Yoast SEO plugin. -->","yoast_head_json":{"title":"Qui sommes-nous? | Joya Apartments","robots":{"index":"index","follow":"follow","max-snippet":"max-snippet:-1","max-image-preview":"max-image-preview:large","max-video-preview":"max-video-preview:-1"},"canonical":"https:\/\/joyapartments.es\/fr\/qui-sommes-nous\/","og_locale":"fr_FR","og_type":"article","og_title":"Qui sommes-nous? | Joya Apartments","og_description":"Notre \u00e9quipe est comp\u00e9tente, efficace et poss\u00e8de une tr\u00e8s grande exp\u00e9rience dans les locations de vacances et touristiques dans la r\u00e9gion. Nous vous proposons un vaste choix d\u2019appartements et de villas confortables, propres et agr\u00e9ables \u00e0 des prix tr\u00e8s int\u00e9ressants. Nous sommes \u00e0 votre disposition et nous vous r\u00e9servonsnotre meilleur accueil. Nous serons ravis de [&hellip;]","og_url":"https:\/\/joyapartments.es\/fr\/qui-sommes-nous\/","og_site_name":"Joya Apartments","article_modified_time":"2018-02-06T12:18:46+00:00","og_image":[{"width":1200,"height":514,"url":"https:\/\/joyapartments.es\/wp-content\/uploads\/fondo-pasarela-playa.jpg","type":"image\/jpeg"}],"twitter_card":"summary_large_image","twitter_misc":{"Dur\u00e9e de lecture estim\u00e9e":"1 minute"},"schema":{"@context":"https:\/\/schema.org","@graph":[{"@type":"WebPage","@id":"https:\/\/joyapartments.es\/fr\/qui-sommes-nous\/","url":"https:\/\/joyapartments.es\/fr\/qui-sommes-nous\/","name":"Qui sommes-nous? | Joya Apartments","isPartOf":{"@id":"https:\/\/joyapartments.es\/#website"},"primaryImageOfPage":{"@id":"https:\/\/joyapartments.es\/fr\/qui-sommes-nous\/#primaryimage"},"image":{"@id":"https:\/\/joyapartments.es\/fr\/qui-sommes-nous\/#primaryimage"},"thumbnailUrl":"https:\/\/joyapartments.es\/wp-content\/uploads\/fondo-pasarela-playa.jpg","datePublished":"2016-04-12T14:28:45+00:00","dateModified":"2018-02-06T12:18:46+00:00","breadcrumb":{"@id":"https:\/\/joyapartments.es\/fr\/qui-sommes-nous\/#breadcrumb"},"inLanguage":"fr-FR","potentialAction":[{"@type":"ReadAction","target":["https:\/\/joyapartments.es\/fr\/qui-sommes-nous\/"]}]},{"@type":"ImageObject","inLanguage":"fr-FR","@id":"https:\/\/joyapartments.es\/fr\/qui-sommes-nous\/#primaryimage","url":"https:\/\/joyapartments.es\/wp-content\/uploads\/fondo-pasarela-playa.jpg","contentUrl":"https:\/\/joyapartments.es\/wp-content\/uploads\/fondo-pasarela-playa.jpg","width":1200,"height":514},{"@type":"BreadcrumbList","@id":"https:\/\/joyapartments.es\/fr\/qui-sommes-nous\/#breadcrumb","itemListElement":[{"@type":"ListItem","position":1,"name":"Portada","item":"https:\/\/joyapartments.es\/fr\/"},{"@type":"ListItem","position":2,"name":"Qui sommes-nous?"}]},{"@type":"WebSite","@id":"https:\/\/joyapartments.es\/#website","url":"https:\/\/joyapartments.es\/","name":"Joya Apartments","description":"Apartamentos en la Costa Dorada","publisher":{"@id":"https:\/\/joyapartments.es\/#organization"},"potentialAction":[{"@type":"SearchAction","target":{"@type":"EntryPoint","urlTemplate":"https:\/\/joyapartments.es\/?s={search_term_string}"},"query-input":{"@type":"PropertyValueSpecification","valueRequired":true,"valueName":"search_term_string"}}],"inLanguage":"fr-FR"},{"@type":"Organization","@id":"https:\/\/joyapartments.es\/#organization","name":"Joya Inmuebles e Inversiones S.L.U.","url":"https:\/\/joyapartments.es\/","logo":{"@type":"ImageObject","inLanguage":"fr-FR","@id":"https:\/\/joyapartments.es\/#\/schema\/logo\/image\/","url":"https:\/\/joyapartments.es\/wp-content\/uploads\/joya-apartments-logo-retina.png","contentUrl":"https:\/\/joyapartments.es\/wp-content\/uploads\/joya-apartments-logo-retina.png","width":440,"height":120,"caption":"Joya Inmuebles e Inversiones S.L.U."},"image":{"@id":"https:\/\/joyapartments.es\/#\/schema\/logo\/image\/"}}]}},"_links":{"self":[{"href":"https:\/\/joyapartments.es\/fr\/wp-json\/wp\/v2\/pages\/1640","targetHints":{"allow":["GET"]}}],"collection":[{"href":"https:\/\/joyapartments.es\/fr\/wp-json\/wp\/v2\/pages"}],"about":[{"href":"https:\/\/joyapartments.es\/fr\/wp-json\/wp\/v2\/types\/page"}],"author":[{"embeddable":true,"href":"https:\/\/joyapartments.es\/fr\/wp-json\/wp\/v2\/users\/1"}],"replies":[{"embeddable":true,"href":"https:\/\/joyapartments.es\/fr\/wp-json\/wp\/v2\/comments?post=1640"}],"version-history":[{"count":3,"href":"https:\/\/joyapartments.es\/fr\/wp-json\/wp\/v2\/pages\/1640\/revisions"}],"predecessor-version":[{"id":1874,"href":"https:\/\/joyapartments.es\/fr\/wp-json\/wp\/v2\/pages\/1640\/revisions\/1874"}],"wp:featuredmedia":[{"embeddable":true,"href":"https:\/\/joyapartments.es\/fr\/wp-json\/wp\/v2\/media\/845"}],"wp:attachment":[{"href":"https:\/\/joyapartments.es\/fr\/wp-json\/wp\/v2\/media?parent=1640"}],"curies":[{"name":"wp","href":"https:\/\/api.w.org\/{rel}","templated":true}]}}