{"id":1612,"date":"2017-12-28T18:28:20","date_gmt":"2017-12-28T17:28:20","guid":{"rendered":"https:\/\/joyapartments.es\/contactar\/"},"modified":"2018-02-06T11:59:10","modified_gmt":"2018-02-06T10:59:10","slug":"nous-contacter","status":"publish","type":"page","link":"https:\/\/joyapartments.es\/fr\/nous-contacter\/","title":{"rendered":"Nous contacter"},"content":{"rendered":"<h4>Nous sommes \u00e0 votre disposition \u00e0:<\/h4>\n<p><strong>Joyapartments<br \/>\n<\/strong>Pza. Tarragona 3, Oficina 1-4<br \/>\n43892 Miami Platja<br \/>\n<a href=\"https:\/\/www.google.es\/maps\/place\/Pla%C3%A7a+Tarragona,+3,+43892+Mont-roig+del+Camp,+Tarragona\/@41.0099338,0.9366406,17z\/data=!3m1!4b1!4m5!3m4!1s0x12a140e409bff3bb:0x497e5b8ee2648600!8m2!3d41.0099298!4d0.9388293\" target=\"_blank\" rel=\"noopener\">Comment arriver<\/a><\/p>\n<p><a href=\"mailto:miami@joyapartments.es\"><b>miami@joyapartments.es<\/b><\/a><\/p>\n<h2>Horaires d\u2019ouverture<\/h2>\n<div class=\"columns\">\n<div class=\"column is-6\">Heure d&rsquo;\u00e9t\u00e9<br \/>\n<strong>Du lundi au vendredi:<\/strong>\u00a0de 09:30 \u00e0 13:30 et de 16:00 \u00e0 20:00.<br \/>\n<strong>Samedi<\/strong>\u00a0de 08:00 \u00e0 14:00 et de 16:00 \u00e0 20:00.<br \/>\n<strong><a class=\"telefono\" title=\"Llamar\" href=\"tel:0034977810029\">(+34) 977 810 029<\/a><\/strong><\/div>\n<div class=\"column is-6\">Vous pouvez \u00e9galement nous contacter en dehors de ces horaires au<br \/>\n<a class=\"telefono\" href=\"tel:0034619266268\"><strong>(+34) 619 26 62 68<\/strong><\/a><\/div>\n<\/div>\n<h3>Veuillez remplir le formulaire suivant pour nous envoyer un message.<\/h3>\n\n<div class=\"wpcf7 no-js\" id=\"wpcf7-f886-o1\" lang=\"\" dir=\"ltr\" data-wpcf7-id=\"886\">\n<div class=\"screen-reader-response\"><p role=\"status\" aria-live=\"polite\" aria-atomic=\"true\"><\/p> <ul><\/ul><\/div>\n<form action=\"\/fr\/wp-json\/wp\/v2\/pages\/1612#wpcf7-f886-o1\" method=\"post\" class=\"wpcf7-form init\" aria-label=\"Formulaire de contact\" novalidate=\"novalidate\" data-status=\"init\">\n<div style=\"display: none;\">\n<input type=\"hidden\" name=\"_wpcf7\" value=\"886\" \/>\n<input type=\"hidden\" name=\"_wpcf7_version\" value=\"6.0.6\" \/>\n<input type=\"hidden\" name=\"_wpcf7_locale\" value=\"\" \/>\n<input type=\"hidden\" name=\"_wpcf7_unit_tag\" value=\"wpcf7-f886-o1\" \/>\n<input type=\"hidden\" name=\"_wpcf7_container_post\" value=\"0\" \/>\n<input type=\"hidden\" name=\"_wpcf7_posted_data_hash\" value=\"\" \/>\n<input type=\"hidden\" name=\"_wpcf7_recaptcha_response\" value=\"\" \/>\n<\/div>\n<p><label> Votre nom (obligatoire)<br \/>\n<span class=\"wpcf7-form-control-wrap\" data-name=\"your-name\"><input size=\"40\" maxlength=\"400\" class=\"wpcf7-form-control wpcf7-text wpcf7-validates-as-required\" aria-required=\"true\" aria-invalid=\"false\" value=\"\" type=\"text\" name=\"your-name\" \/><\/span> <\/label>\n<\/p>\n<p><label> Votre adresse de messagerie (obligatoire)<br \/>\n<span class=\"wpcf7-form-control-wrap\" data-name=\"your-email\"><input size=\"40\" maxlength=\"400\" class=\"wpcf7-form-control wpcf7-email wpcf7-validates-as-required wpcf7-text wpcf7-validates-as-email\" aria-required=\"true\" aria-invalid=\"false\" value=\"\" type=\"email\" name=\"your-email\" \/><\/span> <\/label>\n<\/p>\n<p><label> Objet<br \/>\n<span class=\"wpcf7-form-control-wrap\" data-name=\"your-subject\"><input size=\"40\" maxlength=\"400\" class=\"wpcf7-form-control wpcf7-text\" aria-invalid=\"false\" value=\"\" type=\"text\" name=\"your-subject\" \/><\/span> <\/label>\n<\/p>\n<p><label> Votre message<br \/>\n<span class=\"wpcf7-form-control-wrap\" data-name=\"your-message\"><textarea cols=\"40\" rows=\"10\" maxlength=\"2000\" class=\"wpcf7-form-control wpcf7-textarea\" aria-invalid=\"false\" name=\"your-message\"><\/textarea><\/span> <\/label><br \/>\n<small>Vos donn\u00e9es seront trait\u00e9es par <strong>JOYA INMUEBLES E INVERSIONES, S.L.U.<\/strong>, uniquement et exclusivement pour r\u00e9pondre \u00e0 votre demande d'informations et vous envoyer les informations demand\u00e9es ou en cas d'obligation l\u00e9gale. Vos donn\u00e9es ne seront en aucun cas transmises \u00e0 des tiers. La l\u00e9gitimation se fait avec le consentement de l'int\u00e9ress\u00e9. Vous pouvez r\u00e9voquer votre consentement \u00e0 tout moment, ainsi qu'exercer les droits d'acc\u00e8s, de rectification, de suppression, d'opposition, de limitation de traitement et de portabilit\u00e9, comme indiqu\u00e9 dans la <a href=\"https:\/\/joyapartments.es\/fr\/politique-de-confidentialite\/\" target=\"_blank\">Politique de confidentialit\u00e9<\/a><\/small>\n<\/p>\n<p><span class=\"wpcf7-form-control-wrap\" data-name=\"aceptacion\"><span class=\"wpcf7-form-control wpcf7-acceptance\"><span class=\"wpcf7-list-item\"><input type=\"checkbox\" name=\"aceptacion\" value=\"1\" aria-invalid=\"false\" \/><\/span><\/span><\/span> Veuillez cocher cette case pour envoyer le formulaire, indiquant ainsi que vous acceptez notre politique de confidentialit\u00e9.\n<\/p>\n<p>\n\n<\/p>\n<p><input class=\"wpcf7-form-control wpcf7-submit has-spinner\" type=\"submit\" value=\"Envoyer\" \/>\n<\/p><p style=\"display: none !important;\" class=\"akismet-fields-container\" data-prefix=\"_wpcf7_ak_\"><label>&#916;<textarea name=\"_wpcf7_ak_hp_textarea\" cols=\"45\" rows=\"8\" maxlength=\"100\"><\/textarea><\/label><input type=\"hidden\" id=\"ak_js_1\" name=\"_wpcf7_ak_js\" value=\"159\"\/><script>document.getElementById( \"ak_js_1\" ).setAttribute( \"value\", ( new Date() ).getTime() );<\/script><\/p><div class=\"wpcf7-response-output\" aria-hidden=\"true\"><\/div>\n<\/form>\n<\/div>\n\n","protected":false},"excerpt":{"rendered":"<p>Nous sommes \u00e0 votre disposition \u00e0: Joyapartments Pza. Tarragona 3, Oficina 1-4 43892 Miami Platja Comment arriver miami@joyapartments.es Horaires d\u2019ouverture Heure d&rsquo;\u00e9t\u00e9 Du lundi au vendredi:\u00a0de 09:30 \u00e0 13:30 et de 16:00 \u00e0 20:00. Samedi\u00a0de 08:00 \u00e0 14:00 et de 16:00 \u00e0 20:00. (+34) 977 810 029 Vous pouvez \u00e9galement nous contacter en dehors de [&hellip;]<\/p>\n","protected":false},"author":1,"featured_media":876,"parent":0,"menu_order":50,"comment_status":"closed","ping_status":"closed","template":"template-hero.php","meta":{"footnotes":""},"class_list":["post-1612","page","type-page","status-publish","has-post-thumbnail","hentry"],"yoast_head":"<!-- This site is optimized with the Yoast SEO plugin v25.3.1 - https:\/\/yoast.com\/wordpress\/plugins\/seo\/ -->\n<title>Nous contacter | Joya Apartments<\/title>\n<meta name=\"robots\" content=\"index, follow, max-snippet:-1, max-image-preview:large, max-video-preview:-1\" \/>\n<link rel=\"canonical\" href=\"https:\/\/joyapartments.es\/fr\/nous-contacter\/\" \/>\n<meta property=\"og:locale\" content=\"fr_FR\" \/>\n<meta property=\"og:type\" content=\"article\" \/>\n<meta property=\"og:title\" content=\"Nous contacter | Joya Apartments\" \/>\n<meta property=\"og:description\" content=\"Nous sommes \u00e0 votre disposition \u00e0: Joyapartments Pza. Tarragona 3, Oficina 1-4 43892 Miami Platja Comment arriver miami@joyapartments.es Horaires d\u2019ouverture Heure d&rsquo;\u00e9t\u00e9 Du lundi au vendredi:\u00a0de 09:30 \u00e0 13:30 et de 16:00 \u00e0 20:00. Samedi\u00a0de 08:00 \u00e0 14:00 et de 16:00 \u00e0 20:00. (+34) 977 810 029 Vous pouvez \u00e9galement nous contacter en dehors de [&hellip;]\" \/>\n<meta property=\"og:url\" content=\"https:\/\/joyapartments.es\/fr\/nous-contacter\/\" \/>\n<meta property=\"og:site_name\" content=\"Joya Apartments\" \/>\n<meta property=\"article:modified_time\" content=\"2018-02-06T10:59:10+00:00\" \/>\n<meta property=\"og:image\" content=\"https:\/\/joyapartments.es\/wp-content\/uploads\/fondo-tus-vacaciones.jpg\" \/>\n\t<meta property=\"og:image:width\" content=\"1200\" \/>\n\t<meta property=\"og:image:height\" content=\"388\" \/>\n\t<meta property=\"og:image:type\" content=\"image\/jpeg\" \/>\n<meta name=\"twitter:card\" content=\"summary_large_image\" \/>\n<script type=\"application\/ld+json\" class=\"yoast-schema-graph\">{\"@context\":\"https:\/\/schema.org\",\"@graph\":[{\"@type\":\"WebPage\",\"@id\":\"https:\/\/joyapartments.es\/fr\/nous-contacter\/\",\"url\":\"https:\/\/joyapartments.es\/fr\/nous-contacter\/\",\"name\":\"Nous contacter | Joya Apartments\",\"isPartOf\":{\"@id\":\"https:\/\/joyapartments.es\/#website\"},\"primaryImageOfPage\":{\"@id\":\"https:\/\/joyapartments.es\/fr\/nous-contacter\/#primaryimage\"},\"image\":{\"@id\":\"https:\/\/joyapartments.es\/fr\/nous-contacter\/#primaryimage\"},\"thumbnailUrl\":\"https:\/\/joyapartments.es\/wp-content\/uploads\/fondo-tus-vacaciones.jpg\",\"datePublished\":\"2017-12-28T17:28:20+00:00\",\"dateModified\":\"2018-02-06T10:59:10+00:00\",\"breadcrumb\":{\"@id\":\"https:\/\/joyapartments.es\/fr\/nous-contacter\/#breadcrumb\"},\"inLanguage\":\"fr-FR\",\"potentialAction\":[{\"@type\":\"ReadAction\",\"target\":[\"https:\/\/joyapartments.es\/fr\/nous-contacter\/\"]}]},{\"@type\":\"ImageObject\",\"inLanguage\":\"fr-FR\",\"@id\":\"https:\/\/joyapartments.es\/fr\/nous-contacter\/#primaryimage\",\"url\":\"https:\/\/joyapartments.es\/wp-content\/uploads\/fondo-tus-vacaciones.jpg\",\"contentUrl\":\"https:\/\/joyapartments.es\/wp-content\/uploads\/fondo-tus-vacaciones.jpg\",\"width\":1200,\"height\":388},{\"@type\":\"BreadcrumbList\",\"@id\":\"https:\/\/joyapartments.es\/fr\/nous-contacter\/#breadcrumb\",\"itemListElement\":[{\"@type\":\"ListItem\",\"position\":1,\"name\":\"Portada\",\"item\":\"https:\/\/joyapartments.es\/fr\/\"},{\"@type\":\"ListItem\",\"position\":2,\"name\":\"Nous contacter\"}]},{\"@type\":\"WebSite\",\"@id\":\"https:\/\/joyapartments.es\/#website\",\"url\":\"https:\/\/joyapartments.es\/\",\"name\":\"Joya Apartments\",\"description\":\"Apartamentos en la Costa Dorada\",\"publisher\":{\"@id\":\"https:\/\/joyapartments.es\/#organization\"},\"potentialAction\":[{\"@type\":\"SearchAction\",\"target\":{\"@type\":\"EntryPoint\",\"urlTemplate\":\"https:\/\/joyapartments.es\/?s={search_term_string}\"},\"query-input\":{\"@type\":\"PropertyValueSpecification\",\"valueRequired\":true,\"valueName\":\"search_term_string\"}}],\"inLanguage\":\"fr-FR\"},{\"@type\":\"Organization\",\"@id\":\"https:\/\/joyapartments.es\/#organization\",\"name\":\"Joya Inmuebles e Inversiones S.L.U.\",\"url\":\"https:\/\/joyapartments.es\/\",\"logo\":{\"@type\":\"ImageObject\",\"inLanguage\":\"fr-FR\",\"@id\":\"https:\/\/joyapartments.es\/#\/schema\/logo\/image\/\",\"url\":\"https:\/\/joyapartments.es\/wp-content\/uploads\/joya-apartments-logo-retina.png\",\"contentUrl\":\"https:\/\/joyapartments.es\/wp-content\/uploads\/joya-apartments-logo-retina.png\",\"width\":440,\"height\":120,\"caption\":\"Joya Inmuebles e Inversiones S.L.U.\"},\"image\":{\"@id\":\"https:\/\/joyapartments.es\/#\/schema\/logo\/image\/\"}}]}<\/script>\n<!-- \/ Yoast SEO plugin. -->","yoast_head_json":{"title":"Nous contacter | Joya Apartments","robots":{"index":"index","follow":"follow","max-snippet":"max-snippet:-1","max-image-preview":"max-image-preview:large","max-video-preview":"max-video-preview:-1"},"canonical":"https:\/\/joyapartments.es\/fr\/nous-contacter\/","og_locale":"fr_FR","og_type":"article","og_title":"Nous contacter | Joya Apartments","og_description":"Nous sommes \u00e0 votre disposition \u00e0: Joyapartments Pza. Tarragona 3, Oficina 1-4 43892 Miami Platja Comment arriver miami@joyapartments.es Horaires d\u2019ouverture Heure d&rsquo;\u00e9t\u00e9 Du lundi au vendredi:\u00a0de 09:30 \u00e0 13:30 et de 16:00 \u00e0 20:00. Samedi\u00a0de 08:00 \u00e0 14:00 et de 16:00 \u00e0 20:00. (+34) 977 810 029 Vous pouvez \u00e9galement nous contacter en dehors de [&hellip;]","og_url":"https:\/\/joyapartments.es\/fr\/nous-contacter\/","og_site_name":"Joya Apartments","article_modified_time":"2018-02-06T10:59:10+00:00","og_image":[{"width":1200,"height":388,"url":"https:\/\/joyapartments.es\/wp-content\/uploads\/fondo-tus-vacaciones.jpg","type":"image\/jpeg"}],"twitter_card":"summary_large_image","schema":{"@context":"https:\/\/schema.org","@graph":[{"@type":"WebPage","@id":"https:\/\/joyapartments.es\/fr\/nous-contacter\/","url":"https:\/\/joyapartments.es\/fr\/nous-contacter\/","name":"Nous contacter | Joya Apartments","isPartOf":{"@id":"https:\/\/joyapartments.es\/#website"},"primaryImageOfPage":{"@id":"https:\/\/joyapartments.es\/fr\/nous-contacter\/#primaryimage"},"image":{"@id":"https:\/\/joyapartments.es\/fr\/nous-contacter\/#primaryimage"},"thumbnailUrl":"https:\/\/joyapartments.es\/wp-content\/uploads\/fondo-tus-vacaciones.jpg","datePublished":"2017-12-28T17:28:20+00:00","dateModified":"2018-02-06T10:59:10+00:00","breadcrumb":{"@id":"https:\/\/joyapartments.es\/fr\/nous-contacter\/#breadcrumb"},"inLanguage":"fr-FR","potentialAction":[{"@type":"ReadAction","target":["https:\/\/joyapartments.es\/fr\/nous-contacter\/"]}]},{"@type":"ImageObject","inLanguage":"fr-FR","@id":"https:\/\/joyapartments.es\/fr\/nous-contacter\/#primaryimage","url":"https:\/\/joyapartments.es\/wp-content\/uploads\/fondo-tus-vacaciones.jpg","contentUrl":"https:\/\/joyapartments.es\/wp-content\/uploads\/fondo-tus-vacaciones.jpg","width":1200,"height":388},{"@type":"BreadcrumbList","@id":"https:\/\/joyapartments.es\/fr\/nous-contacter\/#breadcrumb","itemListElement":[{"@type":"ListItem","position":1,"name":"Portada","item":"https:\/\/joyapartments.es\/fr\/"},{"@type":"ListItem","position":2,"name":"Nous contacter"}]},{"@type":"WebSite","@id":"https:\/\/joyapartments.es\/#website","url":"https:\/\/joyapartments.es\/","name":"Joya Apartments","description":"Apartamentos en la Costa Dorada","publisher":{"@id":"https:\/\/joyapartments.es\/#organization"},"potentialAction":[{"@type":"SearchAction","target":{"@type":"EntryPoint","urlTemplate":"https:\/\/joyapartments.es\/?s={search_term_string}"},"query-input":{"@type":"PropertyValueSpecification","valueRequired":true,"valueName":"search_term_string"}}],"inLanguage":"fr-FR"},{"@type":"Organization","@id":"https:\/\/joyapartments.es\/#organization","name":"Joya Inmuebles e Inversiones S.L.U.","url":"https:\/\/joyapartments.es\/","logo":{"@type":"ImageObject","inLanguage":"fr-FR","@id":"https:\/\/joyapartments.es\/#\/schema\/logo\/image\/","url":"https:\/\/joyapartments.es\/wp-content\/uploads\/joya-apartments-logo-retina.png","contentUrl":"https:\/\/joyapartments.es\/wp-content\/uploads\/joya-apartments-logo-retina.png","width":440,"height":120,"caption":"Joya Inmuebles e Inversiones S.L.U."},"image":{"@id":"https:\/\/joyapartments.es\/#\/schema\/logo\/image\/"}}]}},"_links":{"self":[{"href":"https:\/\/joyapartments.es\/fr\/wp-json\/wp\/v2\/pages\/1612","targetHints":{"allow":["GET"]}}],"collection":[{"href":"https:\/\/joyapartments.es\/fr\/wp-json\/wp\/v2\/pages"}],"about":[{"href":"https:\/\/joyapartments.es\/fr\/wp-json\/wp\/v2\/types\/page"}],"author":[{"embeddable":true,"href":"https:\/\/joyapartments.es\/fr\/wp-json\/wp\/v2\/users\/1"}],"replies":[{"embeddable":true,"href":"https:\/\/joyapartments.es\/fr\/wp-json\/wp\/v2\/comments?post=1612"}],"version-history":[{"count":4,"href":"https:\/\/joyapartments.es\/fr\/wp-json\/wp\/v2\/pages\/1612\/revisions"}],"predecessor-version":[{"id":1866,"href":"https:\/\/joyapartments.es\/fr\/wp-json\/wp\/v2\/pages\/1612\/revisions\/1866"}],"wp:featuredmedia":[{"embeddable":true,"href":"https:\/\/joyapartments.es\/fr\/wp-json\/wp\/v2\/media\/876"}],"wp:attachment":[{"href":"https:\/\/joyapartments.es\/fr\/wp-json\/wp\/v2\/media?parent=1612"}],"curies":[{"name":"wp","href":"https:\/\/api.w.org\/{rel}","templated":true}]}}