{"id":1608,"date":"2017-12-29T09:33:00","date_gmt":"2017-12-29T08:33:00","guid":{"rendered":"https:\/\/joyapartments.es\/politica-de-privacidad\/"},"modified":"2020-11-27T18:34:51","modified_gmt":"2020-11-27T17:34:51","slug":"politique-de-confidentialite","status":"publish","type":"page","link":"https:\/\/joyapartments.es\/fr\/politique-de-confidentialite\/","title":{"rendered":"Politique de confidentialit\u00e9"},"content":{"rendered":"\n<p>Joya Inmuebles e Inversiones sommes une \u00e9quipe comp\u00e9tente et efficace, avec une vaste exp\u00e9rience dans le secteur de la location, des vacances et du tourisme et parmi les valeurs auxquelles nous nous identifions figure la transparence. Nous voulons donc que vous sachiez d\u00e8s le d\u00e9part que la confidentialit\u00e9 de vos donn\u00e9es est tr\u00e8s importante pour nous.<\/p>\n\n\n\n<p>Dans notre politique de confidentialit\u00e9, nous expliquons quelles sont les donn\u00e9es personnelles que nous recueillons aupr\u00e8s de nos utilisateurs et comment nous les utilisons. Cette politique peut varier en fonction des exigences l\u00e9gislatives ou d&rsquo;autor\u00e9gulation, il est donc conseill\u00e9 aux utilisateurs de la consulter p\u00e9riodiquement.<\/p>\n\n\n\n<p>Nous vous encourageons \u00e0 lire attentivement cette section avant de nous transmettre vos donn\u00e9es personnelles.<\/p>\n\n\n\n<p>Si vous avez moins de quatorze ans, nous avons besoin du consentement de vos parents ou tuteurs pour le traitement de vos donn\u00e9es personnelles.<\/p>\n\n\n\n<h2 class=\"wp-block-heading\">Principes \u00e0 appliquer \u00e0 vos informations personnelles<\/h2>\n\n\n\n<p>Dans le traitement de vos donn\u00e9es personnelles, nous avons fait un effort pour cr\u00e9er un espace s\u00fbr et fiable et c&rsquo;est pourquoi nous voulons partager nos principes concernant votre vie priv\u00e9e :<\/p>\n\n\n\n<ul class=\"wp-block-list\"><li><strong>Principe de l\u00e9galit\u00e9, de loyaut\u00e9 et de transparence&nbsp;<\/strong>Nous vous demanderons toujours votre consentement pour le traitement de vos donn\u00e9es personnelles \u00e0 une ou plusieurs fins sp\u00e9cifiques dont nous vous informerons au pr\u00e9alable en toute transparence.<\/li><li><strong>Principe de minimisation des donn\u00e9es :&nbsp;<\/strong>Nous ne demanderons que les donn\u00e9es qui sont strictement n\u00e9cessaires par rapport aux finalit\u00e9s pour lesquelles nous les demandons. Le moins possible.<\/li><li><strong>Principe de limitation de la dur\u00e9e de stockage :&nbsp;<\/strong>les donn\u00e9es sont stock\u00e9es pendant une dur\u00e9e n&rsquo;exc\u00e9dant pas celle n\u00e9cessaire au respect des exigences l\u00e9gales et aux fins du traitement. En fonction de l&rsquo;objectif vis\u00e9, nous r\u00e9viserons p\u00e9riodiquement nos listes et supprimerons les enregistrements qui sont inactifs depuis longtemps.<\/li><li><strong>Principe d&rsquo;int\u00e9grit\u00e9 et de confidentialit\u00e9 :&nbsp;<\/strong>Vos donn\u00e9es seront trait\u00e9es de mani\u00e8re \u00e0 garantir une s\u00e9curit\u00e9 ad\u00e9quate des donn\u00e9es \u00e0 caract\u00e8re personnel et la confidentialit\u00e9. Vous devez savoir que nous prenons toutes les pr\u00e9cautions n\u00e9cessaires pour emp\u00eacher l&rsquo;acc\u00e8s non autoris\u00e9 ou l&rsquo;utilisation abusive des donn\u00e9es de nos utilisateurs par des tiers. Nous n&rsquo;utiliserons jamais vos donn\u00e9es personnelles dans un but autre que celui exprim\u00e9 dans la pr\u00e9sente politique de confidentialit\u00e9.<\/li><\/ul>\n\n\n\n<h2 class=\"wp-block-heading\">Quels sont vos droits lorsque vous nous fournissez vos donn\u00e9es ?<\/h2>\n\n\n\n<p>Ce site web respecte et prend soin des donn\u00e9es personnelles de ses utilisateurs. En tant qu&rsquo;utilisateur, vous devez savoir que vos droits sont garantis.<\/p>\n\n\n\n<p>Toute personne a le droit d&rsquo;obtenir la confirmation que Joya Inmuebles e Inversiones traite ou non des donn\u00e9es \u00e0 caract\u00e8re personnel la concernant.<\/p>\n\n\n\n<p>Les personnes int\u00e9ress\u00e9es ont le droit de :<\/p>\n\n\n\n<ul class=\"wp-block-list\"><li>Demander l&rsquo;acc\u00e8s aux donn\u00e9es personnelles concernant la personne concern\u00e9e<\/li><li>Demande de correction ou de suppression<\/li><li>Demander la limitation de votre traitement<\/li><li>Opposition au traitement<\/li><li>Demande de portabilit\u00e9 des donn\u00e9es<\/li><\/ul>\n\n\n\n<p>Vous pouvez exercer vos droits \u00e0 tout moment et gratuitement en envoyant un courrier \u00e9lectronique \u00e0&nbsp;<a href=\"mailto:rgpd@rct.es\">rgpd@joyapartments.es<\/a>&nbsp;en indiquant le droit que vous souhaitez exercer et vos donn\u00e9es d&rsquo;identification.<\/p>\n\n\n\n<p>Les parties int\u00e9ress\u00e9es auront \u00e9galement le droit \u00e0 une protection judiciaire effective et pourront d\u00e9poser une plainte aupr\u00e8s de l&rsquo;autorit\u00e9 de contr\u00f4le, en l&rsquo;occurrence l&rsquo;Agence espagnole de protection des donn\u00e9es, si elles estiment que le traitement des donn\u00e9es \u00e0 caract\u00e8re personnel les concernant enfreint la l\u00e9gislation en vigueur.<\/p>\n\n\n\n<h2 class=\"wp-block-heading\">Qui est responsable du traitement de vos donn\u00e9es personnelles ?<\/h2>\n\n\n\n<ul class=\"wp-block-list\"><li><strong>Identit\u00e9 du responsable :&nbsp;<\/strong>Joya Inmuebles e Inversiones, S.L.U.<\/li><li><strong>Nom commercial :&nbsp;<\/strong>Joyapartments<\/li><li><strong>CIF :&nbsp;<\/strong>B50816982<\/li><li><strong>Adresse :&nbsp;<\/strong>&nbsp;C\/ Joaqu\u00edn Costa 4, 3\u00ba izda, CP 50001 &#8211; Zaragoza<\/li><li><strong>Courriel :&nbsp;<\/strong><a href=\"mailto:rgpd@joyapartments.es\">rgpd@joyapartments.es<\/a><\/li><li><strong>Activit\u00e9 :&nbsp;<\/strong>location de maisons et locaux<\/li><li><strong>Inscrit au Registre du commerce de Saragosse<\/strong>, au tome 2455, livre 0, section 8, folio 14, page n\u00b0 Z-25494<\/li><\/ul>\n\n\n\n<h2 class=\"wp-block-heading\">Dans quel but traitons-nous vos donn\u00e9es personnelles ?<\/h2>\n\n\n\n<p>Lorsqu&rsquo;un utilisateur navigue sur notre site web et demande des informations via un formulaire de contact, il fournit des donn\u00e9es personnelles dont Joya Inmuebles e Inversiones est responsable.<\/p>\n\n\n\n<p>Ces donn\u00e9es peuvent \u00eatre votre adresse IP, votre nom, votre adresse, votre adresse \u00e9lectronique et votre num\u00e9ro de t\u00e9l\u00e9phone. En fournissant ces informations, vous donnez votre accord pour que ces informations soient collect\u00e9es, utilis\u00e9es, g\u00e9r\u00e9es et stock\u00e9es par Joya Inmuebles e Inversiones afin de r\u00e9pondre \u00e0 votre demande, vos doutes ou vos questions directes concernant nos produits et services pr\u00e9sent\u00e9s sur le site web.&nbsp;<\/p>\n\n\n\n<p>Veuillez noter que les donn\u00e9es que vous fournissez se trouveront sur les serveurs du 1&amp;1 IONOS Espa\u00f1a S.L.U.<\/p>\n\n\n\n<p>Nous traitons vos donn\u00e9es personnelles \u00e0 d&rsquo;autres fins :<\/p>\n\n\n\n<ul class=\"wp-block-list\"><li>Pour assurer le respect des conditions d&rsquo;utilisation et du droit applicable. Cela peut inclure le d\u00e9veloppement d&rsquo;outils et d&rsquo;algorithmes pour aider ce site web \u00e0 garantir la confidentialit\u00e9 des donn\u00e9es personnelles qu&rsquo;il collecte.<\/li><li>Soutenir et am\u00e9liorer les services offerts par ce site web.<\/li><li>D&rsquo;autres donn\u00e9es non identifiables sont \u00e9galement collect\u00e9es, qui sont obtenues par le biais de certains cookies qui sont t\u00e9l\u00e9charg\u00e9s sur l&rsquo;ordinateur de l&rsquo;utilisateur lorsqu&rsquo;il navigue sur ce site web, ce que nous d\u00e9taillons dans la Politique en mati\u00e8re de cookies.<\/li><\/ul>\n\n\n\n<p>Joya Inmuebles e Inversiones ne vend pas, ne loue pas et ne transf\u00e8re pas \u00e0 des tiers des donn\u00e9es personnelles susceptibles d&rsquo;identifier l&rsquo;utilisateur, et ne le fera pas \u00e0 l&rsquo;avenir, sans consentement pr\u00e9alable.&nbsp;<\/p>\n\n\n\n<h2 class=\"wp-block-heading\">L\u00e9gitimit\u00e9 pour le traitement de vos donn\u00e9es<\/h2>\n\n\n\n<p>La base juridique du traitement de vos donn\u00e9es est le consentement.<\/p>\n\n\n\n<p>Pour contacter ou commenter ce site web, votre consentement \u00e0 cette Politique de Confidentialit\u00e9 est requis.<\/p>\n\n\n\n<p>L&rsquo;offre prospective ou commerciale de produits et services repose sur le consentement qui est demand\u00e9, sans que le retrait de ce consentement ne conditionne en aucun cas l&rsquo;ex\u00e9cution du contrat de souscription.<\/p>\n\n\n\n<h2 class=\"wp-block-heading\">Combien de temps conserverons-nous vos donn\u00e9es ?<\/h2>\n\n\n\n<p>Les donn\u00e9es personnelles fournies seront conserv\u00e9es pendant le temps n\u00e9cessaire pour atteindre la finalit\u00e9 pour laquelle elles sont collect\u00e9es et pour d\u00e9terminer les \u00e9ventuelles responsabilit\u00e9s qui pourraient d\u00e9couler de cette finalit\u00e9, conform\u00e9ment \u00e0 la l\u00e9gislation en vigueur.<\/p>\n\n\n\n<h2 class=\"wp-block-heading\">\u00c0 quels destinataires vos donn\u00e9es seront-elles communiqu\u00e9es ?<\/h2>\n\n\n\n<p>Afin de fournir les services qui sont strictement n\u00e9cessaires au d\u00e9veloppement de l&rsquo;activit\u00e9, Joya Inmuebles e Inversiones partage les donn\u00e9es avec les fournisseurs suivants dans les conditions de confidentialit\u00e9 correspondantes<\/p>\n\n\n\n<p><strong>Hosting:<\/strong>&nbsp; 1&amp;1 IONOS Espa\u00f1a S.L.U., ayant son domicile en Espagne, Avenida de la Vega, 1 Edificio Veganova 3 Planta 5 Puerta C de Alcobendas, CP 28108, Madrid, traite les donn\u00e9es dans le but de r\u00e9aliser ses services d&rsquo;h\u00e9bergement pour Joya Inmuebles e Inversiones.<\/p>\n\n\n\n<p><strong>Google Analytics :<\/strong>&nbsp;un service d&rsquo;analyse web fourni par Google, Inc., une soci\u00e9t\u00e9 de Delaware dont le si\u00e8ge est situ\u00e9 au 1600 Amphitheatre Parkway, Mountain View (Californie), CA 94043, \u00c9tats-Unis (\u201cGoogle\u201d).<\/p>\n\n\n\n<p>Google Analytics utilise des \u00ab\u00a0cookies\u00a0\u00bb, qui sont des fichiers texte plac\u00e9s sur votre ordinateur, pour aider Joya Inmuebles e Inversiones \u00e0 analyser la fa\u00e7on dont les utilisateurs interagissent avec le contenu du site, \u00e0 analyser les tendances, \u00e0 administrer le site et \u00e0 recueillir des informations d\u00e9mographiques sur l&rsquo;ensemble de notre base d&rsquo;utilisateurs. Les informations g\u00e9n\u00e9r\u00e9es par le cookie concernant votre utilisation de Joya Inmuebles e Inversiones (y compris votre adresse IP) seront directement transmises et stock\u00e9es par Google sur des serveurs situ\u00e9s aux \u00c9tats-Unis.<\/p>\n\n\n\n<ul class=\"wp-block-list\"><li>Sur ce site, Google Analytics masque l&rsquo;adresse IP des utilisateurs du site et ne stocke donc pas ces donn\u00e9es personnelles de l&rsquo;utilisateur.<\/li><li>Les donn\u00e9es non identificatrices sur les visites d&rsquo;utilisation du site web sont conserv\u00e9es pendant 26 mois.<\/li><li>Si vous voulez emp\u00eacher Google Analytics d&rsquo;utiliser vos donn\u00e9es,&nbsp;<a href=\"https:\/\/tools.google.com\/dlpage\/gaoptout\">t\u00e9l\u00e9charger&nbsp;<\/a>e module compl\u00e9mentaire pour navigateurs de Google Analytics pour le JavaScript de Google Analytics (ga.js, analytics.js et dc.js).<\/li><\/ul>\n\n\n\n<p>Le module compl\u00e9mentaire du navigateur Google Analytics est con\u00e7u pour \u00eatre compatible avec Chrome, Internet Explorer 11, Safari, Firefox et Opera. Pour que l&rsquo;add-on fonctionne, il doit pouvoir se charger et s&rsquo;ex\u00e9cuter correctement dans le navigateur. Pour Internet Explorer, les cookies tiers doivent \u00eatre activ\u00e9s. En savoir plus sur la d\u00e9sactivation des cookies et sur la mani\u00e8re d&rsquo;installer correctement le plug-in du navigateur.<\/p>\n\n\n\n<h2 class=\"wp-block-heading\">Secret et s\u00e9curit\u00e9 des donn\u00e9es<\/h2>\n\n\n\n<p>Joya Inmuebles e Inversiones s&rsquo;engage \u00e0 utiliser et \u00e0 traiter les donn\u00e9es personnelles des utilisateurs, en respectant leur confidentialit\u00e9, et \u00e0 les utiliser conform\u00e9ment \u00e0 leur finalit\u00e9, ainsi qu&rsquo;\u00e0 respecter son obligation de les stocker et d&rsquo;adapter toutes les mesures pour emp\u00eacher leur alt\u00e9ration, perte, traitement ou acc\u00e8s non autoris\u00e9, conform\u00e9ment aux dispositions de la l\u00e9gislation en vigueur en mati\u00e8re de protection des donn\u00e9es.<\/p>\n\n\n\n<p>Ce site web comprend un certificat SSL. Il s&rsquo;agit d&rsquo;un protocole de s\u00e9curit\u00e9 qui fait voyager vos donn\u00e9es de mani\u00e8re int\u00e9grale et s\u00fbre, c&rsquo;est-\u00e0-dire la transmission des donn\u00e9es entre un serveur et un utilisateur du web, et en retour, elles sont totalement crypt\u00e9es.<\/p>\n\n\n\n<p>Joya Inmuebles e Inversiones ne peut garantir insaisissabilit\u00e9 absolue du r\u00e9seau Internet et donc la violation des donn\u00e9es par un acc\u00e8s frauduleux \u00e0 ces derni\u00e8res par des tiers.<\/p>\n\n\n\n<h2 class=\"wp-block-heading\">Pr\u00e9cision et v\u00e9racit\u00e9 des donn\u00e9es<\/h2>\n\n\n\n<p>En tant qu&rsquo;utilisateur, vous \u00eates seul responsable de la v\u00e9racit\u00e9 et de l&rsquo;exactitude des donn\u00e9es que vous envoyez \u00e0 Joya Inmuebles e Inversiones.<\/p>\n\n\n\n<p>Les utilisateurs garantissent et sont responsables, dans tous les cas, de l&rsquo;exactitude, de la validit\u00e9 et de l&rsquo;authenticit\u00e9 des donn\u00e9es personnelles fournies, et s&rsquo;engagent \u00e0 les tenir d\u00fbment \u00e0 jour. L&rsquo;utilisateur s&rsquo;engage \u00e0 fournir des informations compl\u00e8tes et correctes dans le formulaire de contact ou d&rsquo;inscription.<\/p>\n\n\n\n<h2 class=\"wp-block-heading\">Acceptation et consentement<\/h2>\n\n\n\n<p>L&rsquo;utilisateur d\u00e9clare avoir \u00e9t\u00e9 inform\u00e9 des conditions relatives \u00e0 la protection des donn\u00e9es personnelles, accepter et consentir \u00e0 leur traitement par Joya Inmuebles e Inversiones de la mani\u00e8re et aux fins indiqu\u00e9es dans la Politique de Confidentialit\u00e9.<\/p>\n\n\n\n<h2 class=\"wp-block-heading\">R\u00e9vocabilit\u00e9<\/h2>\n\n\n\n<p>Le consentement donn\u00e9, tant pour le traitement que pour le transfert des donn\u00e9es des parties int\u00e9ress\u00e9es, peut \u00eatre r\u00e9voqu\u00e9 \u00e0 tout moment en le communiquant \u00e0 Joya Inmuebles e Inversiones dans les termes \u00e9tablis dans la pr\u00e9sente Politique de Confidentialit\u00e9. Cette r\u00e9vocation ne sera en aucun cas r\u00e9troactive.<\/p>\n\n\n\n<h2 class=\"wp-block-heading\">Modifications de la Politique de Confidentialit\u00e9<\/h2>\n\n\n\n<p>Joya Inmuebles e Inversiones se r\u00e9serve le droit de modifier cette politique afin de l&rsquo;adapter aux nouveaux d\u00e9veloppements l\u00e9gislatifs ou jurisprudentiels ainsi qu&rsquo;aux pratiques de l&rsquo;industrie. Dans de tels cas, les modifications sur cette page dans un d\u00e9lai raisonnable avant leur mise en \u0153uvre seront annonc\u00e9es.<\/p>\n\n\n\n<h2 class=\"wp-block-heading\">Mailings commerciaux<\/h2>\n\n\n\n<p>Conform\u00e9ment \u00e0 la LSSICE, Joya Inmuebles e Inversiones n&rsquo;effectue pas de pratiques de SPAM, et donc n&rsquo;envoie pas de mailings commerciaux par voie \u00e9lectronique qui n&rsquo;ont pas \u00e9t\u00e9 pr\u00e9alablement demand\u00e9s ou autoris\u00e9s par l&rsquo;utilisateur. Par cons\u00e9quent, dans chacun des formulaires du site, l&rsquo;utilisateur peut donner son consentement explicite pour recevoir le bulletin, ind\u00e9pendamment des informations commerciales qui ont \u00e9t\u00e9 sp\u00e9cifiquement demand\u00e9es.<\/p>\n","protected":false},"excerpt":{"rendered":"<p>Joya Inmuebles e Inversiones sommes une \u00e9quipe comp\u00e9tente et efficace, avec une vaste exp\u00e9rience dans le secteur de la location, des vacances et du tourisme et parmi les valeurs auxquelles nous nous identifions figure la transparence. Nous voulons donc que vous sachiez d\u00e8s le d\u00e9part que la confidentialit\u00e9 de vos donn\u00e9es est tr\u00e8s importante pour [&hellip;]<\/p>\n","protected":false},"author":1,"featured_media":0,"parent":0,"menu_order":99,"comment_status":"closed","ping_status":"closed","template":"","meta":{"footnotes":""},"class_list":["post-1608","page","type-page","status-publish","hentry"],"yoast_head":"<!-- This site is optimized with the Yoast SEO plugin v25.3.1 - https:\/\/yoast.com\/wordpress\/plugins\/seo\/ -->\n<title>Politique de confidentialit\u00e9 | Joya Apartments<\/title>\n<meta name=\"robots\" content=\"noindex, follow\" \/>\n<meta property=\"og:locale\" content=\"fr_FR\" \/>\n<meta property=\"og:type\" content=\"article\" \/>\n<meta property=\"og:title\" content=\"Politique de confidentialit\u00e9 | Joya Apartments\" \/>\n<meta property=\"og:description\" content=\"Joya Inmuebles e Inversiones sommes une \u00e9quipe comp\u00e9tente et efficace, avec une vaste exp\u00e9rience dans le secteur de la location, des vacances et du tourisme et parmi les valeurs auxquelles nous nous identifions figure la transparence. Nous voulons donc que vous sachiez d\u00e8s le d\u00e9part que la confidentialit\u00e9 de vos donn\u00e9es est tr\u00e8s importante pour [&hellip;]\" \/>\n<meta property=\"og:url\" content=\"https:\/\/joyapartments.es\/fr\/politique-de-confidentialite\/\" \/>\n<meta property=\"og:site_name\" content=\"Joya Apartments\" \/>\n<meta property=\"article:modified_time\" content=\"2020-11-27T17:34:51+00:00\" \/>\n<meta name=\"twitter:card\" content=\"summary_large_image\" \/>\n<meta name=\"twitter:label1\" content=\"Dur\u00e9e de lecture estim\u00e9e\" \/>\n\t<meta name=\"twitter:data1\" content=\"9 minutes\" \/>\n<script type=\"application\/ld+json\" class=\"yoast-schema-graph\">{\"@context\":\"https:\/\/schema.org\",\"@graph\":[{\"@type\":\"WebPage\",\"@id\":\"https:\/\/joyapartments.es\/fr\/politique-de-confidentialite\/\",\"url\":\"https:\/\/joyapartments.es\/fr\/politique-de-confidentialite\/\",\"name\":\"Politique de confidentialit\u00e9 | Joya Apartments\",\"isPartOf\":{\"@id\":\"https:\/\/joyapartments.es\/#website\"},\"datePublished\":\"2017-12-29T08:33:00+00:00\",\"dateModified\":\"2020-11-27T17:34:51+00:00\",\"breadcrumb\":{\"@id\":\"https:\/\/joyapartments.es\/fr\/politique-de-confidentialite\/#breadcrumb\"},\"inLanguage\":\"fr-FR\",\"potentialAction\":[{\"@type\":\"ReadAction\",\"target\":[\"https:\/\/joyapartments.es\/fr\/politique-de-confidentialite\/\"]}]},{\"@type\":\"BreadcrumbList\",\"@id\":\"https:\/\/joyapartments.es\/fr\/politique-de-confidentialite\/#breadcrumb\",\"itemListElement\":[{\"@type\":\"ListItem\",\"position\":1,\"name\":\"Portada\",\"item\":\"https:\/\/joyapartments.es\/fr\/\"},{\"@type\":\"ListItem\",\"position\":2,\"name\":\"Politique de confidentialit\u00e9\"}]},{\"@type\":\"WebSite\",\"@id\":\"https:\/\/joyapartments.es\/#website\",\"url\":\"https:\/\/joyapartments.es\/\",\"name\":\"Joya Apartments\",\"description\":\"Apartamentos en la Costa Dorada\",\"publisher\":{\"@id\":\"https:\/\/joyapartments.es\/#organization\"},\"potentialAction\":[{\"@type\":\"SearchAction\",\"target\":{\"@type\":\"EntryPoint\",\"urlTemplate\":\"https:\/\/joyapartments.es\/?s={search_term_string}\"},\"query-input\":{\"@type\":\"PropertyValueSpecification\",\"valueRequired\":true,\"valueName\":\"search_term_string\"}}],\"inLanguage\":\"fr-FR\"},{\"@type\":\"Organization\",\"@id\":\"https:\/\/joyapartments.es\/#organization\",\"name\":\"Joya Inmuebles e Inversiones S.L.U.\",\"url\":\"https:\/\/joyapartments.es\/\",\"logo\":{\"@type\":\"ImageObject\",\"inLanguage\":\"fr-FR\",\"@id\":\"https:\/\/joyapartments.es\/#\/schema\/logo\/image\/\",\"url\":\"https:\/\/joyapartments.es\/wp-content\/uploads\/joya-apartments-logo-retina.png\",\"contentUrl\":\"https:\/\/joyapartments.es\/wp-content\/uploads\/joya-apartments-logo-retina.png\",\"width\":440,\"height\":120,\"caption\":\"Joya Inmuebles e Inversiones S.L.U.\"},\"image\":{\"@id\":\"https:\/\/joyapartments.es\/#\/schema\/logo\/image\/\"}}]}<\/script>\n<!-- \/ Yoast SEO plugin. -->","yoast_head_json":{"title":"Politique de confidentialit\u00e9 | Joya Apartments","robots":{"index":"noindex","follow":"follow"},"og_locale":"fr_FR","og_type":"article","og_title":"Politique de confidentialit\u00e9 | Joya Apartments","og_description":"Joya Inmuebles e Inversiones sommes une \u00e9quipe comp\u00e9tente et efficace, avec une vaste exp\u00e9rience dans le secteur de la location, des vacances et du tourisme et parmi les valeurs auxquelles nous nous identifions figure la transparence. Nous voulons donc que vous sachiez d\u00e8s le d\u00e9part que la confidentialit\u00e9 de vos donn\u00e9es est tr\u00e8s importante pour [&hellip;]","og_url":"https:\/\/joyapartments.es\/fr\/politique-de-confidentialite\/","og_site_name":"Joya Apartments","article_modified_time":"2020-11-27T17:34:51+00:00","twitter_card":"summary_large_image","twitter_misc":{"Dur\u00e9e de lecture estim\u00e9e":"9 minutes"},"schema":{"@context":"https:\/\/schema.org","@graph":[{"@type":"WebPage","@id":"https:\/\/joyapartments.es\/fr\/politique-de-confidentialite\/","url":"https:\/\/joyapartments.es\/fr\/politique-de-confidentialite\/","name":"Politique de confidentialit\u00e9 | Joya Apartments","isPartOf":{"@id":"https:\/\/joyapartments.es\/#website"},"datePublished":"2017-12-29T08:33:00+00:00","dateModified":"2020-11-27T17:34:51+00:00","breadcrumb":{"@id":"https:\/\/joyapartments.es\/fr\/politique-de-confidentialite\/#breadcrumb"},"inLanguage":"fr-FR","potentialAction":[{"@type":"ReadAction","target":["https:\/\/joyapartments.es\/fr\/politique-de-confidentialite\/"]}]},{"@type":"BreadcrumbList","@id":"https:\/\/joyapartments.es\/fr\/politique-de-confidentialite\/#breadcrumb","itemListElement":[{"@type":"ListItem","position":1,"name":"Portada","item":"https:\/\/joyapartments.es\/fr\/"},{"@type":"ListItem","position":2,"name":"Politique de confidentialit\u00e9"}]},{"@type":"WebSite","@id":"https:\/\/joyapartments.es\/#website","url":"https:\/\/joyapartments.es\/","name":"Joya Apartments","description":"Apartamentos en la Costa Dorada","publisher":{"@id":"https:\/\/joyapartments.es\/#organization"},"potentialAction":[{"@type":"SearchAction","target":{"@type":"EntryPoint","urlTemplate":"https:\/\/joyapartments.es\/?s={search_term_string}"},"query-input":{"@type":"PropertyValueSpecification","valueRequired":true,"valueName":"search_term_string"}}],"inLanguage":"fr-FR"},{"@type":"Organization","@id":"https:\/\/joyapartments.es\/#organization","name":"Joya Inmuebles e Inversiones S.L.U.","url":"https:\/\/joyapartments.es\/","logo":{"@type":"ImageObject","inLanguage":"fr-FR","@id":"https:\/\/joyapartments.es\/#\/schema\/logo\/image\/","url":"https:\/\/joyapartments.es\/wp-content\/uploads\/joya-apartments-logo-retina.png","contentUrl":"https:\/\/joyapartments.es\/wp-content\/uploads\/joya-apartments-logo-retina.png","width":440,"height":120,"caption":"Joya Inmuebles e Inversiones S.L.U."},"image":{"@id":"https:\/\/joyapartments.es\/#\/schema\/logo\/image\/"}}]}},"_links":{"self":[{"href":"https:\/\/joyapartments.es\/fr\/wp-json\/wp\/v2\/pages\/1608","targetHints":{"allow":["GET"]}}],"collection":[{"href":"https:\/\/joyapartments.es\/fr\/wp-json\/wp\/v2\/pages"}],"about":[{"href":"https:\/\/joyapartments.es\/fr\/wp-json\/wp\/v2\/types\/page"}],"author":[{"embeddable":true,"href":"https:\/\/joyapartments.es\/fr\/wp-json\/wp\/v2\/users\/1"}],"replies":[{"embeddable":true,"href":"https:\/\/joyapartments.es\/fr\/wp-json\/wp\/v2\/comments?post=1608"}],"version-history":[{"count":4,"href":"https:\/\/joyapartments.es\/fr\/wp-json\/wp\/v2\/pages\/1608\/revisions"}],"predecessor-version":[{"id":1936,"href":"https:\/\/joyapartments.es\/fr\/wp-json\/wp\/v2\/pages\/1608\/revisions\/1936"}],"wp:attachment":[{"href":"https:\/\/joyapartments.es\/fr\/wp-json\/wp\/v2\/media?parent=1608"}],"curies":[{"name":"wp","href":"https:\/\/api.w.org\/{rel}","templated":true}]}}