{"id":1598,"date":"2017-12-29T14:04:29","date_gmt":"2017-12-29T13:04:29","guid":{"rendered":"https:\/\/joyapartments.es\/condiciones\/"},"modified":"2020-11-27T18:42:24","modified_gmt":"2020-11-27T17:42:24","slug":"condiciones","status":"publish","type":"page","link":"https:\/\/joyapartments.es\/fr\/condiciones\/","title":{"rendered":"Mentions l\u00e9gales &#8211; Conditions d\u2019utilisation"},"content":{"rendered":"\n<p>Conform\u00e9ment \u00e0 l&rsquo;art. 10 de la loi 34\/2002, du 11 juillet, sur les services de la soci\u00e9t\u00e9 de l&rsquo;information et du commerce \u00e9lectronique (LSSI+CE), nous vous informons que le propri\u00e9taire du site web www.joyapartments.es est<\/p>\n\n\n\n<figure class=\"wp-block-table is-style-regular\"><table><tbody><tr><td>D\u00e9nomination Sociale :<\/td><td>JOYA INMUEBLES E INVERSIONES, S.L.U.<\/td><\/tr><tr><td>CIF : <\/td><td>B50816982<\/td><\/tr><tr><td>Domicile: <\/td><td>C\/ Joaqu\u00edn Costa 4, 3\u00ba izda, 50001 &#8211; Zaragoza<\/td><\/tr><tr><td>T\u00e9l\u00e9phone : <\/td><td>977810029<\/td><\/tr><tr><td>E-mail: <\/td><td>miami@joyapartments.es<\/td><\/tr><tr><td>Donn\u00e9es d&rsquo;enregistrement : <\/td><td>Registre du commerce de Saragosse, au tome 2455, livre 0, section 8, folio 14, page n\u00b0 Z-25494<\/td><\/tr><\/tbody><\/table><\/figure>\n\n\n\n<h2 class=\"wp-block-heading\">Objet du portail www.joyapartments.es<\/h2>\n\n\n\n<p>Sur notre site web, nous proposons des informations pertinentes concernant notre entreprise et les produits et services que nous commercialisons.<\/p>\n\n\n\n<h2 class=\"wp-block-heading\">Vos donn\u00e9es<\/h2>\n\n\n\n<p>Les informations fournies par l&rsquo;utilisateur seront trait\u00e9es conform\u00e9ment \u00e0 la politique de confidentialit\u00e9. L&rsquo;utilisateur d\u00e9clare que toutes les informations ou donn\u00e9es fournies sont vraies et correspondent \u00e0 la r\u00e9alit\u00e9.<\/p>\n\n\n\n<h2 class=\"wp-block-heading\">Protection de la vie priv\u00e9e et des donn\u00e9es personnelles<\/h2>\n\n\n\n<p>Joya Inmuebles e Inversiones, S.L.U. respecte les lignes directrices du r\u00e8glement g\u00e9n\u00e9ral sur la protection des donn\u00e9es (r\u00e8glement (UE) 2016\/679) et d&rsquo;autres r\u00e8glements en vigueur, et garantit que les donn\u00e9es personnelles de l&rsquo;utilisateur sont utilis\u00e9es et trait\u00e9es correctement.<\/p>\n\n\n\n<p>\u00c0 cette fin, avec chaque formulaire de collecte de donn\u00e9es \u00e0 caract\u00e8re personnel, l&rsquo;utilisateur sera inform\u00e9 de l&rsquo;existence et de l&rsquo;acceptation des conditions particuli\u00e8res du traitement de ses donn\u00e9es dans chaque cas, en lui indiquant le responsable du traitement effectu\u00e9, l&rsquo;adresse du responsable, la possibilit\u00e9 d&rsquo;exercer ses droits d&rsquo;acc\u00e8s, de rectification, de suppression, d&rsquo;opposition, de limitation et de portabilit\u00e9, la finalit\u00e9 du traitement et la communication des donn\u00e9es \u00e0 des tiers le cas \u00e9ch\u00e9ant.<\/p>\n\n\n\n<p>De m\u00eame, Joya Inmuebles e Inversiones, S.L.U. cr\u00e9ateur du site web communique que celui-ci est conforme \u00e0 la loi 34\/2002 du 11 juillet, sur les services de la soci\u00e9t\u00e9 de l&rsquo;information et le commerce \u00e9lectronique et demandera \u00e0 tout moment \u00e0 l&rsquo;utilisateur de donner son consentement au traitement de son courrier \u00e9lectronique \u00e0 des fins commerciales.<\/p>\n\n\n\n<h2 class=\"wp-block-heading\">Mineurs<\/h2>\n\n\n\n<p>Le contenu du Site Web est destin\u00e9 \u00e0 un public adulte. Joya Inmuebles e Inversiones, S.L.U. ne cherche pas \u00e0 obtenir des donn\u00e9es de personnes mineures. Lorsque Joya Inmuebles e Inversiones, S.L.U. prend connaissance de l&rsquo;existence de donn\u00e9es personnelles d&rsquo;un mineur dans son fichier, elle proc\u00e8de imm\u00e9diatement \u00e0 l&rsquo;annulation des dites donn\u00e9es.<\/p>\n\n\n\n<h2 class=\"wp-block-heading\">Obligations de l\u2019utilisateur<\/h2>\n\n\n\n<p>L\u2019acc\u00e8s \u00e0&nbsp;<a href=\"http:\/\/www.cablesrct.com\/\">www.joyapartments.es<\/a>&nbsp;est de la responsabilit\u00e9 exclusive de l&rsquo;utilisateur et implique l&rsquo;acceptation et la connaissance des avertissements l\u00e9gaux, des conditions et des termes d&rsquo;utilisation.<\/p>\n\n\n\n<p>L&rsquo;utilisateur doit \u00e0 tout moment respecter les termes et conditions \u00e9tablis par le site web.<\/p>\n\n\n\n<p>L&rsquo;utilisateur utilisera le site web avec diligence et assumera toute responsabilit\u00e9 qui pourrait d\u00e9couler du non-respect des conditions d&rsquo;utilisation du site web.<\/p>\n\n\n\n<p>L&rsquo;utilisateur ne pourra pas utiliser le site web \u00e0 des fins ill\u00e9gales ou \u00e0 des effets illicites interdits par le pr\u00e9sent avis l\u00e9gal, qui portent atteinte aux droits et aux int\u00e9r\u00eats de tiers ou qui, de quelque mani\u00e8re que ce soit, peuvent endommager, d\u00e9sactiver, surcharger, d\u00e9t\u00e9riorer ou emp\u00eacher l&rsquo;utilisation normale du site web, du mat\u00e9riel informatique ou des documents, des fichiers et de tout type de contenu stock\u00e9 sur tout \u00e9quipement informatique (piratage) de la soci\u00e9t\u00e9, d&rsquo;autres utilisateurs ou de tout internaute (mat\u00e9riel et logiciel).<\/p>\n\n\n\n<h2 class=\"wp-block-heading\">Propri\u00e9t\u00e9 industrielle et intellectuelle<\/h2>\n\n\n\n<p>Joya Inmuebles e Inversiones, S.L.U. par elle-m\u00eame ou en tant que cessionnaire, est titulaire de tous les droits de propri\u00e9t\u00e9 intellectuelle et industrielle de son site web, ainsi que des \u00e9l\u00e9ments qu&rsquo;il contient (\u00e0 titre d&rsquo;exemple, images, sons, audio, vid\u00e9o, logiciels ou textes ; marques ou logos, combinaisons de couleurs, structure et conception, s\u00e9lection des mat\u00e9riaux utilis\u00e9s, programmes informatiques n\u00e9cessaires \u00e0 son fonctionnement acc\u00e8s et utilisation, etc.).<\/p>\n\n\n\n<p>En vertu des dispositions des articles 8 et 32.1, deuxi\u00e8me alin\u00e9a, de la loi sur la propri\u00e9t\u00e9 intellectuelle, il est express\u00e9ment interdit de reproduire, distribuer et communiquer publiquement, y compris de mettre \u00e0 disposition, tout ou partie du contenu de ce site web, sur tout support et par tout moyen technique, sans l&rsquo;autorisation de Joya Inmuebles e Inversiones, S.L.U.<\/p>\n\n\n\n<p>L&rsquo;utilisateur s&rsquo;engage \u00e0 respecter les droits de Propri\u00e9t\u00e9 Industrielle et Intellectuelle d\u00e9tenus par Joya Inmuebles e Inversiones, S.L.U. Il pourra visualiser les \u00e9l\u00e9ments du portail et m\u00eame les imprimer, les copier et les stocker sur le disque dur de son ordinateur ou sur tout autre support physique, pour autant que ce soit uniquement et exclusivement pour son usage personnel et priv\u00e9. L&rsquo;utilisateur s&rsquo;abstiendra de supprimer, alt\u00e9rer, \u00e9luder ou manipuler tout dispositif de protection ou syst\u00e8me de s\u00e9curit\u00e9 qui a \u00e9t\u00e9 install\u00e9 dans les pages de Joya Inmuebles e Inversiones, S.L.U.<\/p>\n\n\n\n<h2 class=\"wp-block-heading\">Dur\u00e9e de la prestation et Droit d&rsquo;exclusion<\/h2>\n\n\n\n<p>Joya Inmuebles e Inversiones, S.L.U. ne garantit pas la disponibilit\u00e9 et la continuit\u00e9 du fonctionnement du site web. Dans la mesure du possible, les interruptions de fonctionnement du site web seront signal\u00e9es au pr\u00e9alable.<\/p>\n\n\n\n<p>L&rsquo;acc\u00e8s au site web de Joya Inmuebles e Inversiones, S.L.U. a une dur\u00e9e ind\u00e9termin\u00e9e.<\/p>\n\n\n\n<p>Joya Inmuebles e Inversiones, S.L.U. se r\u00e9serve le droit de refuser ou de retirer l&rsquo;acc\u00e8s au portail et\/ou aux services offerts sans avis pr\u00e9alable, \u00e0 sa propre demande ou \u00e0 la demande d&rsquo;un tiers, aux utilisateurs qui ne respectent pas les conditions d&rsquo;utilisation du portail.<\/p>\n\n\n\n<p>Joya Inmuebles e Inversiones, S.L.U. poursuivra la violation des conditions d&rsquo;utilisation du portail, ainsi que toute utilisation abusive de son portail, en exer\u00e7ant toutes les actions civiles et p\u00e9nales qui peuvent lui correspondre selon la loi.<\/p>\n\n\n\n<h2 class=\"wp-block-heading\">Modifications et liens<\/h2>\n\n\n\n<p>Joya Inmuebles e Inversiones, S.L.U. se r\u00e9serve le droit d&rsquo;apporter toute modification qu&rsquo;elle consid\u00e8re appropri\u00e9e \u00e0 son site web sans pr\u00e9avis, et peut modifier, supprimer ou ajouter tant les contenus et services qu&rsquo;elle fournit que la mani\u00e8re dont ils sont pr\u00e9sent\u00e9s ou localis\u00e9s, ainsi que les conditions d&rsquo;utilisation d\u00e9termin\u00e9es ici.<\/p>\n\n\n\n<p>Joya Inmuebles e Inversiones, S.L.U. n&rsquo;est pas responsable de la mauvaise utilisation du contenu de son site web, qui rel\u00e8ve de la responsabilit\u00e9 exclusive de la personne qui y acc\u00e8de ou qui l&rsquo;utilise.<\/p>\n\n\n\n<p>Dans le cas o\u00f9, dans&nbsp;<a href=\"http:\/\/www.cablesrct.com\/\">www.joyapartments.es<\/a>&nbsp;des liens ou des hyperliens vers d&rsquo;autres sites Internet soient \u00e9tablis,&nbsp;Joya Inmuebles e Inversiones, S.L.U., le cr\u00e9ateur du site, n&rsquo;exercera aucun type de contr\u00f4le sur ces sites et leur contenu. En aucun cas Joya Inmuebles e Inversiones, S.L.U., cr\u00e9ateur du site Web ne sera tenu pour responsable pour le contenu de tout lien appartenant \u00e0 un autre site, ni ne garantira la disponibilit\u00e9 technique, la qualit\u00e9 et l&rsquo;exactitude de tout mat\u00e9riel ou information contenu dans les en-t\u00eates des hyperliens ou d&rsquo;autres sites Internet. De m\u00eame, l&rsquo;inclusion de ces connexions externes n&rsquo;impliquera aucun type d&rsquo;association, de fusion ou de participation avec les entit\u00e9s connect\u00e9es.<\/p>\n\n\n\n<h2 class=\"wp-block-heading\">Utilisation de cookies<\/h2>\n\n\n\n<p>Joya Inmuebles e Inversiones, S.L.U. peut utiliser des cookies pour faciliter la navigation sur son site web et pour conna\u00eetre les pr\u00e9f\u00e9rences de l&rsquo;utilisateur, ce qui permet de les identifier. Toutefois, l&rsquo;utilisateur peut configurer son ordinateur pour qu&rsquo;il accepte ou non les cookies qu&rsquo;il re\u00e7oit, conform\u00e9ment aux instructions de notre politique en mati\u00e8re de cookies.<\/p>\n\n\n\n<h2 class=\"wp-block-heading\">Droit applicable et juridiction comp\u00e9tente<\/h2>\n\n\n\n<p>Les conditions d&rsquo;utilisation du site web contenues dans le pr\u00e9sent avis l\u00e9gal, ainsi que la relation entre l&rsquo;utilisateur et Joya Inmuebles e Inversiones, S.L.U., seront r\u00e9gies et interpr\u00e9t\u00e9es conform\u00e9ment \u00e0 la l\u00e9gislation espagnole. Pour la r\u00e9solution de tout conflit qui pourrait surgir, l&rsquo;utilisateur et Joya Inmuebles e Inversiones, S.L.U. se soumettent express\u00e9ment \u00e0 la comp\u00e9tence et \u00e0 la juridiction des Cours et Tribunaux de la ville de Saragosse, en renon\u00e7ant express\u00e9ment \u00e0 toute autre juridiction qui pourrait leur correspondre.<\/p>\n","protected":false},"excerpt":{"rendered":"<p>Conform\u00e9ment \u00e0 l&rsquo;art. 10 de la loi 34\/2002, du 11 juillet, sur les services de la soci\u00e9t\u00e9 de l&rsquo;information et du commerce \u00e9lectronique (LSSI+CE), nous vous informons que le propri\u00e9taire du site web www.joyapartments.es est D\u00e9nomination Sociale : JOYA INMUEBLES E INVERSIONES, S.L.U. CIF : B50816982 Domicile: C\/ Joaqu\u00edn Costa 4, 3\u00ba izda, 50001 &#8211; [&hellip;]<\/p>\n","protected":false},"author":1,"featured_media":0,"parent":0,"menu_order":92,"comment_status":"closed","ping_status":"closed","template":"","meta":{"footnotes":""},"class_list":["post-1598","page","type-page","status-publish","hentry"],"yoast_head":"<!-- This site is optimized with the Yoast SEO plugin v25.3.1 - https:\/\/yoast.com\/wordpress\/plugins\/seo\/ -->\n<title>Mentions l\u00e9gales - Conditions d\u2019utilisation | Joya Apartments<\/title>\n<meta name=\"robots\" content=\"noindex, follow\" \/>\n<meta property=\"og:locale\" content=\"fr_FR\" \/>\n<meta property=\"og:type\" content=\"article\" \/>\n<meta property=\"og:title\" content=\"Mentions l\u00e9gales - Conditions d\u2019utilisation | Joya Apartments\" \/>\n<meta property=\"og:description\" content=\"Conform\u00e9ment \u00e0 l&rsquo;art. 10 de la loi 34\/2002, du 11 juillet, sur les services de la soci\u00e9t\u00e9 de l&rsquo;information et du commerce \u00e9lectronique (LSSI+CE), nous vous informons que le propri\u00e9taire du site web www.joyapartments.es est D\u00e9nomination Sociale : JOYA INMUEBLES E INVERSIONES, S.L.U. CIF : B50816982 Domicile: C\/ Joaqu\u00edn Costa 4, 3\u00ba izda, 50001 &#8211; [&hellip;]\" \/>\n<meta property=\"og:url\" content=\"https:\/\/joyapartments.es\/fr\/condiciones\/\" \/>\n<meta property=\"og:site_name\" content=\"Joya Apartments\" \/>\n<meta property=\"article:modified_time\" content=\"2020-11-27T17:42:24+00:00\" \/>\n<meta name=\"twitter:card\" content=\"summary_large_image\" \/>\n<meta name=\"twitter:label1\" content=\"Dur\u00e9e de lecture estim\u00e9e\" \/>\n\t<meta name=\"twitter:data1\" content=\"7 minutes\" \/>\n<script type=\"application\/ld+json\" class=\"yoast-schema-graph\">{\"@context\":\"https:\/\/schema.org\",\"@graph\":[{\"@type\":\"WebPage\",\"@id\":\"https:\/\/joyapartments.es\/fr\/condiciones\/\",\"url\":\"https:\/\/joyapartments.es\/fr\/condiciones\/\",\"name\":\"Mentions l\u00e9gales - Conditions d\u2019utilisation | Joya Apartments\",\"isPartOf\":{\"@id\":\"https:\/\/joyapartments.es\/#website\"},\"datePublished\":\"2017-12-29T13:04:29+00:00\",\"dateModified\":\"2020-11-27T17:42:24+00:00\",\"breadcrumb\":{\"@id\":\"https:\/\/joyapartments.es\/fr\/condiciones\/#breadcrumb\"},\"inLanguage\":\"fr-FR\",\"potentialAction\":[{\"@type\":\"ReadAction\",\"target\":[\"https:\/\/joyapartments.es\/fr\/condiciones\/\"]}]},{\"@type\":\"BreadcrumbList\",\"@id\":\"https:\/\/joyapartments.es\/fr\/condiciones\/#breadcrumb\",\"itemListElement\":[{\"@type\":\"ListItem\",\"position\":1,\"name\":\"Portada\",\"item\":\"https:\/\/joyapartments.es\/fr\/\"},{\"@type\":\"ListItem\",\"position\":2,\"name\":\"Mentions l\u00e9gales &#8211; Conditions d\u2019utilisation\"}]},{\"@type\":\"WebSite\",\"@id\":\"https:\/\/joyapartments.es\/#website\",\"url\":\"https:\/\/joyapartments.es\/\",\"name\":\"Joya Apartments\",\"description\":\"Apartamentos en la Costa Dorada\",\"publisher\":{\"@id\":\"https:\/\/joyapartments.es\/#organization\"},\"potentialAction\":[{\"@type\":\"SearchAction\",\"target\":{\"@type\":\"EntryPoint\",\"urlTemplate\":\"https:\/\/joyapartments.es\/?s={search_term_string}\"},\"query-input\":{\"@type\":\"PropertyValueSpecification\",\"valueRequired\":true,\"valueName\":\"search_term_string\"}}],\"inLanguage\":\"fr-FR\"},{\"@type\":\"Organization\",\"@id\":\"https:\/\/joyapartments.es\/#organization\",\"name\":\"Joya Inmuebles e Inversiones S.L.U.\",\"url\":\"https:\/\/joyapartments.es\/\",\"logo\":{\"@type\":\"ImageObject\",\"inLanguage\":\"fr-FR\",\"@id\":\"https:\/\/joyapartments.es\/#\/schema\/logo\/image\/\",\"url\":\"https:\/\/joyapartments.es\/wp-content\/uploads\/joya-apartments-logo-retina.png\",\"contentUrl\":\"https:\/\/joyapartments.es\/wp-content\/uploads\/joya-apartments-logo-retina.png\",\"width\":440,\"height\":120,\"caption\":\"Joya Inmuebles e Inversiones S.L.U.\"},\"image\":{\"@id\":\"https:\/\/joyapartments.es\/#\/schema\/logo\/image\/\"}}]}<\/script>\n<!-- \/ Yoast SEO plugin. -->","yoast_head_json":{"title":"Mentions l\u00e9gales - Conditions d\u2019utilisation | Joya Apartments","robots":{"index":"noindex","follow":"follow"},"og_locale":"fr_FR","og_type":"article","og_title":"Mentions l\u00e9gales - Conditions d\u2019utilisation | Joya Apartments","og_description":"Conform\u00e9ment \u00e0 l&rsquo;art. 10 de la loi 34\/2002, du 11 juillet, sur les services de la soci\u00e9t\u00e9 de l&rsquo;information et du commerce \u00e9lectronique (LSSI+CE), nous vous informons que le propri\u00e9taire du site web www.joyapartments.es est D\u00e9nomination Sociale : JOYA INMUEBLES E INVERSIONES, S.L.U. CIF : B50816982 Domicile: C\/ Joaqu\u00edn Costa 4, 3\u00ba izda, 50001 &#8211; [&hellip;]","og_url":"https:\/\/joyapartments.es\/fr\/condiciones\/","og_site_name":"Joya Apartments","article_modified_time":"2020-11-27T17:42:24+00:00","twitter_card":"summary_large_image","twitter_misc":{"Dur\u00e9e de lecture estim\u00e9e":"7 minutes"},"schema":{"@context":"https:\/\/schema.org","@graph":[{"@type":"WebPage","@id":"https:\/\/joyapartments.es\/fr\/condiciones\/","url":"https:\/\/joyapartments.es\/fr\/condiciones\/","name":"Mentions l\u00e9gales - Conditions d\u2019utilisation | Joya Apartments","isPartOf":{"@id":"https:\/\/joyapartments.es\/#website"},"datePublished":"2017-12-29T13:04:29+00:00","dateModified":"2020-11-27T17:42:24+00:00","breadcrumb":{"@id":"https:\/\/joyapartments.es\/fr\/condiciones\/#breadcrumb"},"inLanguage":"fr-FR","potentialAction":[{"@type":"ReadAction","target":["https:\/\/joyapartments.es\/fr\/condiciones\/"]}]},{"@type":"BreadcrumbList","@id":"https:\/\/joyapartments.es\/fr\/condiciones\/#breadcrumb","itemListElement":[{"@type":"ListItem","position":1,"name":"Portada","item":"https:\/\/joyapartments.es\/fr\/"},{"@type":"ListItem","position":2,"name":"Mentions l\u00e9gales &#8211; Conditions d\u2019utilisation"}]},{"@type":"WebSite","@id":"https:\/\/joyapartments.es\/#website","url":"https:\/\/joyapartments.es\/","name":"Joya Apartments","description":"Apartamentos en la Costa Dorada","publisher":{"@id":"https:\/\/joyapartments.es\/#organization"},"potentialAction":[{"@type":"SearchAction","target":{"@type":"EntryPoint","urlTemplate":"https:\/\/joyapartments.es\/?s={search_term_string}"},"query-input":{"@type":"PropertyValueSpecification","valueRequired":true,"valueName":"search_term_string"}}],"inLanguage":"fr-FR"},{"@type":"Organization","@id":"https:\/\/joyapartments.es\/#organization","name":"Joya Inmuebles e Inversiones S.L.U.","url":"https:\/\/joyapartments.es\/","logo":{"@type":"ImageObject","inLanguage":"fr-FR","@id":"https:\/\/joyapartments.es\/#\/schema\/logo\/image\/","url":"https:\/\/joyapartments.es\/wp-content\/uploads\/joya-apartments-logo-retina.png","contentUrl":"https:\/\/joyapartments.es\/wp-content\/uploads\/joya-apartments-logo-retina.png","width":440,"height":120,"caption":"Joya Inmuebles e Inversiones S.L.U."},"image":{"@id":"https:\/\/joyapartments.es\/#\/schema\/logo\/image\/"}}]}},"_links":{"self":[{"href":"https:\/\/joyapartments.es\/fr\/wp-json\/wp\/v2\/pages\/1598","targetHints":{"allow":["GET"]}}],"collection":[{"href":"https:\/\/joyapartments.es\/fr\/wp-json\/wp\/v2\/pages"}],"about":[{"href":"https:\/\/joyapartments.es\/fr\/wp-json\/wp\/v2\/types\/page"}],"author":[{"embeddable":true,"href":"https:\/\/joyapartments.es\/fr\/wp-json\/wp\/v2\/users\/1"}],"replies":[{"embeddable":true,"href":"https:\/\/joyapartments.es\/fr\/wp-json\/wp\/v2\/comments?post=1598"}],"version-history":[{"count":7,"href":"https:\/\/joyapartments.es\/fr\/wp-json\/wp\/v2\/pages\/1598\/revisions"}],"predecessor-version":[{"id":1938,"href":"https:\/\/joyapartments.es\/fr\/wp-json\/wp\/v2\/pages\/1598\/revisions\/1938"}],"wp:attachment":[{"href":"https:\/\/joyapartments.es\/fr\/wp-json\/wp\/v2\/media?parent=1598"}],"curies":[{"name":"wp","href":"https:\/\/api.w.org\/{rel}","templated":true}]}}