{"id":1940,"date":"2020-11-27T18:50:05","date_gmt":"2020-11-27T17:50:05","guid":{"rendered":"https:\/\/joyapartments.es\/?page_id=1940"},"modified":"2020-11-27T18:50:06","modified_gmt":"2020-11-27T17:50:06","slug":"cookie-richtlinie","status":"publish","type":"page","link":"https:\/\/joyapartments.es\/de\/cookie-richtlinie\/","title":{"rendered":"Cookie-Richtlinie"},"content":{"rendered":"\n<p>Joya Inmuebles e Inversiones, S.L.U. verwendet Cookies, um einen besseren Service und ein besseres Navigationserlebnis auf unserer Website zu erm\u00f6glichen. Im Folgenden liefern wir Ihnen die genaue Definition eines Cookies, wof\u00fcr genau wir diese verwenden, welche Arten von Cookies verwendet werden, entsprechend ihrer Herkunft, ihrer Dauer im System und dem Zweck, den sie erf\u00fcllen. Wir erkl\u00e4ren Ihnen auch, wie Sie die Cookies konfigurieren oder deaktivieren k\u00f6nnen, falls Sie dies w\u00fcnschen.<\/p>\n\n\n\n<h2 class=\"wp-block-heading\">Was ist ein Cookie?<\/h2>\n\n\n\n<p>Ein \u201eCookie\u201c ist eine kleine Datei, die auf dem Computer, Tablet, Smartphone oder einem sonstigen Endger\u00e4t des Benutzers mit Informationen \u00fcber die Navigation gespeichert wird.<\/p>\n\n\n\n<p>Die Gesamtheit der \u201eCookies\u201c all unserer Benutzer hilft uns, die Qualit\u00e4t unserer Website zu verbessern, da wir dank ihrer Hilfe kontrollieren k\u00f6nnen, welche Seiten n\u00fctzlich sind, welche nicht und welche verbesserungsw\u00fcrdig sind.<\/p>\n\n\n\n<h2 class=\"wp-block-heading\">Wof\u00fcr werden Cookies verwendet?<\/h2>\n\n\n\n<p>Cookies sind f\u00fcr den Betrieb des Internets unerl\u00e4sslich und bieten unz\u00e4hlige Vorteile bei der Bereitstellung interaktiver Dienstleistungen, erleichtern die Navigation und die Benutzerfreundlichkeit unserer Website. Cookies k\u00f6nnen Ihren Computer unter keinen Umst\u00e4nden besch\u00e4digen. Ganz im Gegenteil, ihre Aktivierung hilft uns dabei, Fehler zu erkennen und sie zu beheben.<\/p>\n\n\n\n<h2 class=\"wp-block-heading\">Welche Arten von Cookies verwenden wir?<\/h2>\n\n\n\n<h3 class=\"wp-block-heading\">Je nachdem, wer diese verwaltet<\/h3>\n\n\n\n<ul class=\"wp-block-list\"><li><strong>Eigene Cookies:&nbsp;<\/strong>Sind diejenigen, die von unseren eigenen Computern oder Dom\u00e4nen, von denen aus wir den von Ihnen angeforderten Dienst bereitstellen, an Ihren Computer gesendet werden.<\/li><li><strong>Cookies von Drittanbietern:&nbsp;<\/strong>Sind diejenigen, die von einem Computer oder einer Dom\u00e4ne aus, die nicht von uns, sondern von einem anderen mit uns zusammenarbeitenden Anbieter verwaltet werden, an Ihren Computer gesendet werden. Zum Beispiel solche, die von sozialen Netzwerken oder von externen Inhalten wie Google Maps verwendet werden.<\/li><\/ul>\n\n\n\n<h3 class=\"wp-block-heading\">Je nach Dauer, in der sie aktiviert bleiben<\/h3>\n\n\n\n<ul class=\"wp-block-list\"><li><strong>Sitzungs-Cookies:&nbsp;<\/strong>Sind tempor\u00e4re Cookies, die in der Cookie-Datei Ihres Browsers verbleiben, bis Sie die Website wieder verlassen, sodass keine dieser Cookies auf der Festplatte Ihres Computers gespeichert werden. Die durch diese Cookies erhaltenen Informationen dienen der Analyse von Web-Datenverkehrsmustern. Langfristig erm\u00f6glicht dies eine Verbesserung der Benutzerfreundlichkeit und hilft den Inhalt zu verbessern und die Nutzung zu erleichtern.<\/li><li><strong>Dauerhafte Cookies:&nbsp;<\/strong>Werden auf Ihrer Festplatte gespeichert und bei jedem erneuten Besuch von unserer Website gelesen. Eine permanente Website hat ein bestimmtes Verfallsdatum. Nach diesem Datum wird das Cookie nicht mehr funktionieren. Wir verwenden diese Cookies im Allgemeinen, um den Kauf und die Registrierungsdienste zu erleichtern.<\/li><\/ul>\n\n\n\n<h3 class=\"wp-block-heading\">Je nach dem Zweck, f\u00fcr den sie ben\u00f6tigt werden<\/h3>\n\n\n\n<ul class=\"wp-block-list\"><li><strong>Technische Cookies:&nbsp;<\/strong>Sind diejenigen, die f\u00fcr die Navigation und den korrekten Betrieb unserer Website notwendig sind. Sie erm\u00f6glichen es beispielsweise, den Datenverkehr und die Datenkommunikation zu kontrollieren, auf Teile mit eingeschr\u00e4nktem Zugriff zuzugreifen, den Kaufvorgang einer Bestellung durchzuf\u00fchren, Sicherheitselemente zu verwenden, Inhalte zu speichern, um Videos ausstrahlen zu k\u00f6nnen oder Inhalte \u00fcber soziale Netzwerke zu teilen.<\/li><li><strong>Personalisierungscookies:&nbsp;<\/strong>Sind solche, die es Ihnen erm\u00f6glichen, die Dienste unter Verwendung vordefinierten Merkmale und einer Reihe von Kriterien in Anspruch zu nehmen und auf diese zuzugreifen, wie z.B. die Sprache, die Art des Browsers und die Einstellungen entsprechend der Region, von der aus auf den Dienst zugegriffen wird, usw.<\/li><li><strong>Analysecookies:&nbsp;<\/strong>Sind diejenigen, die es uns erm\u00f6glichen, die Anzahl der Benutzer zu quantifizieren und auf diese Weise eine Messung und statistische Analyse bez\u00fcglich der Nutzung der angebotenen Dienste durch die Benutzer vorzunehmen. Zu diesem Zweck wird Ihre Navigation auf unserer Website analysiert, um das Angebot an Produkten und Dienstleistungen zu verbessern.<\/li><li><strong>Werbecookies:&nbsp;<\/strong>Sind diejenigen, die eine m\u00f6glichst effiziente Verwaltung der Werbefl\u00e4chen erm\u00f6glichen, die in unsere Website aufgenommen werden k\u00f6nnten.<\/li><li><strong>Verhaltensbedingte Werbecookies:&nbsp;<\/strong>Diese Cookies speichern Informationen \u00fcber das Benutzerverhalten, die durch kontinuierliche Beobachtung gewonnen werden. Dank ihnen erfahren wir Genaueres \u00fcber Ihre Surfgewohnheiten im Internet und sind so in der Lage Ihnen spezifische Werbung gem\u00e4\u00df Ihrem Navigationsprofil anzuzeigen.<\/li><\/ul>\n\n\n\n<h2 class=\"wp-block-heading\">Welchen Zweck verfolgen die verwendeten Cookies?<\/h2>\n\n\n\n<p>Im Folgenden liefern wir Ihnen genauere Angaben zu den auf unserer Website verwendeten Cookies und ihren spezifischen Zweck.<\/p>\n\n\n\n<figure class=\"wp-block-table\"><table><thead><tr><td><strong>Nombre<\/strong><\/td><td><strong>Proveedor<\/strong><\/td><td><strong>Finalidad<\/strong><\/td><\/tr><\/thead><tbody><tr><td>ANID<\/td><td>.google.com<\/td><td>Diese Cookies haben einen Werbezweck f\u00fcr den Google Adwords-Dienst. Sie enthalten einen eindeutigen zuf\u00e4llig generierten Wert, mit dem die Plattform Browser und Ger\u00e4te unterscheiden kann. Diese Informationen werden verwendet, um die Leistung der Werbung zu messen und Empfehlungen f\u00fcr Produkte basierend auf statistischen Daten bereitzustellen.<\/td><\/tr><tr><td>1P_JAR<\/td><td>.google.com<\/td><td>Cookie, das Daten an Google \u00fcbertr\u00e4gt, um Werbung attraktiver zu machen.<\/td><\/tr><tr><td>Ct-ultimate-gdpr-cookie<\/td><td>. joyapartments.es<\/td><td>Technisches und notwendiges Cookie, das sich daran erinnert, ob der Besucher die Info-Cookie-Leiste akzeptiert \/ geschlossen hat.<\/td><\/tr><tr><td>Ct-ultimate-gdpr-cookie-level<\/td><td>. joyapartments.es<\/td><td>Technisches und notwendiges Cookie, mit dem Sie die Cookie-Einstellungen des Benutzers kennen.<\/td><\/tr><tr><td>_ga<\/td><td>.joyapartments.es<\/td><td>Analytischer Cookie. Dieser Cookie-Name ist mit Google Universal Analytics verkn\u00fcpft, einem bedeutenden Update des am h\u00e4ufigsten verwendeten Google Analytics-Dienstes. Dieses Cookie wird verwendet, um eindeutige Benutzer zu unterscheiden, indem eine zuf\u00e4llig generierte Nummer als Kundenkennung zugewiesen wird. Es ist in jeder Seitenanforderung auf einer Site enthalten und wird zur Berechnung von Besucher-, Sitzungs- und Kampagnendaten f\u00fcr Site-Analyseberichte verwendet. Standardm\u00e4\u00dfig l\u00e4uft es nach 2 Jahren ab, obwohl Websitebesitzer es anpassen k\u00f6nnen.<\/td><\/tr><tr><td>_gid<\/td><td>.joyapartments.es<\/td><td>Dieser Cookie-Name ist mit Google Universal Analytics verkn\u00fcpft. Dies scheint ein neues Cookie zu sein. Ab Fr\u00fchjahr 2017 liegen bei Google keine Informationen vor. Es scheint einen eindeutigen Wert f\u00fcr jede besuchte Seite zu speichern und zu aktualisieren.<\/td><\/tr><tr><td>CONSENT<\/td><td>.google.com<\/td><td>Werbe-Cookie. Mit ihnen k\u00f6nnen Sie anpassen, wie Anzeigen au\u00dferhalb von Google geschaltet werden.<\/td><\/tr><tr><td>NID<\/td><td>.google.com<\/td><td>Analytischer Cookie. Es enth\u00e4lt eine eindeutige ID, mit der Google Ihre Einstellungen und andere Informationen speichert.<\/td><\/tr><\/tbody><\/table><\/figure>\n\n\n\n<h2 class=\"wp-block-heading\">Wie werden Cookies konfiguriert oder deaktiviert?<\/h2>\n\n\n\n<p>Beim ersten Zugriff auf unsere Website haben Sie die M\u00f6glichkeit die Verwendung all unserer Cookies anzunehmen oder abzulehnen, oder, sollten Sie es vorziehen, \u00fcber die Funktion \u201eEinstellungen\u201c die Cookies je nach ihrem Typ anzunehmen, mit Ausnahme der technischen Cookies, f\u00fcr deren Verwendung keine Zustimmung des Benutzers erforderlich ist. Sie k\u00f6nnen Ihre Einstellungen jederzeit \u00fcber unseren Einstellungsbereich \u00e4ndern.<\/p>\n\n\n\n<p>Dar\u00fcber hinaus k\u00f6nnen Sie auf Ihre Browsereinstellungen zugreifen, um Cookies einzuschr\u00e4nken, zu blockieren oder zu l\u00f6schen, indem Sie je nach verwendetem Browser eines der folgenden Verfahren befolgen:<\/p>\n\n\n\n<ul class=\"wp-block-list\"><li><a href=\"https:\/\/support.google.com\/chrome\/answer\/95647?hl=es\">Google Chrome<\/a><\/li><li><a href=\"https:\/\/support.mozilla.org\/es\/kb\/habilitar-y-deshabilitar-cookies-sitios-web-rastrear-preferencias?redirectlocale=es&amp;redirectslug=habilitar-y-deshabilitar-cookies-que-los-sitios-we\">Mozilla Firefox<\/a><\/li><li><a href=\"https:\/\/support.microsoft.com\/es-es\/help\/17442\/windows-internet-explorer-delete-manage-cookies\">Internet Explorer<\/a><\/li><li><a href=\"https:\/\/privacy.microsoft.com\/es-es\/windows-10-microsoft-edge-and-privacy\">Microsoft Edge<\/a><\/li><li><a href=\"https:\/\/support.apple.com\/kb\/ph21411?locale=es_ES\">Safari<\/a><\/li><li><a href=\"https:\/\/support.apple.com\/es-es\/HT201265\">Safari para IOS (iPhone y iPad)<\/a><\/li><li><a href=\"https:\/\/support.google.com\/chrome\/answer\/114662?hl=es&amp;visit_id=0-636627772319761247-2388888168&amp;rd=1\">Chrome para Android<\/a><\/li><\/ul>\n\n\n\n<h2 class=\"wp-block-heading\">Zustimmung<\/h2>\n\n\n\n<p>Joya Inmuebles e Inversiones, S.L.U. speichert unter keinen Umst\u00e4nden die personenbezogenen Daten der Benutzer, mit Ausnahme der IP-Adresse, wie oben beschrieben, es sei denn, der Benutzer m\u00f6chte sich freiwillig registrieren, um die Produkte und Dienstleistungen, die wir ihm zur Verf\u00fcgung stellen, zu erwerben oder um Informationen \u00fcber Werbeaktionen und Inhalte von seinem Interesse zu erhalten. Durch den Besuch und eine fortgesetzte Navigation auf unserer Website erkl\u00e4ren Sie sich mit der Verwendung der oben genannten Cookies unter den in dieser Cookie-Richtlinie enthaltenen Bedingungen einverstanden.<\/p>\n\n\n\n<p>Joya Inmuebles e Inversiones, S.L.U. Alle Rechte vorbehalten.<\/p>\n","protected":false},"excerpt":{"rendered":"<p>Joya Inmuebles e Inversiones, S.L.U. verwendet Cookies, um einen besseren Service und ein besseres Navigationserlebnis auf unserer Website zu erm\u00f6glichen. Im Folgenden liefern wir Ihnen die genaue Definition eines Cookies, wof\u00fcr genau wir diese verwenden, welche Arten von Cookies verwendet werden, entsprechend ihrer Herkunft, ihrer Dauer im System und dem Zweck, den sie erf\u00fcllen. Wir [&hellip;]<\/p>\n","protected":false},"author":5,"featured_media":0,"parent":0,"menu_order":0,"comment_status":"closed","ping_status":"closed","template":"","meta":{"footnotes":""},"class_list":["post-1940","page","type-page","status-publish","hentry"],"yoast_head":"<!-- This site is optimized with the Yoast SEO plugin v25.3.1 - https:\/\/yoast.com\/wordpress\/plugins\/seo\/ -->\n<title>Cookie-Richtlinie | Joya Apartments<\/title>\n<meta name=\"robots\" content=\"index, follow, max-snippet:-1, max-image-preview:large, max-video-preview:-1\" \/>\n<link rel=\"canonical\" href=\"https:\/\/joyapartments.es\/de\/cookie-richtlinie\/\" \/>\n<meta property=\"og:locale\" content=\"de_DE\" \/>\n<meta property=\"og:type\" content=\"article\" \/>\n<meta property=\"og:title\" content=\"Cookie-Richtlinie | Joya Apartments\" \/>\n<meta property=\"og:description\" content=\"Joya Inmuebles e Inversiones, S.L.U. verwendet Cookies, um einen besseren Service und ein besseres Navigationserlebnis auf unserer Website zu erm\u00f6glichen. Im Folgenden liefern wir Ihnen die genaue Definition eines Cookies, wof\u00fcr genau wir diese verwenden, welche Arten von Cookies verwendet werden, entsprechend ihrer Herkunft, ihrer Dauer im System und dem Zweck, den sie erf\u00fcllen. Wir [&hellip;]\" \/>\n<meta property=\"og:url\" content=\"https:\/\/joyapartments.es\/de\/cookie-richtlinie\/\" \/>\n<meta property=\"og:site_name\" content=\"Joya Apartments\" \/>\n<meta property=\"article:modified_time\" content=\"2020-11-27T17:50:06+00:00\" \/>\n<meta name=\"twitter:card\" content=\"summary_large_image\" \/>\n<meta name=\"twitter:label1\" content=\"Gesch\u00e4tzte Lesezeit\" \/>\n\t<meta name=\"twitter:data1\" content=\"6\u00a0Minuten\" \/>\n<script type=\"application\/ld+json\" class=\"yoast-schema-graph\">{\"@context\":\"https:\/\/schema.org\",\"@graph\":[{\"@type\":\"WebPage\",\"@id\":\"https:\/\/joyapartments.es\/de\/cookie-richtlinie\/\",\"url\":\"https:\/\/joyapartments.es\/de\/cookie-richtlinie\/\",\"name\":\"Cookie-Richtlinie | Joya Apartments\",\"isPartOf\":{\"@id\":\"https:\/\/joyapartments.es\/#website\"},\"datePublished\":\"2020-11-27T17:50:05+00:00\",\"dateModified\":\"2020-11-27T17:50:06+00:00\",\"breadcrumb\":{\"@id\":\"https:\/\/joyapartments.es\/de\/cookie-richtlinie\/#breadcrumb\"},\"inLanguage\":\"de\",\"potentialAction\":[{\"@type\":\"ReadAction\",\"target\":[\"https:\/\/joyapartments.es\/de\/cookie-richtlinie\/\"]}]},{\"@type\":\"BreadcrumbList\",\"@id\":\"https:\/\/joyapartments.es\/de\/cookie-richtlinie\/#breadcrumb\",\"itemListElement\":[{\"@type\":\"ListItem\",\"position\":1,\"name\":\"Portada\",\"item\":\"https:\/\/joyapartments.es\/de\/\"},{\"@type\":\"ListItem\",\"position\":2,\"name\":\"Cookie-Richtlinie\"}]},{\"@type\":\"WebSite\",\"@id\":\"https:\/\/joyapartments.es\/#website\",\"url\":\"https:\/\/joyapartments.es\/\",\"name\":\"Joya Apartments\",\"description\":\"Apartamentos en la Costa Dorada\",\"publisher\":{\"@id\":\"https:\/\/joyapartments.es\/#organization\"},\"potentialAction\":[{\"@type\":\"SearchAction\",\"target\":{\"@type\":\"EntryPoint\",\"urlTemplate\":\"https:\/\/joyapartments.es\/?s={search_term_string}\"},\"query-input\":{\"@type\":\"PropertyValueSpecification\",\"valueRequired\":true,\"valueName\":\"search_term_string\"}}],\"inLanguage\":\"de\"},{\"@type\":\"Organization\",\"@id\":\"https:\/\/joyapartments.es\/#organization\",\"name\":\"Joya Inmuebles e Inversiones S.L.U.\",\"url\":\"https:\/\/joyapartments.es\/\",\"logo\":{\"@type\":\"ImageObject\",\"inLanguage\":\"de\",\"@id\":\"https:\/\/joyapartments.es\/#\/schema\/logo\/image\/\",\"url\":\"https:\/\/joyapartments.es\/wp-content\/uploads\/joya-apartments-logo-retina.png\",\"contentUrl\":\"https:\/\/joyapartments.es\/wp-content\/uploads\/joya-apartments-logo-retina.png\",\"width\":440,\"height\":120,\"caption\":\"Joya Inmuebles e Inversiones S.L.U.\"},\"image\":{\"@id\":\"https:\/\/joyapartments.es\/#\/schema\/logo\/image\/\"}}]}<\/script>\n<!-- \/ Yoast SEO plugin. -->","yoast_head_json":{"title":"Cookie-Richtlinie | Joya Apartments","robots":{"index":"index","follow":"follow","max-snippet":"max-snippet:-1","max-image-preview":"max-image-preview:large","max-video-preview":"max-video-preview:-1"},"canonical":"https:\/\/joyapartments.es\/de\/cookie-richtlinie\/","og_locale":"de_DE","og_type":"article","og_title":"Cookie-Richtlinie | Joya Apartments","og_description":"Joya Inmuebles e Inversiones, S.L.U. verwendet Cookies, um einen besseren Service und ein besseres Navigationserlebnis auf unserer Website zu erm\u00f6glichen. Im Folgenden liefern wir Ihnen die genaue Definition eines Cookies, wof\u00fcr genau wir diese verwenden, welche Arten von Cookies verwendet werden, entsprechend ihrer Herkunft, ihrer Dauer im System und dem Zweck, den sie erf\u00fcllen. Wir [&hellip;]","og_url":"https:\/\/joyapartments.es\/de\/cookie-richtlinie\/","og_site_name":"Joya Apartments","article_modified_time":"2020-11-27T17:50:06+00:00","twitter_card":"summary_large_image","twitter_misc":{"Gesch\u00e4tzte Lesezeit":"6\u00a0Minuten"},"schema":{"@context":"https:\/\/schema.org","@graph":[{"@type":"WebPage","@id":"https:\/\/joyapartments.es\/de\/cookie-richtlinie\/","url":"https:\/\/joyapartments.es\/de\/cookie-richtlinie\/","name":"Cookie-Richtlinie | Joya Apartments","isPartOf":{"@id":"https:\/\/joyapartments.es\/#website"},"datePublished":"2020-11-27T17:50:05+00:00","dateModified":"2020-11-27T17:50:06+00:00","breadcrumb":{"@id":"https:\/\/joyapartments.es\/de\/cookie-richtlinie\/#breadcrumb"},"inLanguage":"de","potentialAction":[{"@type":"ReadAction","target":["https:\/\/joyapartments.es\/de\/cookie-richtlinie\/"]}]},{"@type":"BreadcrumbList","@id":"https:\/\/joyapartments.es\/de\/cookie-richtlinie\/#breadcrumb","itemListElement":[{"@type":"ListItem","position":1,"name":"Portada","item":"https:\/\/joyapartments.es\/de\/"},{"@type":"ListItem","position":2,"name":"Cookie-Richtlinie"}]},{"@type":"WebSite","@id":"https:\/\/joyapartments.es\/#website","url":"https:\/\/joyapartments.es\/","name":"Joya Apartments","description":"Apartamentos en la Costa Dorada","publisher":{"@id":"https:\/\/joyapartments.es\/#organization"},"potentialAction":[{"@type":"SearchAction","target":{"@type":"EntryPoint","urlTemplate":"https:\/\/joyapartments.es\/?s={search_term_string}"},"query-input":{"@type":"PropertyValueSpecification","valueRequired":true,"valueName":"search_term_string"}}],"inLanguage":"de"},{"@type":"Organization","@id":"https:\/\/joyapartments.es\/#organization","name":"Joya Inmuebles e Inversiones S.L.U.","url":"https:\/\/joyapartments.es\/","logo":{"@type":"ImageObject","inLanguage":"de","@id":"https:\/\/joyapartments.es\/#\/schema\/logo\/image\/","url":"https:\/\/joyapartments.es\/wp-content\/uploads\/joya-apartments-logo-retina.png","contentUrl":"https:\/\/joyapartments.es\/wp-content\/uploads\/joya-apartments-logo-retina.png","width":440,"height":120,"caption":"Joya Inmuebles e Inversiones S.L.U."},"image":{"@id":"https:\/\/joyapartments.es\/#\/schema\/logo\/image\/"}}]}},"_links":{"self":[{"href":"https:\/\/joyapartments.es\/de\/wp-json\/wp\/v2\/pages\/1940","targetHints":{"allow":["GET"]}}],"collection":[{"href":"https:\/\/joyapartments.es\/de\/wp-json\/wp\/v2\/pages"}],"about":[{"href":"https:\/\/joyapartments.es\/de\/wp-json\/wp\/v2\/types\/page"}],"author":[{"embeddable":true,"href":"https:\/\/joyapartments.es\/de\/wp-json\/wp\/v2\/users\/5"}],"replies":[{"embeddable":true,"href":"https:\/\/joyapartments.es\/de\/wp-json\/wp\/v2\/comments?post=1940"}],"version-history":[{"count":1,"href":"https:\/\/joyapartments.es\/de\/wp-json\/wp\/v2\/pages\/1940\/revisions"}],"predecessor-version":[{"id":1943,"href":"https:\/\/joyapartments.es\/de\/wp-json\/wp\/v2\/pages\/1940\/revisions\/1943"}],"wp:attachment":[{"href":"https:\/\/joyapartments.es\/de\/wp-json\/wp\/v2\/media?parent=1940"}],"curies":[{"name":"wp","href":"https:\/\/api.w.org\/{rel}","templated":true}]}}