{"id":1641,"date":"2016-04-12T16:28:45","date_gmt":"2016-04-12T14:28:45","guid":{"rendered":"https:\/\/joyapartments.es\/quienes-somos\/"},"modified":"2018-02-06T10:11:42","modified_gmt":"2018-02-06T09:11:42","slug":"ueber-uns","status":"publish","type":"page","link":"https:\/\/joyapartments.es\/de\/ueber-uns\/","title":{"rendered":"\u00dcber Uns"},"content":{"rendered":"<p>Wir sind ein kompetentes, effizientes Team mit einer umfangreichen Erfahrung auf dem Sektor Ferienvermietung in unserer Region. Wir bieten Ihnen eine gro\u00dfe Auswahl an komfortablen, sauberen und gem\u00fctlichen Apartments und Villen zu sehr g\u00fcnstigen Preisen. Unser professionelles Team hilft Ihnen gerne weiter.<\/p>\n<p>Wir zeigen Ihnen gerne alle M\u00f6glichkeiten und Bewertungen und sind davon \u00fcberzeugt, dass Sie bei uns das finden, was Sie suchen.<\/p>\n<p>Oberste Priorit\u00e4t haben f\u00fcr Joyapartments unsere Kunden und ihre Bed\u00fcrfnisse. Unsere St\u00e4rken sind unsere umfangreiche Erfahrung und unser au\u00dferordentlicher Kundenservice.<\/p>\n<h3 style=\"text-align: center;\"><span style=\"font-size: 1.3em;\">Vertrauen Sie uns Ihre Ferienvermietung an.<\/span><br \/>\nSetzen Sie sich mit uns in Verbindung.<\/h3>\n<div class=\"columns\">\n<div class=\"column is-6\">Mobiltelefon:<br \/>\n<strong><a class=\"telefono\" title=\"Llamar\" href=\"tel:0034619266268\">(+34) 619 26 62 68<\/a> <\/strong><\/div>\n<div class=\"column is-6\">B\u00fcro Miami Playa:<br \/>\n<strong><a class=\"telefono\" title=\"Llamar\" href=\"tel:0034977810029\">(+34) 977 810 029<\/a><\/strong><\/div>\n<\/div>\n\n<div class=\"wpcf7 no-js\" id=\"wpcf7-f1592-o1\" lang=\"\" dir=\"ltr\" data-wpcf7-id=\"1592\">\n<div class=\"screen-reader-response\"><p role=\"status\" aria-live=\"polite\" aria-atomic=\"true\"><\/p> <ul><\/ul><\/div>\n<form action=\"\/de\/wp-json\/wp\/v2\/pages\/1641#wpcf7-f1592-o1\" method=\"post\" class=\"wpcf7-form init\" aria-label=\"Kontaktformular\" novalidate=\"novalidate\" data-status=\"init\">\n<div style=\"display: none;\">\n<input type=\"hidden\" name=\"_wpcf7\" value=\"1592\" \/>\n<input type=\"hidden\" name=\"_wpcf7_version\" value=\"6.0.6\" \/>\n<input type=\"hidden\" name=\"_wpcf7_locale\" value=\"\" \/>\n<input type=\"hidden\" name=\"_wpcf7_unit_tag\" value=\"wpcf7-f1592-o1\" \/>\n<input type=\"hidden\" name=\"_wpcf7_container_post\" value=\"0\" \/>\n<input type=\"hidden\" name=\"_wpcf7_posted_data_hash\" value=\"\" \/>\n<input type=\"hidden\" name=\"_wpcf7_recaptcha_response\" value=\"\" \/>\n<\/div>\n<p><label> Name (erforderlich)<br \/>\n<span class=\"wpcf7-form-control-wrap\" data-name=\"your-name\"><input size=\"40\" maxlength=\"400\" class=\"wpcf7-form-control wpcf7-text wpcf7-validates-as-required\" aria-required=\"true\" aria-invalid=\"false\" value=\"\" type=\"text\" name=\"your-name\" \/><\/span> <\/label>\n<\/p>\n<p><label> Email (erforderlich)<br \/>\n<span class=\"wpcf7-form-control-wrap\" data-name=\"your-email\"><input size=\"40\" maxlength=\"400\" class=\"wpcf7-form-control wpcf7-email wpcf7-validates-as-required wpcf7-text wpcf7-validates-as-email\" aria-required=\"true\" aria-invalid=\"false\" value=\"\" type=\"email\" name=\"your-email\" \/><\/span> <\/label>\n<\/p>\n<p><label> Betreff<br \/>\n<span class=\"wpcf7-form-control-wrap\" data-name=\"your-subject\"><input size=\"40\" maxlength=\"400\" class=\"wpcf7-form-control wpcf7-text\" aria-invalid=\"false\" value=\"\" type=\"text\" name=\"your-subject\" \/><\/span> <\/label>\n<\/p>\n<p><label> Nachricht<br \/>\n<span class=\"wpcf7-form-control-wrap\" data-name=\"your-message\"><textarea cols=\"40\" rows=\"10\" maxlength=\"2000\" class=\"wpcf7-form-control wpcf7-textarea\" aria-invalid=\"false\" name=\"your-message\"><\/textarea><\/span> <\/label>\n<\/p>\n<p><span class=\"wpcf7-form-control-wrap\" data-name=\"aceptacion\"><span class=\"wpcf7-form-control wpcf7-acceptance\"><span class=\"wpcf7-list-item\"><input type=\"checkbox\" name=\"aceptacion\" value=\"1\" aria-invalid=\"false\" \/><\/span><\/span><\/span> Markieren Sie dieses K\u00e4stchen, um das Formular absenden zu k\u00f6nnen; damit best\u00e4tigen Sie, dass Sie unsere <a href=\"https:\/\/joyapartments.es\/de\/datenschutzrichtlinie\/\" target=\"_blank\">Datenschutzrichtlinien<\/a> akzeptieren.\n<\/p>\n<p>\n\n<\/p>\n<p><input class=\"wpcf7-form-control wpcf7-submit has-spinner\" type=\"submit\" value=\"Senden\" \/>\n<\/p><p style=\"display: none !important;\" class=\"akismet-fields-container\" data-prefix=\"_wpcf7_ak_\"><label>&#916;<textarea name=\"_wpcf7_ak_hp_textarea\" cols=\"45\" rows=\"8\" maxlength=\"100\"><\/textarea><\/label><input type=\"hidden\" id=\"ak_js_1\" name=\"_wpcf7_ak_js\" value=\"187\"\/><script>document.getElementById( \"ak_js_1\" ).setAttribute( \"value\", ( new Date() ).getTime() );<\/script><\/p><div class=\"wpcf7-response-output\" aria-hidden=\"true\"><\/div>\n<\/form>\n<\/div>\n\n<h3><\/h3>\n","protected":false},"excerpt":{"rendered":"<p>Wir sind ein kompetentes, effizientes Team mit einer umfangreichen Erfahrung auf dem Sektor Ferienvermietung in unserer Region. Wir bieten Ihnen eine gro\u00dfe Auswahl an komfortablen, sauberen und gem\u00fctlichen Apartments und Villen zu sehr g\u00fcnstigen Preisen. Unser professionelles Team hilft Ihnen gerne weiter. Wir zeigen Ihnen gerne alle M\u00f6glichkeiten und Bewertungen und sind davon \u00fcberzeugt, dass [&hellip;]<\/p>\n","protected":false},"author":1,"featured_media":1642,"parent":0,"menu_order":40,"comment_status":"closed","ping_status":"closed","template":"template-hero.php","meta":{"footnotes":""},"class_list":["post-1641","page","type-page","status-publish","has-post-thumbnail","hentry"],"yoast_head":"<!-- This site is optimized with the Yoast SEO plugin v25.3.1 - https:\/\/yoast.com\/wordpress\/plugins\/seo\/ -->\n<title>\u00dcber Uns | Joya Apartments<\/title>\n<meta name=\"robots\" content=\"index, follow, max-snippet:-1, max-image-preview:large, max-video-preview:-1\" \/>\n<link rel=\"canonical\" href=\"https:\/\/joyapartments.es\/de\/ueber-uns\/\" \/>\n<meta property=\"og:locale\" content=\"de_DE\" \/>\n<meta property=\"og:type\" content=\"article\" \/>\n<meta property=\"og:title\" content=\"\u00dcber Uns | Joya Apartments\" \/>\n<meta property=\"og:description\" content=\"Wir sind ein kompetentes, effizientes Team mit einer umfangreichen Erfahrung auf dem Sektor Ferienvermietung in unserer Region. Wir bieten Ihnen eine gro\u00dfe Auswahl an komfortablen, sauberen und gem\u00fctlichen Apartments und Villen zu sehr g\u00fcnstigen Preisen. Unser professionelles Team hilft Ihnen gerne weiter. Wir zeigen Ihnen gerne alle M\u00f6glichkeiten und Bewertungen und sind davon \u00fcberzeugt, dass [&hellip;]\" \/>\n<meta property=\"og:url\" content=\"https:\/\/joyapartments.es\/de\/ueber-uns\/\" \/>\n<meta property=\"og:site_name\" content=\"Joya Apartments\" \/>\n<meta property=\"article:modified_time\" content=\"2018-02-06T09:11:42+00:00\" \/>\n<meta property=\"og:image\" content=\"https:\/\/joyapartments.es\/wp-content\/uploads\/fondo-pasarela-playa.jpg\" \/>\n\t<meta property=\"og:image:width\" content=\"1200\" \/>\n\t<meta property=\"og:image:height\" content=\"514\" \/>\n\t<meta property=\"og:image:type\" content=\"image\/jpeg\" \/>\n<meta name=\"twitter:card\" content=\"summary_large_image\" \/>\n<meta name=\"twitter:label1\" content=\"Gesch\u00e4tzte Lesezeit\" \/>\n\t<meta name=\"twitter:data1\" content=\"1\u00a0Minute\" \/>\n<script type=\"application\/ld+json\" class=\"yoast-schema-graph\">{\"@context\":\"https:\/\/schema.org\",\"@graph\":[{\"@type\":\"WebPage\",\"@id\":\"https:\/\/joyapartments.es\/de\/ueber-uns\/\",\"url\":\"https:\/\/joyapartments.es\/de\/ueber-uns\/\",\"name\":\"\u00dcber Uns | Joya Apartments\",\"isPartOf\":{\"@id\":\"https:\/\/joyapartments.es\/#website\"},\"primaryImageOfPage\":{\"@id\":\"https:\/\/joyapartments.es\/de\/ueber-uns\/#primaryimage\"},\"image\":{\"@id\":\"https:\/\/joyapartments.es\/de\/ueber-uns\/#primaryimage\"},\"thumbnailUrl\":\"https:\/\/joyapartments.es\/wp-content\/uploads\/fondo-pasarela-playa.jpg\",\"datePublished\":\"2016-04-12T14:28:45+00:00\",\"dateModified\":\"2018-02-06T09:11:42+00:00\",\"breadcrumb\":{\"@id\":\"https:\/\/joyapartments.es\/de\/ueber-uns\/#breadcrumb\"},\"inLanguage\":\"de\",\"potentialAction\":[{\"@type\":\"ReadAction\",\"target\":[\"https:\/\/joyapartments.es\/de\/ueber-uns\/\"]}]},{\"@type\":\"ImageObject\",\"inLanguage\":\"de\",\"@id\":\"https:\/\/joyapartments.es\/de\/ueber-uns\/#primaryimage\",\"url\":\"https:\/\/joyapartments.es\/wp-content\/uploads\/fondo-pasarela-playa.jpg\",\"contentUrl\":\"https:\/\/joyapartments.es\/wp-content\/uploads\/fondo-pasarela-playa.jpg\",\"width\":1200,\"height\":514},{\"@type\":\"BreadcrumbList\",\"@id\":\"https:\/\/joyapartments.es\/de\/ueber-uns\/#breadcrumb\",\"itemListElement\":[{\"@type\":\"ListItem\",\"position\":1,\"name\":\"Portada\",\"item\":\"https:\/\/joyapartments.es\/de\/\"},{\"@type\":\"ListItem\",\"position\":2,\"name\":\"\u00dcber Uns\"}]},{\"@type\":\"WebSite\",\"@id\":\"https:\/\/joyapartments.es\/#website\",\"url\":\"https:\/\/joyapartments.es\/\",\"name\":\"Joya Apartments\",\"description\":\"Apartamentos en la Costa Dorada\",\"publisher\":{\"@id\":\"https:\/\/joyapartments.es\/#organization\"},\"potentialAction\":[{\"@type\":\"SearchAction\",\"target\":{\"@type\":\"EntryPoint\",\"urlTemplate\":\"https:\/\/joyapartments.es\/?s={search_term_string}\"},\"query-input\":{\"@type\":\"PropertyValueSpecification\",\"valueRequired\":true,\"valueName\":\"search_term_string\"}}],\"inLanguage\":\"de\"},{\"@type\":\"Organization\",\"@id\":\"https:\/\/joyapartments.es\/#organization\",\"name\":\"Joya Inmuebles e Inversiones S.L.U.\",\"url\":\"https:\/\/joyapartments.es\/\",\"logo\":{\"@type\":\"ImageObject\",\"inLanguage\":\"de\",\"@id\":\"https:\/\/joyapartments.es\/#\/schema\/logo\/image\/\",\"url\":\"https:\/\/joyapartments.es\/wp-content\/uploads\/joya-apartments-logo-retina.png\",\"contentUrl\":\"https:\/\/joyapartments.es\/wp-content\/uploads\/joya-apartments-logo-retina.png\",\"width\":440,\"height\":120,\"caption\":\"Joya Inmuebles e Inversiones S.L.U.\"},\"image\":{\"@id\":\"https:\/\/joyapartments.es\/#\/schema\/logo\/image\/\"}}]}<\/script>\n<!-- \/ Yoast SEO plugin. -->","yoast_head_json":{"title":"\u00dcber Uns | Joya Apartments","robots":{"index":"index","follow":"follow","max-snippet":"max-snippet:-1","max-image-preview":"max-image-preview:large","max-video-preview":"max-video-preview:-1"},"canonical":"https:\/\/joyapartments.es\/de\/ueber-uns\/","og_locale":"de_DE","og_type":"article","og_title":"\u00dcber Uns | Joya Apartments","og_description":"Wir sind ein kompetentes, effizientes Team mit einer umfangreichen Erfahrung auf dem Sektor Ferienvermietung in unserer Region. Wir bieten Ihnen eine gro\u00dfe Auswahl an komfortablen, sauberen und gem\u00fctlichen Apartments und Villen zu sehr g\u00fcnstigen Preisen. Unser professionelles Team hilft Ihnen gerne weiter. Wir zeigen Ihnen gerne alle M\u00f6glichkeiten und Bewertungen und sind davon \u00fcberzeugt, dass [&hellip;]","og_url":"https:\/\/joyapartments.es\/de\/ueber-uns\/","og_site_name":"Joya Apartments","article_modified_time":"2018-02-06T09:11:42+00:00","og_image":[{"width":1200,"height":514,"url":"https:\/\/joyapartments.es\/wp-content\/uploads\/fondo-pasarela-playa.jpg","type":"image\/jpeg"}],"twitter_card":"summary_large_image","twitter_misc":{"Gesch\u00e4tzte Lesezeit":"1\u00a0Minute"},"schema":{"@context":"https:\/\/schema.org","@graph":[{"@type":"WebPage","@id":"https:\/\/joyapartments.es\/de\/ueber-uns\/","url":"https:\/\/joyapartments.es\/de\/ueber-uns\/","name":"\u00dcber Uns | Joya Apartments","isPartOf":{"@id":"https:\/\/joyapartments.es\/#website"},"primaryImageOfPage":{"@id":"https:\/\/joyapartments.es\/de\/ueber-uns\/#primaryimage"},"image":{"@id":"https:\/\/joyapartments.es\/de\/ueber-uns\/#primaryimage"},"thumbnailUrl":"https:\/\/joyapartments.es\/wp-content\/uploads\/fondo-pasarela-playa.jpg","datePublished":"2016-04-12T14:28:45+00:00","dateModified":"2018-02-06T09:11:42+00:00","breadcrumb":{"@id":"https:\/\/joyapartments.es\/de\/ueber-uns\/#breadcrumb"},"inLanguage":"de","potentialAction":[{"@type":"ReadAction","target":["https:\/\/joyapartments.es\/de\/ueber-uns\/"]}]},{"@type":"ImageObject","inLanguage":"de","@id":"https:\/\/joyapartments.es\/de\/ueber-uns\/#primaryimage","url":"https:\/\/joyapartments.es\/wp-content\/uploads\/fondo-pasarela-playa.jpg","contentUrl":"https:\/\/joyapartments.es\/wp-content\/uploads\/fondo-pasarela-playa.jpg","width":1200,"height":514},{"@type":"BreadcrumbList","@id":"https:\/\/joyapartments.es\/de\/ueber-uns\/#breadcrumb","itemListElement":[{"@type":"ListItem","position":1,"name":"Portada","item":"https:\/\/joyapartments.es\/de\/"},{"@type":"ListItem","position":2,"name":"\u00dcber Uns"}]},{"@type":"WebSite","@id":"https:\/\/joyapartments.es\/#website","url":"https:\/\/joyapartments.es\/","name":"Joya Apartments","description":"Apartamentos en la Costa Dorada","publisher":{"@id":"https:\/\/joyapartments.es\/#organization"},"potentialAction":[{"@type":"SearchAction","target":{"@type":"EntryPoint","urlTemplate":"https:\/\/joyapartments.es\/?s={search_term_string}"},"query-input":{"@type":"PropertyValueSpecification","valueRequired":true,"valueName":"search_term_string"}}],"inLanguage":"de"},{"@type":"Organization","@id":"https:\/\/joyapartments.es\/#organization","name":"Joya Inmuebles e Inversiones S.L.U.","url":"https:\/\/joyapartments.es\/","logo":{"@type":"ImageObject","inLanguage":"de","@id":"https:\/\/joyapartments.es\/#\/schema\/logo\/image\/","url":"https:\/\/joyapartments.es\/wp-content\/uploads\/joya-apartments-logo-retina.png","contentUrl":"https:\/\/joyapartments.es\/wp-content\/uploads\/joya-apartments-logo-retina.png","width":440,"height":120,"caption":"Joya Inmuebles e Inversiones S.L.U."},"image":{"@id":"https:\/\/joyapartments.es\/#\/schema\/logo\/image\/"}}]}},"_links":{"self":[{"href":"https:\/\/joyapartments.es\/de\/wp-json\/wp\/v2\/pages\/1641","targetHints":{"allow":["GET"]}}],"collection":[{"href":"https:\/\/joyapartments.es\/de\/wp-json\/wp\/v2\/pages"}],"about":[{"href":"https:\/\/joyapartments.es\/de\/wp-json\/wp\/v2\/types\/page"}],"author":[{"embeddable":true,"href":"https:\/\/joyapartments.es\/de\/wp-json\/wp\/v2\/users\/1"}],"replies":[{"embeddable":true,"href":"https:\/\/joyapartments.es\/de\/wp-json\/wp\/v2\/comments?post=1641"}],"version-history":[{"count":3,"href":"https:\/\/joyapartments.es\/de\/wp-json\/wp\/v2\/pages\/1641\/revisions"}],"predecessor-version":[{"id":1803,"href":"https:\/\/joyapartments.es\/de\/wp-json\/wp\/v2\/pages\/1641\/revisions\/1803"}],"wp:featuredmedia":[{"embeddable":true,"href":"https:\/\/joyapartments.es\/de\/wp-json\/wp\/v2\/media\/1642"}],"wp:attachment":[{"href":"https:\/\/joyapartments.es\/de\/wp-json\/wp\/v2\/media?parent=1641"}],"curies":[{"name":"wp","href":"https:\/\/api.w.org\/{rel}","templated":true}]}}