{"id":1613,"date":"2017-12-28T18:28:20","date_gmt":"2017-12-28T17:28:20","guid":{"rendered":"https:\/\/joyapartments.es\/contactar\/"},"modified":"2018-02-06T11:25:03","modified_gmt":"2018-02-06T10:25:03","slug":"kontakt","status":"publish","type":"page","link":"https:\/\/joyapartments.es\/de\/kontakt\/","title":{"rendered":"Kontakt"},"content":{"rendered":"<h4>Sie finden uns in:<\/h4>\n<p><strong>Joyapartments<br \/>\n<\/strong>Pza. Tarragona 3, Oficina 1-4<br \/>\n43892 Miami Platja<br \/>\n<a href=\"https:\/\/www.google.es\/maps\/place\/Pla%C3%A7a+Tarragona,+3,+43892+Mont-roig+del+Camp,+Tarragona\/@41.0099338,0.9366406,17z\/data=!3m1!4b1!4m5!3m4!1s0x12a140e409bff3bb:0x497e5b8ee2648600!8m2!3d41.0099298!4d0.9388293\" target=\"_blank\" rel=\"noopener\">Anfahrt<\/a><\/p>\n<p><a href=\"mailto:miami@joyapartments.es\"><b>miami@joyapartments.es<\/b><\/a><\/p>\n<h2>B\u00fcro\u00f6ffnungszeiten<\/h2>\n<div class=\"columns\">\n<div class=\"column is-6\">Sommerzeit<br \/>\n<strong>Montag &#8211; Freitag<\/strong>\u00a0von 09:30 bis 13:30 und von 16:00 bis 20:00 uhr.<br \/>\n<strong>Samstag<\/strong>\u00a0von 08:00 bis 14:00 und von 16:00 bis 20:00 uhr.<br \/>\n<strong><a class=\"telefono\" title=\"Llamar\" href=\"tel:0034977810029\">(+34) 977 810 029<\/a><\/strong><\/div>\n<div class=\"column is-6\">Au\u00dferhalb dieser \u00d6ffnungszeiten k\u00f6nnen Sie uns kontaktieren unter<br \/>\n<a class=\"telefono\" href=\"tel:0034619266268\"><strong>(+34) 619 26 62 68<\/strong><\/a><\/div>\n<\/div>\n<h3>F\u00fcllen Sie folgendes Formular aus, wenn Sie uns eine Nachricht senden wollen.<\/h3>\n\n<div class=\"wpcf7 no-js\" id=\"wpcf7-f1592-o1\" lang=\"\" dir=\"ltr\" data-wpcf7-id=\"1592\">\n<div class=\"screen-reader-response\"><p role=\"status\" aria-live=\"polite\" aria-atomic=\"true\"><\/p> <ul><\/ul><\/div>\n<form action=\"\/de\/wp-json\/wp\/v2\/pages\/1613#wpcf7-f1592-o1\" method=\"post\" class=\"wpcf7-form init\" aria-label=\"Kontaktformular\" novalidate=\"novalidate\" data-status=\"init\">\n<div style=\"display: none;\">\n<input type=\"hidden\" name=\"_wpcf7\" value=\"1592\" \/>\n<input type=\"hidden\" name=\"_wpcf7_version\" value=\"6.0.6\" \/>\n<input type=\"hidden\" name=\"_wpcf7_locale\" value=\"\" \/>\n<input type=\"hidden\" name=\"_wpcf7_unit_tag\" value=\"wpcf7-f1592-o1\" \/>\n<input type=\"hidden\" name=\"_wpcf7_container_post\" value=\"0\" \/>\n<input type=\"hidden\" name=\"_wpcf7_posted_data_hash\" value=\"\" \/>\n<input type=\"hidden\" name=\"_wpcf7_recaptcha_response\" value=\"\" \/>\n<\/div>\n<p><label> Name (erforderlich)<br \/>\n<span class=\"wpcf7-form-control-wrap\" data-name=\"your-name\"><input size=\"40\" maxlength=\"400\" class=\"wpcf7-form-control wpcf7-text wpcf7-validates-as-required\" aria-required=\"true\" aria-invalid=\"false\" value=\"\" type=\"text\" name=\"your-name\" \/><\/span> <\/label>\n<\/p>\n<p><label> Email (erforderlich)<br \/>\n<span class=\"wpcf7-form-control-wrap\" data-name=\"your-email\"><input size=\"40\" maxlength=\"400\" class=\"wpcf7-form-control wpcf7-email wpcf7-validates-as-required wpcf7-text wpcf7-validates-as-email\" aria-required=\"true\" aria-invalid=\"false\" value=\"\" type=\"email\" name=\"your-email\" \/><\/span> <\/label>\n<\/p>\n<p><label> Betreff<br \/>\n<span class=\"wpcf7-form-control-wrap\" data-name=\"your-subject\"><input size=\"40\" maxlength=\"400\" class=\"wpcf7-form-control wpcf7-text\" aria-invalid=\"false\" value=\"\" type=\"text\" name=\"your-subject\" \/><\/span> <\/label>\n<\/p>\n<p><label> Nachricht<br \/>\n<span class=\"wpcf7-form-control-wrap\" data-name=\"your-message\"><textarea cols=\"40\" rows=\"10\" maxlength=\"2000\" class=\"wpcf7-form-control wpcf7-textarea\" aria-invalid=\"false\" name=\"your-message\"><\/textarea><\/span> <\/label>\n<\/p>\n<p><span class=\"wpcf7-form-control-wrap\" data-name=\"aceptacion\"><span class=\"wpcf7-form-control wpcf7-acceptance\"><span class=\"wpcf7-list-item\"><input type=\"checkbox\" name=\"aceptacion\" value=\"1\" aria-invalid=\"false\" \/><\/span><\/span><\/span> Markieren Sie dieses K\u00e4stchen, um das Formular absenden zu k\u00f6nnen; damit best\u00e4tigen Sie, dass Sie unsere <a href=\"https:\/\/joyapartments.es\/de\/datenschutzrichtlinie\/\" target=\"_blank\">Datenschutzrichtlinien<\/a> akzeptieren.\n<\/p>\n<p>\n\n<\/p>\n<p><input class=\"wpcf7-form-control wpcf7-submit has-spinner\" type=\"submit\" value=\"Senden\" \/>\n<\/p><p style=\"display: none !important;\" class=\"akismet-fields-container\" data-prefix=\"_wpcf7_ak_\"><label>&#916;<textarea name=\"_wpcf7_ak_hp_textarea\" cols=\"45\" rows=\"8\" maxlength=\"100\"><\/textarea><\/label><input type=\"hidden\" id=\"ak_js_1\" name=\"_wpcf7_ak_js\" value=\"242\"\/><script>document.getElementById( \"ak_js_1\" ).setAttribute( \"value\", ( new Date() ).getTime() );<\/script><\/p><div class=\"wpcf7-response-output\" aria-hidden=\"true\"><\/div>\n<\/form>\n<\/div>\n\n","protected":false},"excerpt":{"rendered":"<p>Sie finden uns in: Joyapartments Pza. Tarragona 3, Oficina 1-4 43892 Miami Platja Anfahrt miami@joyapartments.es B\u00fcro\u00f6ffnungszeiten Sommerzeit Montag &#8211; Freitag\u00a0von 09:30 bis 13:30 und von 16:00 bis 20:00 uhr. Samstag\u00a0von 08:00 bis 14:00 und von 16:00 bis 20:00 uhr. (+34) 977 810 029 Au\u00dferhalb dieser \u00d6ffnungszeiten k\u00f6nnen Sie uns kontaktieren unter (+34) 619 26 62 [&hellip;]<\/p>\n","protected":false},"author":1,"featured_media":1614,"parent":0,"menu_order":50,"comment_status":"closed","ping_status":"closed","template":"template-hero.php","meta":{"footnotes":""},"class_list":["post-1613","page","type-page","status-publish","has-post-thumbnail","hentry"],"yoast_head":"<!-- This site is optimized with the Yoast SEO plugin v25.3.1 - https:\/\/yoast.com\/wordpress\/plugins\/seo\/ -->\n<title>Kontakt | Joya Apartments<\/title>\n<meta name=\"robots\" content=\"index, follow, max-snippet:-1, max-image-preview:large, max-video-preview:-1\" \/>\n<link rel=\"canonical\" href=\"https:\/\/joyapartments.es\/de\/kontakt\/\" \/>\n<meta property=\"og:locale\" content=\"de_DE\" \/>\n<meta property=\"og:type\" content=\"article\" \/>\n<meta property=\"og:title\" content=\"Kontakt | Joya Apartments\" \/>\n<meta property=\"og:description\" content=\"Sie finden uns in: Joyapartments Pza. Tarragona 3, Oficina 1-4 43892 Miami Platja Anfahrt miami@joyapartments.es B\u00fcro\u00f6ffnungszeiten Sommerzeit Montag &#8211; Freitag\u00a0von 09:30 bis 13:30 und von 16:00 bis 20:00 uhr. Samstag\u00a0von 08:00 bis 14:00 und von 16:00 bis 20:00 uhr. (+34) 977 810 029 Au\u00dferhalb dieser \u00d6ffnungszeiten k\u00f6nnen Sie uns kontaktieren unter (+34) 619 26 62 [&hellip;]\" \/>\n<meta property=\"og:url\" content=\"https:\/\/joyapartments.es\/de\/kontakt\/\" \/>\n<meta property=\"og:site_name\" content=\"Joya Apartments\" \/>\n<meta property=\"article:modified_time\" content=\"2018-02-06T10:25:03+00:00\" \/>\n<meta property=\"og:image\" content=\"https:\/\/joyapartments.es\/wp-content\/uploads\/fondo-tus-vacaciones.jpg\" \/>\n\t<meta property=\"og:image:width\" content=\"1200\" \/>\n\t<meta property=\"og:image:height\" content=\"388\" \/>\n\t<meta property=\"og:image:type\" content=\"image\/jpeg\" \/>\n<meta name=\"twitter:card\" content=\"summary_large_image\" \/>\n<script type=\"application\/ld+json\" class=\"yoast-schema-graph\">{\"@context\":\"https:\/\/schema.org\",\"@graph\":[{\"@type\":\"WebPage\",\"@id\":\"https:\/\/joyapartments.es\/de\/kontakt\/\",\"url\":\"https:\/\/joyapartments.es\/de\/kontakt\/\",\"name\":\"Kontakt | Joya Apartments\",\"isPartOf\":{\"@id\":\"https:\/\/joyapartments.es\/#website\"},\"primaryImageOfPage\":{\"@id\":\"https:\/\/joyapartments.es\/de\/kontakt\/#primaryimage\"},\"image\":{\"@id\":\"https:\/\/joyapartments.es\/de\/kontakt\/#primaryimage\"},\"thumbnailUrl\":\"https:\/\/joyapartments.es\/wp-content\/uploads\/fondo-tus-vacaciones.jpg\",\"datePublished\":\"2017-12-28T17:28:20+00:00\",\"dateModified\":\"2018-02-06T10:25:03+00:00\",\"breadcrumb\":{\"@id\":\"https:\/\/joyapartments.es\/de\/kontakt\/#breadcrumb\"},\"inLanguage\":\"de\",\"potentialAction\":[{\"@type\":\"ReadAction\",\"target\":[\"https:\/\/joyapartments.es\/de\/kontakt\/\"]}]},{\"@type\":\"ImageObject\",\"inLanguage\":\"de\",\"@id\":\"https:\/\/joyapartments.es\/de\/kontakt\/#primaryimage\",\"url\":\"https:\/\/joyapartments.es\/wp-content\/uploads\/fondo-tus-vacaciones.jpg\",\"contentUrl\":\"https:\/\/joyapartments.es\/wp-content\/uploads\/fondo-tus-vacaciones.jpg\",\"width\":1200,\"height\":388,\"caption\":\"test\"},{\"@type\":\"BreadcrumbList\",\"@id\":\"https:\/\/joyapartments.es\/de\/kontakt\/#breadcrumb\",\"itemListElement\":[{\"@type\":\"ListItem\",\"position\":1,\"name\":\"Portada\",\"item\":\"https:\/\/joyapartments.es\/de\/\"},{\"@type\":\"ListItem\",\"position\":2,\"name\":\"Kontakt\"}]},{\"@type\":\"WebSite\",\"@id\":\"https:\/\/joyapartments.es\/#website\",\"url\":\"https:\/\/joyapartments.es\/\",\"name\":\"Joya Apartments\",\"description\":\"Apartamentos en la Costa Dorada\",\"publisher\":{\"@id\":\"https:\/\/joyapartments.es\/#organization\"},\"potentialAction\":[{\"@type\":\"SearchAction\",\"target\":{\"@type\":\"EntryPoint\",\"urlTemplate\":\"https:\/\/joyapartments.es\/?s={search_term_string}\"},\"query-input\":{\"@type\":\"PropertyValueSpecification\",\"valueRequired\":true,\"valueName\":\"search_term_string\"}}],\"inLanguage\":\"de\"},{\"@type\":\"Organization\",\"@id\":\"https:\/\/joyapartments.es\/#organization\",\"name\":\"Joya Inmuebles e Inversiones S.L.U.\",\"url\":\"https:\/\/joyapartments.es\/\",\"logo\":{\"@type\":\"ImageObject\",\"inLanguage\":\"de\",\"@id\":\"https:\/\/joyapartments.es\/#\/schema\/logo\/image\/\",\"url\":\"https:\/\/joyapartments.es\/wp-content\/uploads\/joya-apartments-logo-retina.png\",\"contentUrl\":\"https:\/\/joyapartments.es\/wp-content\/uploads\/joya-apartments-logo-retina.png\",\"width\":440,\"height\":120,\"caption\":\"Joya Inmuebles e Inversiones S.L.U.\"},\"image\":{\"@id\":\"https:\/\/joyapartments.es\/#\/schema\/logo\/image\/\"}}]}<\/script>\n<!-- \/ Yoast SEO plugin. -->","yoast_head_json":{"title":"Kontakt | Joya Apartments","robots":{"index":"index","follow":"follow","max-snippet":"max-snippet:-1","max-image-preview":"max-image-preview:large","max-video-preview":"max-video-preview:-1"},"canonical":"https:\/\/joyapartments.es\/de\/kontakt\/","og_locale":"de_DE","og_type":"article","og_title":"Kontakt | Joya Apartments","og_description":"Sie finden uns in: Joyapartments Pza. Tarragona 3, Oficina 1-4 43892 Miami Platja Anfahrt miami@joyapartments.es B\u00fcro\u00f6ffnungszeiten Sommerzeit Montag &#8211; Freitag\u00a0von 09:30 bis 13:30 und von 16:00 bis 20:00 uhr. Samstag\u00a0von 08:00 bis 14:00 und von 16:00 bis 20:00 uhr. (+34) 977 810 029 Au\u00dferhalb dieser \u00d6ffnungszeiten k\u00f6nnen Sie uns kontaktieren unter (+34) 619 26 62 [&hellip;]","og_url":"https:\/\/joyapartments.es\/de\/kontakt\/","og_site_name":"Joya Apartments","article_modified_time":"2018-02-06T10:25:03+00:00","og_image":[{"width":1200,"height":388,"url":"https:\/\/joyapartments.es\/wp-content\/uploads\/fondo-tus-vacaciones.jpg","type":"image\/jpeg"}],"twitter_card":"summary_large_image","schema":{"@context":"https:\/\/schema.org","@graph":[{"@type":"WebPage","@id":"https:\/\/joyapartments.es\/de\/kontakt\/","url":"https:\/\/joyapartments.es\/de\/kontakt\/","name":"Kontakt | Joya Apartments","isPartOf":{"@id":"https:\/\/joyapartments.es\/#website"},"primaryImageOfPage":{"@id":"https:\/\/joyapartments.es\/de\/kontakt\/#primaryimage"},"image":{"@id":"https:\/\/joyapartments.es\/de\/kontakt\/#primaryimage"},"thumbnailUrl":"https:\/\/joyapartments.es\/wp-content\/uploads\/fondo-tus-vacaciones.jpg","datePublished":"2017-12-28T17:28:20+00:00","dateModified":"2018-02-06T10:25:03+00:00","breadcrumb":{"@id":"https:\/\/joyapartments.es\/de\/kontakt\/#breadcrumb"},"inLanguage":"de","potentialAction":[{"@type":"ReadAction","target":["https:\/\/joyapartments.es\/de\/kontakt\/"]}]},{"@type":"ImageObject","inLanguage":"de","@id":"https:\/\/joyapartments.es\/de\/kontakt\/#primaryimage","url":"https:\/\/joyapartments.es\/wp-content\/uploads\/fondo-tus-vacaciones.jpg","contentUrl":"https:\/\/joyapartments.es\/wp-content\/uploads\/fondo-tus-vacaciones.jpg","width":1200,"height":388,"caption":"test"},{"@type":"BreadcrumbList","@id":"https:\/\/joyapartments.es\/de\/kontakt\/#breadcrumb","itemListElement":[{"@type":"ListItem","position":1,"name":"Portada","item":"https:\/\/joyapartments.es\/de\/"},{"@type":"ListItem","position":2,"name":"Kontakt"}]},{"@type":"WebSite","@id":"https:\/\/joyapartments.es\/#website","url":"https:\/\/joyapartments.es\/","name":"Joya Apartments","description":"Apartamentos en la Costa Dorada","publisher":{"@id":"https:\/\/joyapartments.es\/#organization"},"potentialAction":[{"@type":"SearchAction","target":{"@type":"EntryPoint","urlTemplate":"https:\/\/joyapartments.es\/?s={search_term_string}"},"query-input":{"@type":"PropertyValueSpecification","valueRequired":true,"valueName":"search_term_string"}}],"inLanguage":"de"},{"@type":"Organization","@id":"https:\/\/joyapartments.es\/#organization","name":"Joya Inmuebles e Inversiones S.L.U.","url":"https:\/\/joyapartments.es\/","logo":{"@type":"ImageObject","inLanguage":"de","@id":"https:\/\/joyapartments.es\/#\/schema\/logo\/image\/","url":"https:\/\/joyapartments.es\/wp-content\/uploads\/joya-apartments-logo-retina.png","contentUrl":"https:\/\/joyapartments.es\/wp-content\/uploads\/joya-apartments-logo-retina.png","width":440,"height":120,"caption":"Joya Inmuebles e Inversiones S.L.U."},"image":{"@id":"https:\/\/joyapartments.es\/#\/schema\/logo\/image\/"}}]}},"_links":{"self":[{"href":"https:\/\/joyapartments.es\/de\/wp-json\/wp\/v2\/pages\/1613","targetHints":{"allow":["GET"]}}],"collection":[{"href":"https:\/\/joyapartments.es\/de\/wp-json\/wp\/v2\/pages"}],"about":[{"href":"https:\/\/joyapartments.es\/de\/wp-json\/wp\/v2\/types\/page"}],"author":[{"embeddable":true,"href":"https:\/\/joyapartments.es\/de\/wp-json\/wp\/v2\/users\/1"}],"replies":[{"embeddable":true,"href":"https:\/\/joyapartments.es\/de\/wp-json\/wp\/v2\/comments?post=1613"}],"version-history":[{"count":4,"href":"https:\/\/joyapartments.es\/de\/wp-json\/wp\/v2\/pages\/1613\/revisions"}],"predecessor-version":[{"id":1860,"href":"https:\/\/joyapartments.es\/de\/wp-json\/wp\/v2\/pages\/1613\/revisions\/1860"}],"wp:featuredmedia":[{"embeddable":true,"href":"https:\/\/joyapartments.es\/de\/wp-json\/wp\/v2\/media\/1614"}],"wp:attachment":[{"href":"https:\/\/joyapartments.es\/de\/wp-json\/wp\/v2\/media?parent=1613"}],"curies":[{"name":"wp","href":"https:\/\/api.w.org\/{rel}","templated":true}]}}