{"id":1606,"date":"2017-12-29T09:33:00","date_gmt":"2017-12-29T08:33:00","guid":{"rendered":"https:\/\/joyapartments.es\/politica-de-privacidad\/"},"modified":"2020-11-27T18:55:13","modified_gmt":"2020-11-27T17:55:13","slug":"datenschutzrichtlinie","status":"publish","type":"page","link":"https:\/\/joyapartments.es\/de\/datenschutzrichtlinie\/","title":{"rendered":"Datenschutzerkl\u00e4rung"},"content":{"rendered":"<p>Joya Inmuebles e Inversiones sind ein kompetentes und effektives Team mit umfassender Erfahrung in den Bereichen Vermietung, Urlaub und Tourismus und die Transparenz geh\u00f6rt zu den Werten, mit denen wir uns identifizieren. Wir m\u00f6chten Sie daher von Anfang an wissen lassen, dass der Schutz Ihrer Daten f\u00fcr uns von gro\u00dfer Bedeutung ist.<\/p>\n<p>In unserer Datenschutzerkl\u00e4rung erl\u00e4utern wir Ihnen, welche personenbezogenen Daten wir von unseren Benutzern sammeln und wie wir diese verwenden. Diese Richtlinie kann entsprechend den Anforderungen der Gesetzgebung oder der Selbstregulierung \u00c4nderungen erfahren, weshalb Benutzern empfohlen wird, diese regelm\u00e4\u00dfig einzusehen.<\/p>\n<p>Wir empfehlen Ihnen vor einer Bereitstellung Ihrer personenbezogenen Daten diese Bedingungen sorgf\u00e4ltig durchzulesen.<\/p>\n<p>Sollten Sie unter vierzehn Jahre alt sind, ben\u00f6tigen wir f\u00fcr die Verarbeitung Ihrer personenbezogenen Daten die Zustimmung Ihrer Eltern oder Erziehungsberechtigten.<\/p>\n<h2>Auf Ihre personenbezogenen Daten anwendbare Grunds\u00e4tze<\/h2>\n<p>Bei der Verarbeitung Ihrer personenbezogenen Daten haben wir uns bem\u00fcht, einen sicheren und zuverl\u00e4ssigen Rahmen daf\u00fcr zu schaffen, und m\u00f6chten Ihnen in diesem Sinne unsere Grunds\u00e4tze zum Datenschutz und zur Wahrung Ihrer Privatsph\u00e4re mitteilen:<\/p>\n<ul>\n<li><strong>Grundsatz der Rechtm\u00e4\u00dfigkeit, Loyalit\u00e4t und Transparenz<\/strong>: F\u00fcr die Verarbeitung Ihrer personenbezogenen Daten zu einem oder mehreren spezifischen Zwecken, \u00fcber die wir Sie vorab in absoluter Transparenz informieren werden, werden wir stets Ihre Einwilligung einholen.<\/li>\n<li><strong>Grundsatz der Datenminimierung<\/strong>: Wir werden nur Daten anfordern, die f\u00fcr die Zwecke, f\u00fcr die wir sie ben\u00f6tigen, unbedingt erforderlich sind. So wenige Daten wie m\u00f6glich.<\/li>\n<li><strong>Grundsatz der Beschr\u00e4nkung der Aufbewahrungsfrist<\/strong>: Die Daten werden nicht l\u00e4nger aufbewahrt, als es zur Erf\u00fcllung der gesetzlichen Anforderungen und zum Zwecke der Verarbeitung erforderlich ist. Je nach Zweck werden wir unsere Listen periodisch \u00fcberpr\u00fcfen und diejenigen Datens\u00e4tze l\u00f6schen, die seit geraumer Zeit inaktiv sind.<\/li>\n<li><strong>Grundsatz der Integrit\u00e4t und Vertraulichkeit<\/strong>: Ihre personenbezogenen Daten werden so verarbeitet, dass eine angemessene Sicherheit derselben und deren vertrauliche Behandlung gew\u00e4hrleistet sind. Sie sollten wissen, dass wir alle notwendigen Vorkehrungen treffen werden, um einen unbefugten Zugriff oder die missbr\u00e4uchliche Verwendung der Daten unserer Benutzer durch Dritte zu verhindern. Wir werden Ihre pers\u00f6nlichen Daten niemals f\u00fcr einen anderen als den in dieser Datenschutzrichtlinie genannten Zweck verwenden.<\/li>\n<\/ul>\n<h2>Welche Rechte haben Sie, wenn Sie uns Ihre Daten zur Verf\u00fcgung stellen?<\/h2>\n<p>Auf dieser Website werden die personenbezogenen Daten der Benutzer geachtet und gepflegt. Als Benutzer sollten Sie wissen, dass Ihre Rechte garantiert sind.<\/p>\n<p>Jede Person hat das Recht, eine Best\u00e4tigung dar\u00fcber zu erhalten, ob Joya Inmuebles e Inversiones personenbezogene Daten von ihr verarbeitet oder nicht.<\/p>\n<p>Die betroffenen Personen haben das Recht:<\/p>\n<ul>\n<li>Zugang zu ihren personenbezogenen Daten zu beantragen<\/li>\n<li>Eine Berichtigung oder L\u00f6schung der Daten zu beantragen<\/li>\n<li>Eine Einschr\u00e4nkung der Datenverarbeitung zu beantragen<\/li>\n<li>Sich der Datenverarbeitung zu widersetzen.<\/li>\n<li>Die \u00dcbertragbarkeit der Daten zu beantragen.<\/li>\n<\/ul>\n<p>Sie k\u00f6nnen Ihre Rechte jederzeit und kostenlos durch eine E-Mail an\u00a0<a href=\"mailto:rgpd@joyapartments.es\">rgpd@joyapartments.es<\/a>\u00a0aus\u00fcben, in der Sie das Recht, das Sie aus\u00fcben m\u00f6chten, sowie Ihre Identifikationsdaten anzugeben haben.<\/p>\n<p>Die Betroffenen haben ebenso das Recht auf einen wirksamen Rechtsschutz und k\u00f6nnen bei der jeweiligen Aufsichtsbeh\u00f6rde, in diesem Fall der spanischen Datenschutzbeh\u00f6rde, eine Beschwerde einreichen, wenn sie der Meinung sind, dass die Verarbeitung sie betreffender personenbezogener Daten gegen die geltende Gesetzgebung verst\u00f6\u00dft.<\/p>\n<h2>Wer ist der Verantwortliche f\u00fcr die Verarbeitung Ihrer personenbezogenen Daten?<\/h2>\n<ul>\n<li><strong>Identit\u00e4t des Verantwortlichen:\u00a0<\/strong>Joya Inmuebles e Inversiones, S.L.U.<\/li>\n<li><strong>Handelsname:\u00a0<\/strong>Joya Inmuebles e Inversiones<\/li>\n<li><strong>Steuernummer:\u00a0<\/strong>B50816982<\/li>\n<li><strong>Anschrift:\u00a0<\/strong>\u00a0C\/ Joaqu\u00edn Costa 4, 3\u00ba izda. 50001 &#8211; Zaragoza<\/li>\n<li><strong>E-Mail:\u00a0<\/strong><a href=\"mailto:rgpd@joyapartments.es\">rgpd@joyapartments.es<\/a><\/li>\n<li><strong>Gesch\u00e4ftst\u00e4tigkeit:\u00a0<\/strong>Vermietung von H\u00e4usern und R\u00e4umlichkeiten<\/li>\n<li><strong>Eingetragen im Handelsregister\u00a0<\/strong>von Zaragoza zum Band 2455, Buch 0, Abschnitt 8\u00aa, Blatt 14, Seite Nr. Z-25494<\/li>\n<\/ul>\n<h2>Mit welchem Zweck verarbeiten wir Ihre personenbezogenen Daten?<\/h2>\n<p>Indem ein Benutzer auf unserer Website surft und \u00fcber ein Kontaktformular Informationen anfordert, stellt er personenbezogene Daten zur Verf\u00fcgung, f\u00fcr die Joya Inmuebles e Inversiones verantwortlich ist.<\/p>\n<p>Zu diesen Daten k\u00f6nnen Ihre IP-Adresse, Ihr Name, Ihre Adresse, Ihre E-Mail-Adresse und Ihre Telefonnummer geh\u00f6ren. Durch die Bereitstellung dieser Informationen leisten Sie Ihr Einverst\u00e4ndnis zur Sammlung, Verwendung, Verwaltung und Speicherung der Informationen durch Joya Inmuebles e Inversiones, um auf Ihren Antrag, Ihre Anfrage oder Ihr Problem bez\u00fcglich der auf unserer Website angebotenen Produkte und Dienstleistungen zu antworten.<\/p>\n<p>Wir weisen Sie darauf hin, dass die von Ihnen angegebenen Daten auf den Servern von 1&amp;1 IONOS Espa\u00f1a S.L.U.<\/p>\n<p>Es gibt noch andere Zwecke, f\u00fcr die wir Ihre personenbezogenen Daten verarbeiten:<\/p>\n<ul>\n<li>Um die Einhaltung der Nutzungsbedingungen und des geltenden Rechts zu gew\u00e4hrleisten. Das kann die Entwicklung von Werkzeugen und Algorithmen einschlie\u00dfen, die dieser Website helfen, die vertrauliche Behandlung der von ihr gesammelten personenbezogenen Daten zu gew\u00e4hrleisten.<\/li>\n<li>Zur Unterst\u00fctzung und Verbesserung der von dieser Website angebotenen Dienstleistungen.<\/li>\n<li>Zudem werden auch andere nicht-identifizierende Daten erfasst, die durch einige Cookies erhalten werden, die auf dem Computer des Benutzers installiert werden, wenn er auf dieser Website navigiert, was wir in der Cookie-Richtlinie n\u00e4her erl\u00e4utern.<\/li>\n<\/ul>\n<p>Personenbezogene Daten, die den Benutzer identifizieren k\u00f6nnten, werden ohne vorherige Einwilligung de Benutzers nicht von Joya Inmuebles e Inversiones verkauft, vermietet oder an Dritte abgetreten, weder heute, noch in der Zukunft.<\/p>\n<h2>Legitimit\u00e4t zur Verarbeitung Ihrer Personendaten<\/h2>\n<p>Die Gesetzliche Grundlage zur Verarbeitung Ihrer Daten ist Ihre Einwilligung.<\/p>\n<p>Um mit dieser Website Kontakt aufzunehmen oder Kommentare abzugeben, ist Ihre Zustimmung zu dieser Datenschutzrichtlinie erforderlich.<\/p>\n<p>Das prospektive oder kommerzielle Angebot von Produkten und Dienstleistungen basiert auf der von Ihnen erbetenen Einwilligung, ohne dass der Widerruf dieser Einwilligung in irgendeiner Form die Ausf\u00fchrung des Abonnementvertrags konditioniert.<\/p>\n<h2>Wie lange werden Ihre Daten aufbewahrt?<\/h2>\n<p>Die zur Verf\u00fcgung gestellten personenbezogenen Daten werden so lange aufbewahrt, wie es zur Erf\u00fcllung des Zwecks dieser Datenerhebung sowie zur Bestimmung der eventuellen Verantwortlichkeiten dieser Zweckerf\u00fcllung in \u00dcbereinstimmung mit der geltenden Gesetzgebung erforderlich ist.<\/p>\n<h2>An wen werden Ihre Daten weitergeleitet?<\/h2>\n<p>Um Leistungen zu erbringen, die f\u00fcr die Durchf\u00fchrung der Aktivit\u00e4t unbedingt notwendig sind, teilt Joya Inmuebles e Inversiones die Daten mit folgenden Anbietern unter Achtung der entsprechenden Datenschutzbedingungen:<\/p>\n<p><strong>Hosting:<\/strong>\u00a01&amp;1 IONOS Espa\u00f1a S.L.U., mit Sitz in Spanien, Avenida de la Vega, 1 Edificio Veganova 3 Planta 5 Puerta C de Alcobendas, CP 28108, Madrid, verarbeitet die Daten mit dem Ziel, Hosting-Dienste f\u00fcr Joya Inmuebles e Inversiones bereitzustellen.<\/p>\n<p><strong>\u00a0<\/strong><strong>Google Analytics<\/strong>: ein Webanalysedienst, der von Google, Inc., einem Unternehmen aus Delaware, mit Hauptsitz in 1600 Amphitheatre Parkway, Mountain View (Kalifornien), CA 94043, Vereinigte Staaten (&#8222;Google&#8220;), bereitgestellt wird.<\/p>\n<p>Google Analytics verwendet sog. \u201eCookies\u201c, also Textdateien, die auf Ihrem Computer gespeichert werden, um Joya Inmuebles e Inversiones dabei zu unterst\u00fctzen, eine Analyse dar\u00fcber zu erstellen, wie Nutzer mit dem Inhalt der Website interagieren, um Trends zu analysieren, die Website zu verwalten und um demographische Informationen \u00fcber unseren Nutzerstamm insgesamt zu sammeln. Die durch die Cookies erstellten Informationen \u00fcber Ihre Nutzung von Joya Inmuebles e Inversiones (einschlie\u00dflich Ihrer IP-Adresse) werden an einen Server von Google in den Vereinigten Staaten \u00fcbertragen und dort gespeichert.<\/p>\n<ul>\n<li>Google Analytics maskiert auf dieser Website die IP-Adresse des Website-Nutzers und speichert daher diese personenbezogenen Daten des Benutzers nicht.<\/li>\n<li>Nicht-identifizierende Daten \u00fcber Website-Nutzungsbesuche werden 26 Monate lang gespeichert.<\/li>\n<li>Wenn Sie verhindern m\u00f6chten, dass Google Analytics Ihre Daten verwendet, laden Sie bitte das Browser-Add-on zur Deaktivierung von Google Analytics f\u00fcr JavaScript (ga.js, analytics.js und dc.js) herunter.<\/li>\n<\/ul>\n<p>Das Google Analytics Browser Add-on ist so konzipiert, dass es mit Chrome, Internet Explorer 11, Safari, Firefox und Opera kompatibel ist. Damit das Add-on funktioniert, muss es in der Lage sein, im Browser korrekt zu laden und zu laufen. F\u00fcr Internet Explorer m\u00fcssen Cookies von Drittanbietern aktiviert sein. Erfahren Sie mehr \u00fcber die Deaktivierung von Cookies und die korrekte Installation des Browser-Plugins.<\/p>\n<h2>Vertraulichkeit und Sicherheit der Daten<\/h2>\n<p>Joya Inmuebles e Inversiones verpflichtet sich, die personenbezogenen Daten der Benutzer unter Wahrung ihrer Vertraulichkeit zu nutzen und zu verarbeiten und sie entsprechend ihrem Zweck zu verwenden, sowie ihrer Verpflichtung nachzukommen, diese zu speichern und alle Ma\u00dfnahmen zur Verhinderung ihrer Ver\u00e4nderung, ihres Verlustes, ihrer Verarbeitung oder ihres unbefugten Zugriffs in \u00dcbereinstimmung mit den Bestimmungen der geltenden Datenschutzgesetzgebung zu ergreifen.<\/p>\n<p>Diese Website enth\u00e4lt ein SSL-Zertifikat. Dabei handelt es sich um ein Sicherheitsprotokoll, mit dem Ihre Daten auf integrale und sichere Art und Weise \u00fcbertragen werden, d.h., die \u00dcbertragung der Daten zwischen einem Server und einem Web-Benutzer, sowie beim Feedback, ist komplett verschl\u00fcsselt.<\/p>\n<p>Joya Inmuebles e Inversiones kann die v\u00f6llige Unverletzlichkeit des Internet-Netzwerks und damit die Verletzung von Daten durch betr\u00fcgerischen Zugriff Dritter auf diese Daten nicht gew\u00e4hrleisten.<\/p>\n<h2>Richtigkeit und Genauigkeit der Daten<\/h2>\n<p>Als Benutzer sind Sie allein f\u00fcr die Richtigkeit und Genauigkeit der Daten verantwortlich, die Sie an Joya Inmuebles e Inversiones senden.<\/p>\n<p>Die Benutzer garantieren und sind in jedem Fall f\u00fcr die Richtigkeit, G\u00fcltigkeit und Echtheit der angegebenen personenbezogenen Daten verantwortlich und verpflichten sich, diese ordnungsgem\u00e4\u00df zu aktualisieren. Der Benutzer verpflichtet sich, im Kontakt- oder Abonnementformular vollst\u00e4ndige und korrekte Angaben zu machen.<\/p>\n<h2>Annahme und Einwilligung<\/h2>\n<p>Der Benutzer erkl\u00e4rt, dass er \u00fcber die Bedingungen bez\u00fcglich des Schutzes der personenbezogenen Daten informiert worden ist, und genehmigt deren Verarbeitung durch Joya Inmuebles e Inversiones in der in dieser Datenschutzerkl\u00e4rung angegebenen Art und Weise und zu den entsprechenden Zwecken.<\/p>\n<h2>Widerrufbarkeit<\/h2>\n<p>Die erteilte Einwilligung, sowohl f\u00fcr die Verarbeitung als auch f\u00fcr die Weitergabe von Daten der Betroffenen, kann jederzeit widerrufen werden, indem dieser Widerruf Joya Inmuebles e Inversiones unter den in dieser Datenschutzerkl\u00e4rung festgelegten Bedingungen mitgeteilt wird. Der Widerruf ist in keinem Fall r\u00fcckwirkend.<\/p>\n<h2>\u00c4nderungen an der Datenschutzerkl\u00e4rung<\/h2>\n<p>Joya Inmuebles e Inversiones beh\u00e4lt sich das Recht vor, diese Datenschutzerkl\u00e4rung \u00e4ndern zu k\u00f6nnen, um sie an eine neue Gesetzgebung oder Rechtsprechungs\u00e4nderungen sowie an die Praktiken der Industrie anzupassen. In solchen F\u00e4llen wird sie auf dieser Seite die eingef\u00fchrten \u00c4nderungen mit ausreichender Zeit vor deren Umsetzung bekannt geben.<\/p>\n<h2>Kommerzielle Mitteilungen<\/h2>\n<p>In \u00dcbereinstimmung mit der LSSICE f\u00fchrt Joya Inmuebles e Inversiones keine SPAM-Praktiken aus und versendet daher keine kommerziellen Mitteilungen auf elektronischem Wege an die Benutzer, wenn diese nicht zuvor von diesem angefordert oder genehmigt wurden. Folglich hat der Benutzer unabh\u00e4ngig von den ausdr\u00fccklich angeforderten kommerziellen Informationen die M\u00f6glichkeit, in jedem auf der Website enthaltenen Formulare seine ausdr\u00fcckliche Zustimmung zum Erhalt des Newsletters zu erteilen.<\/p>\n","protected":false},"excerpt":{"rendered":"<p>Joya Inmuebles e Inversiones sind ein kompetentes und effektives Team mit umfassender Erfahrung in den Bereichen Vermietung, Urlaub und Tourismus und die Transparenz geh\u00f6rt zu den Werten, mit denen wir uns identifizieren. Wir m\u00f6chten Sie daher von Anfang an wissen lassen, dass der Schutz Ihrer Daten f\u00fcr uns von gro\u00dfer Bedeutung ist. In unserer Datenschutzerkl\u00e4rung [&hellip;]<\/p>\n","protected":false},"author":1,"featured_media":0,"parent":0,"menu_order":99,"comment_status":"closed","ping_status":"closed","template":"","meta":{"footnotes":""},"class_list":["post-1606","page","type-page","status-publish","hentry"],"yoast_head":"<!-- This site is optimized with the Yoast SEO plugin v25.3.1 - https:\/\/yoast.com\/wordpress\/plugins\/seo\/ -->\n<title>Datenschutzerkl\u00e4rung | Joya Apartments<\/title>\n<meta name=\"robots\" content=\"noindex, follow\" \/>\n<meta property=\"og:locale\" content=\"de_DE\" \/>\n<meta property=\"og:type\" content=\"article\" \/>\n<meta property=\"og:title\" content=\"Datenschutzerkl\u00e4rung | Joya Apartments\" \/>\n<meta property=\"og:description\" content=\"Joya Inmuebles e Inversiones sind ein kompetentes und effektives Team mit umfassender Erfahrung in den Bereichen Vermietung, Urlaub und Tourismus und die Transparenz geh\u00f6rt zu den Werten, mit denen wir uns identifizieren. Wir m\u00f6chten Sie daher von Anfang an wissen lassen, dass der Schutz Ihrer Daten f\u00fcr uns von gro\u00dfer Bedeutung ist. In unserer Datenschutzerkl\u00e4rung [&hellip;]\" \/>\n<meta property=\"og:url\" content=\"https:\/\/joyapartments.es\/de\/datenschutzrichtlinie\/\" \/>\n<meta property=\"og:site_name\" content=\"Joya Apartments\" \/>\n<meta property=\"article:modified_time\" content=\"2020-11-27T17:55:13+00:00\" \/>\n<meta name=\"twitter:card\" content=\"summary_large_image\" \/>\n<meta name=\"twitter:label1\" content=\"Gesch\u00e4tzte Lesezeit\" \/>\n\t<meta name=\"twitter:data1\" content=\"9\u00a0Minuten\" \/>\n<script type=\"application\/ld+json\" class=\"yoast-schema-graph\">{\"@context\":\"https:\/\/schema.org\",\"@graph\":[{\"@type\":\"WebPage\",\"@id\":\"https:\/\/joyapartments.es\/de\/datenschutzrichtlinie\/\",\"url\":\"https:\/\/joyapartments.es\/de\/datenschutzrichtlinie\/\",\"name\":\"Datenschutzerkl\u00e4rung | Joya Apartments\",\"isPartOf\":{\"@id\":\"https:\/\/joyapartments.es\/#website\"},\"datePublished\":\"2017-12-29T08:33:00+00:00\",\"dateModified\":\"2020-11-27T17:55:13+00:00\",\"breadcrumb\":{\"@id\":\"https:\/\/joyapartments.es\/de\/datenschutzrichtlinie\/#breadcrumb\"},\"inLanguage\":\"de\",\"potentialAction\":[{\"@type\":\"ReadAction\",\"target\":[\"https:\/\/joyapartments.es\/de\/datenschutzrichtlinie\/\"]}]},{\"@type\":\"BreadcrumbList\",\"@id\":\"https:\/\/joyapartments.es\/de\/datenschutzrichtlinie\/#breadcrumb\",\"itemListElement\":[{\"@type\":\"ListItem\",\"position\":1,\"name\":\"Portada\",\"item\":\"https:\/\/joyapartments.es\/de\/\"},{\"@type\":\"ListItem\",\"position\":2,\"name\":\"Datenschutzerkl\u00e4rung\"}]},{\"@type\":\"WebSite\",\"@id\":\"https:\/\/joyapartments.es\/#website\",\"url\":\"https:\/\/joyapartments.es\/\",\"name\":\"Joya Apartments\",\"description\":\"Apartamentos en la Costa Dorada\",\"publisher\":{\"@id\":\"https:\/\/joyapartments.es\/#organization\"},\"potentialAction\":[{\"@type\":\"SearchAction\",\"target\":{\"@type\":\"EntryPoint\",\"urlTemplate\":\"https:\/\/joyapartments.es\/?s={search_term_string}\"},\"query-input\":{\"@type\":\"PropertyValueSpecification\",\"valueRequired\":true,\"valueName\":\"search_term_string\"}}],\"inLanguage\":\"de\"},{\"@type\":\"Organization\",\"@id\":\"https:\/\/joyapartments.es\/#organization\",\"name\":\"Joya Inmuebles e Inversiones S.L.U.\",\"url\":\"https:\/\/joyapartments.es\/\",\"logo\":{\"@type\":\"ImageObject\",\"inLanguage\":\"de\",\"@id\":\"https:\/\/joyapartments.es\/#\/schema\/logo\/image\/\",\"url\":\"https:\/\/joyapartments.es\/wp-content\/uploads\/joya-apartments-logo-retina.png\",\"contentUrl\":\"https:\/\/joyapartments.es\/wp-content\/uploads\/joya-apartments-logo-retina.png\",\"width\":440,\"height\":120,\"caption\":\"Joya Inmuebles e Inversiones S.L.U.\"},\"image\":{\"@id\":\"https:\/\/joyapartments.es\/#\/schema\/logo\/image\/\"}}]}<\/script>\n<!-- \/ Yoast SEO plugin. -->","yoast_head_json":{"title":"Datenschutzerkl\u00e4rung | Joya Apartments","robots":{"index":"noindex","follow":"follow"},"og_locale":"de_DE","og_type":"article","og_title":"Datenschutzerkl\u00e4rung | Joya Apartments","og_description":"Joya Inmuebles e Inversiones sind ein kompetentes und effektives Team mit umfassender Erfahrung in den Bereichen Vermietung, Urlaub und Tourismus und die Transparenz geh\u00f6rt zu den Werten, mit denen wir uns identifizieren. Wir m\u00f6chten Sie daher von Anfang an wissen lassen, dass der Schutz Ihrer Daten f\u00fcr uns von gro\u00dfer Bedeutung ist. In unserer Datenschutzerkl\u00e4rung [&hellip;]","og_url":"https:\/\/joyapartments.es\/de\/datenschutzrichtlinie\/","og_site_name":"Joya Apartments","article_modified_time":"2020-11-27T17:55:13+00:00","twitter_card":"summary_large_image","twitter_misc":{"Gesch\u00e4tzte Lesezeit":"9\u00a0Minuten"},"schema":{"@context":"https:\/\/schema.org","@graph":[{"@type":"WebPage","@id":"https:\/\/joyapartments.es\/de\/datenschutzrichtlinie\/","url":"https:\/\/joyapartments.es\/de\/datenschutzrichtlinie\/","name":"Datenschutzerkl\u00e4rung | Joya Apartments","isPartOf":{"@id":"https:\/\/joyapartments.es\/#website"},"datePublished":"2017-12-29T08:33:00+00:00","dateModified":"2020-11-27T17:55:13+00:00","breadcrumb":{"@id":"https:\/\/joyapartments.es\/de\/datenschutzrichtlinie\/#breadcrumb"},"inLanguage":"de","potentialAction":[{"@type":"ReadAction","target":["https:\/\/joyapartments.es\/de\/datenschutzrichtlinie\/"]}]},{"@type":"BreadcrumbList","@id":"https:\/\/joyapartments.es\/de\/datenschutzrichtlinie\/#breadcrumb","itemListElement":[{"@type":"ListItem","position":1,"name":"Portada","item":"https:\/\/joyapartments.es\/de\/"},{"@type":"ListItem","position":2,"name":"Datenschutzerkl\u00e4rung"}]},{"@type":"WebSite","@id":"https:\/\/joyapartments.es\/#website","url":"https:\/\/joyapartments.es\/","name":"Joya Apartments","description":"Apartamentos en la Costa Dorada","publisher":{"@id":"https:\/\/joyapartments.es\/#organization"},"potentialAction":[{"@type":"SearchAction","target":{"@type":"EntryPoint","urlTemplate":"https:\/\/joyapartments.es\/?s={search_term_string}"},"query-input":{"@type":"PropertyValueSpecification","valueRequired":true,"valueName":"search_term_string"}}],"inLanguage":"de"},{"@type":"Organization","@id":"https:\/\/joyapartments.es\/#organization","name":"Joya Inmuebles e Inversiones S.L.U.","url":"https:\/\/joyapartments.es\/","logo":{"@type":"ImageObject","inLanguage":"de","@id":"https:\/\/joyapartments.es\/#\/schema\/logo\/image\/","url":"https:\/\/joyapartments.es\/wp-content\/uploads\/joya-apartments-logo-retina.png","contentUrl":"https:\/\/joyapartments.es\/wp-content\/uploads\/joya-apartments-logo-retina.png","width":440,"height":120,"caption":"Joya Inmuebles e Inversiones S.L.U."},"image":{"@id":"https:\/\/joyapartments.es\/#\/schema\/logo\/image\/"}}]}},"_links":{"self":[{"href":"https:\/\/joyapartments.es\/de\/wp-json\/wp\/v2\/pages\/1606","targetHints":{"allow":["GET"]}}],"collection":[{"href":"https:\/\/joyapartments.es\/de\/wp-json\/wp\/v2\/pages"}],"about":[{"href":"https:\/\/joyapartments.es\/de\/wp-json\/wp\/v2\/types\/page"}],"author":[{"embeddable":true,"href":"https:\/\/joyapartments.es\/de\/wp-json\/wp\/v2\/users\/1"}],"replies":[{"embeddable":true,"href":"https:\/\/joyapartments.es\/de\/wp-json\/wp\/v2\/comments?post=1606"}],"version-history":[{"count":5,"href":"https:\/\/joyapartments.es\/de\/wp-json\/wp\/v2\/pages\/1606\/revisions"}],"predecessor-version":[{"id":1946,"href":"https:\/\/joyapartments.es\/de\/wp-json\/wp\/v2\/pages\/1606\/revisions\/1946"}],"wp:attachment":[{"href":"https:\/\/joyapartments.es\/de\/wp-json\/wp\/v2\/media?parent=1606"}],"curies":[{"name":"wp","href":"https:\/\/api.w.org\/{rel}","templated":true}]}}