{"id":1599,"date":"2017-12-29T14:04:29","date_gmt":"2017-12-29T13:04:29","guid":{"rendered":"https:\/\/joyapartments.es\/condiciones\/"},"modified":"2020-11-27T19:02:08","modified_gmt":"2020-11-27T18:02:08","slug":"bedingungen","status":"publish","type":"page","link":"https:\/\/joyapartments.es\/de\/bedingungen\/","title":{"rendered":"Rechtlicher Hinweis \u2013 Nutzungsbedingungen"},"content":{"rendered":"\n<p>In \u00dcbereinstimmung mit Art. 10 des Gesetzes 34\/2002 vom 11. Juli \u00fcber die Dienste der Informationsgesellschaft und den elektronischen Handel (LSSI+CE) setzen wir Sie dar\u00fcber in Kenntnis, dass der Eigent\u00fcmer der Website www.joyapartments.es<\/p>\n\n\n\n<figure class=\"wp-block-table\"><table><tbody><tr><td><strong>Firmenname:<\/strong><\/td><td><\/td><td>Joya Inmuebles e Inversiones, S.L.U.<\/td><\/tr><tr><td><strong>Steuernummer:<\/strong><\/td><td><\/td><td>B50816982<\/td><\/tr><tr><td><strong>Firmensitz:<\/strong><\/td><td><\/td><td>C\/ Joaqu\u00edn Costa 4, 3\u00ba izda. 50001 &#8211; Zaragoza<\/td><\/tr><tr><td><strong>Telefon:<\/strong><\/td><td><\/td><td>+34 609333689<\/td><\/tr><tr><td><strong>E-mail:<\/strong><\/td><td><\/td><td>info@joyapartments.es<\/td><\/tr><tr><td><strong>Registerdaten:<\/strong><\/td><td><\/td><td>Handelsregister von Zaragoza, Band 2455, Buch 0, Abschnitt 8\u00aa, Blatt 14, Seite Nr. Z-25494<\/td><\/tr><\/tbody><\/table><\/figure>\n\n\n\n<h2 class=\"wp-block-heading\">Zweck des Portals www.joyapartments.es<\/h2>\n\n\n\n<p>Auf unserer Website stellen wir Ihnen Informationen von allgemeinem Interesse \u00fcber unser Unternehmen und die von uns vertriebenen Produkte und Dienstleistungen zur Verf\u00fcgung<\/p>\n\n\n\n<h2 class=\"wp-block-heading\">Ihre Daten<\/h2>\n\n\n\n<p>Alle Informationen, die der Benutzer uns zur Verf\u00fcgung stellt, werden in \u00dcbereinstimmung mit der Datenschutzrichtlinie verarbeitet. Der Benutzer erkl\u00e4rt, dass alle bereitgestellten Informationen und Daten richtig sind und der Wahrheit entsprechen.<\/p>\n\n\n\n<h2 class=\"wp-block-heading\">Schutz der personenbezogenen Daten<\/h2>\n\n\n\n<p>Joya Inmuebles e Inversiones, S.L.U. erf\u00fcllt die Richtlinien der Allgemeinen Datenschutzverordnung (Verordnung (EU) 2016\/679) und alle sonstigen geltenden Vorschriften und stellt sicher, dass die personenbezogenen Daten des Benutzers ordnungsgem\u00e4\u00df verwendet und verarbeitet werden.<\/p>\n\n\n\n<p>Zu diesem Zweck wird der Benutzer mit jedem Formular zur Erhebung personenbezogener Daten, das ihm unterbreitet wird, \u00fcber die besonderen Bedingungen zur Verarbeitung seiner Personendaten und die Notwendigkeit einer Annahme derselben in Kenntnis gesetzt, wobei er zudem \u00fcber die f\u00fcr die Verarbeitung verantwortliche Person, die Anschrift dieses Verantwortlichen, die M\u00f6glichkeit der Aus\u00fcbung seiner Rechte auf Zugang, Berichtigung, L\u00f6schung, Widerspruch, Einschr\u00e4nkung und \u00dcbertragbarkeit, den Zweck der Verarbeitung und gegebenenfalls die Weitergabe der Daten an Dritte informiert wird.<\/p>\n\n\n\n<p>Desgleichen informiert Joya Inmuebles e Inversiones, S.L.U., in seiner Eigenschaft als Ersteller der Website, dass diese dem Gesetz 34\/2002 vom 11. Juli \u00fcber die Dienste der Informationsgesellschaft und den elektronischen Handel entspricht und stets die Zustimmung des Benutzers zur Verarbeitung seiner E-Mail zu kommerziellen Zwecken einholen wird.<\/p>\n\n\n\n<h2 class=\"wp-block-heading\">Minderj\u00e4hrige<\/h2>\n\n\n\n<p>Die Inhalte der Website sind f\u00fcr Erwachsene bestimmt. Joya Inmuebles e Inversiones, S.L.U. ist nicht darauf aus, Daten von Minderj\u00e4hrigen zu erhalten. Sollte Joya Inmuebles e Inversiones, S.L.U. feststellen, dass personenbezogene Daten Minderj\u00e4hriger in ihrer Datei vorhanden sind, werden diese unverz\u00fcglich gel\u00f6scht.<\/p>\n\n\n\n<h2 class=\"wp-block-heading\">Pflichten des Benutzers<\/h2>\n\n\n\n<p>Der Zugang zu&nbsp;<a href=\"http:\/\/www.cablesrct.com\/\">www.joyapartments.es<\/a>&nbsp;liegt in der ausschlie\u00dflichen Verantwortung des Benutzers und setzt die Einwilligung und Kenntnisnahme der rechtlichen Verwarnungen, Bestimmungen und Nutzungsbedingungen voraus.<\/p>\n\n\n\n<p>Der Benutzer hat die von der Website festgelegten Bedingungen stets zu beachten.<\/p>\n\n\n\n<p>Der Benutzer wird die Website mit der gebotenen Sorgfalt nutzen und \u00fcbernimmt jegliche Haftung, die sich aus der Nichteinhaltung der f\u00fcr diese Website geltenden Bedingungen hervorgeht.<\/p>\n\n\n\n<p>Der Benutzer darf die Website nicht f\u00fcr illegale oder zu unrechtm\u00e4\u00dfigen, in diesem Rechtlichen Hinweis verbotenen Zwecken nutzen, die die Rechte und Interessen Dritter verletzten oder in irgendeiner Weise die normale Nutzung der Website, der Computersysteme oder der Dokumente, Dateien und irgendwelcher Inhalte, die auf Computerger\u00e4ten (Hacking) des Unternehmens, anderer Benutzer oder eines Internetbenutzers (Hardware und Software) gespeichert sind, besch\u00e4digen, deaktivieren, \u00fcberlasten, beeintr\u00e4chtigen oder verhindern k\u00f6nnten.<\/p>\n\n\n\n<h2 class=\"wp-block-heading\">Geistiges und gewerbliches Eigentum<\/h2>\n\n\n\n<p>Joya Inmuebles e Inversiones, S.L.U. ist, durch sich selbst oder als Lizenznehmerin, Inhaberin aller Rechte am geistigen und gewerblichen Eigentum der Website, sowie der darin enthaltenen Elemente (einschlie\u00dflich, aber nicht darauf beschr\u00e4nkt, der Bilder, Ton-, Audio- und Videoaufnahmen, Software oder Texte; Marken oder Logos, Farbkombinationen, Struktur und Design, Auswahl der verwendeten Materialien, f\u00fcr den Betrieb erforderliche Computerprogramme, Zugang und Nutzung usw.).<\/p>\n\n\n\n<p>Gem\u00e4\u00df den Bestimmungen der Artikel 8 und 32.1, Absatz 2, des Gesetzes \u00fcber geistiges Eigentum ist die Vervielf\u00e4ltigung, Verbreitung und \u00f6ffentliche Bekanntgabe und Bereitstellung des gesamten Inhalts dieser Website oder Teilen davon zu kommerziellen Zwecken auf jeglichem Tr\u00e4ger und \u00fcber jedwede technischen Mittel ohne die vorherige Genehmigung von Joya Inmuebles e Inversiones, S.L.U., ausdr\u00fccklich verboten.<\/p>\n\n\n\n<p>Der Benutzer verpflichtet sich, die Rechte am geistigen und gewerblichen Eigentum von Joya Inmuebles e Inversiones, S.L.U. zu wahren. Er ist berechtigt die Elemente des Portals anzusehen und sogar auszudrucken, zu kopieren und auf der Festplatte seines Computers oder auf einem anderen physischen Medium zu speichern, vorausgesetzt dies geschieht ausschlie\u00dflich f\u00fcr seinen pers\u00f6nlichen und privaten Gebrauch. Der Benutzer darf die Schutzvorrichtungen oder Sicherheitssysteme, die auf den Seiten von Joya Inmuebles e Inversiones, S.L.U. installiert wurden, weder l\u00f6schen, noch ver\u00e4ndern, umgehen oder manipulieren.<\/p>\n\n\n\n<h2 class=\"wp-block-heading\">Dauer der Leistungserbringung und Ausschlussrecht<\/h2>\n\n\n\n<p>Joya Inmuebles e Inversiones, S.L.U. gibt keine Garantie f\u00fcr die Verf\u00fcgbarkeit und Kontinuit\u00e4t des Betriebs der Website. Wann immer dies m\u00f6glich ist, werden wir Unterbrechungen des Betriebs der Website vorher bekannt geben.<\/p>\n\n\n\n<p>Der Zugang zur Website von Joya Inmuebles e Inversiones, S.L.U. ist unbefristet.<\/p>\n\n\n\n<p>Joya Inmuebles e Inversiones, S.L.U. beh\u00e4lt sich das Recht vor, Benutzern, die die Nutzungsbedingungen des Portals nicht einhalten, den Zugang zum Portal und\/oder den angebotenen Dienstleistungen ohne vorherige Benachrichtigung des Benutzer auf eigene Initiative oder auf Antrag Dritter zu verweigern oder zu entziehen.<\/p>\n\n\n\n<p>Joya Inmuebles e Inversiones, S.L.U. wird den Versto\u00df gegen die Nutzungsbedingungen des Portals sowie jede missbr\u00e4uchliche Nutzung des Portals verfolgen und alle zivil- und strafrechtlichen Schritte einleiten, die ihr vom Gesetz her entsprechen k\u00f6nnten.<\/p>\n\n\n\n<h2 class=\"wp-block-heading\">\u00c4nderungen und Links<\/h2>\n\n\n\n<p>Joya Inmuebles e Inversiones, S.L.U. beh\u00e4lt sich das Recht vor, ohne vorherige Benachrichtigung des Benutzers \u00c4nderungen an der Website vorzunehmen, die sie f\u00fcr angemessen h\u00e4lt, und kann sowohl die Inhalte und Dienstleistungen, die zur Verf\u00fcgung gestellt werden, als auch die Art und Weise, in der sie pr\u00e4sentiert werden, sowie die Lokalisierung dieser Elemente in den hier festgelegten Nutzungsbedingungen, jederzeit \u00e4ndern, l\u00f6schen oder vervollst\u00e4ndigen.<\/p>\n\n\n\n<p>Joya Inmuebles e Inversiones, S.L.U. \u00fcbernimmt keine Haftung f\u00fcr den Missbrauch der Inhalte ihrer Website, deren Nutzung im ausschlie\u00dflichen Verantwortungsbereich der Person liegt, die auf sie zugreift oder sie benutzt.<\/p>\n\n\n\n<p>F\u00fcr den Fall, dass&nbsp;<a href=\"http:\/\/www.cablesrct.com\/\">www.joyapartments.es<\/a>&nbsp;Links oder Hyperlinks zu anderen Internetseiten enth\u00e4lt, wird darauf hingewiesen, dass Joya Inmuebles e Inversiones, S.L.U., Ersteller der Website, keinerlei Kontrolle \u00fcber diese Seiten und Inhalte aus\u00fcbt. Joya Inmuebles e Inversiones, S.L.U., Ersteller der Website, \u00fcbernimmt unter keinen Umst\u00e4nden die Verantwortung f\u00fcr die Inhalte von Links, die einer anderen Website entsprechen, noch gew\u00e4hrleistet sie die technische Verf\u00fcgbarkeit, Qualit\u00e4t, Zuverl\u00e4ssigkeit, Genauigkeit, Wahrhaftigkeit, G\u00fcltigkeit, Verfassungsm\u00e4\u00dfigkeit und den Umfang des Materials oder der Informationen, die in diesen Hyperlinks oder anderen Internetseiten enthalten sind. Ebenso wenig bedeutet die Aufnahme dieser externen Links irgendeine Art von Vereinigung, Verschmelzung mit oder Beteiligung an den verlinkten Unternehmen.<\/p>\n\n\n\n<h2 class=\"wp-block-heading\">Verwendung von Cookies<\/h2>\n\n\n\n<p>Joya Inmuebles e Inversiones, S.L.U. k\u00f6nnte Cookies verwenden, um die Navigation auf ihrer Website zu erleichtern und um die Benutzereinstellungen zur Wiedererkennung derselben in Erfahrung zu bringen. Der Benutzer kann sein Computerger\u00e4t jedoch so einstellen, dass es die empfangenen Cookies gem\u00e4\u00df den in unserer Cookie-Richtlinie enthaltenen Anweisungen annimmt oder nicht.<\/p>\n\n\n\n<h2 class=\"wp-block-heading\">Anwendbares Recht und zust\u00e4ndiger Gerichtsstand<\/h2>\n\n\n\n<p>Die Nutzungsbedingungen der Website, die in diesem Rechtlichen Hinweis enthalten sind, sowie die Beziehung zwischen dem Benutzer und Joya Inmuebles e Inversiones, S.L.U., werden in \u00dcbereinstimmung mit dem spanischen Recht geregelt und ausgelegt. F\u00fcr die L\u00f6sung eines eventuellen Konflikts unterwerfen sich der Benutzer und Joya Inmuebles e Inversiones, S.L.U. ausdr\u00fccklich der Zust\u00e4ndigkeit und Gerichtsbarkeit der Gerichte und Gerichtsh\u00f6fe der Stadt ZARAGOZA und verzichten ausdr\u00fccklich auf jeden anderen Gerichtsstand, der ihnen entsprechen k\u00f6nnte.<\/p>\n","protected":false},"excerpt":{"rendered":"<p>In \u00dcbereinstimmung mit Art. 10 des Gesetzes 34\/2002 vom 11. Juli \u00fcber die Dienste der Informationsgesellschaft und den elektronischen Handel (LSSI+CE) setzen wir Sie dar\u00fcber in Kenntnis, dass der Eigent\u00fcmer der Website www.joyapartments.es Firmenname: Joya Inmuebles e Inversiones, S.L.U. Steuernummer: B50816982 Firmensitz: C\/ Joaqu\u00edn Costa 4, 3\u00ba izda. 50001 &#8211; Zaragoza Telefon: +34 609333689 E-mail: [&hellip;]<\/p>\n","protected":false},"author":1,"featured_media":0,"parent":0,"menu_order":92,"comment_status":"closed","ping_status":"closed","template":"","meta":{"footnotes":""},"class_list":["post-1599","page","type-page","status-publish","hentry"],"yoast_head":"<!-- This site is optimized with the Yoast SEO plugin v25.3.1 - https:\/\/yoast.com\/wordpress\/plugins\/seo\/ -->\n<title>Rechtlicher Hinweis \u2013 Nutzungsbedingungen | Joya Apartments<\/title>\n<meta name=\"robots\" content=\"noindex, follow\" \/>\n<meta property=\"og:locale\" content=\"de_DE\" \/>\n<meta property=\"og:type\" content=\"article\" \/>\n<meta property=\"og:title\" content=\"Rechtlicher Hinweis \u2013 Nutzungsbedingungen | Joya Apartments\" \/>\n<meta property=\"og:description\" content=\"In \u00dcbereinstimmung mit Art. 10 des Gesetzes 34\/2002 vom 11. Juli \u00fcber die Dienste der Informationsgesellschaft und den elektronischen Handel (LSSI+CE) setzen wir Sie dar\u00fcber in Kenntnis, dass der Eigent\u00fcmer der Website www.joyapartments.es Firmenname: Joya Inmuebles e Inversiones, S.L.U. Steuernummer: B50816982 Firmensitz: C\/ Joaqu\u00edn Costa 4, 3\u00ba izda. 50001 &#8211; Zaragoza Telefon: +34 609333689 E-mail: [&hellip;]\" \/>\n<meta property=\"og:url\" content=\"https:\/\/joyapartments.es\/de\/bedingungen\/\" \/>\n<meta property=\"og:site_name\" content=\"Joya Apartments\" \/>\n<meta property=\"article:modified_time\" content=\"2020-11-27T18:02:08+00:00\" \/>\n<meta name=\"twitter:card\" content=\"summary_large_image\" \/>\n<meta name=\"twitter:label1\" content=\"Gesch\u00e4tzte Lesezeit\" \/>\n\t<meta name=\"twitter:data1\" content=\"6\u00a0Minuten\" \/>\n<script type=\"application\/ld+json\" class=\"yoast-schema-graph\">{\"@context\":\"https:\/\/schema.org\",\"@graph\":[{\"@type\":\"WebPage\",\"@id\":\"https:\/\/joyapartments.es\/de\/bedingungen\/\",\"url\":\"https:\/\/joyapartments.es\/de\/bedingungen\/\",\"name\":\"Rechtlicher Hinweis \u2013 Nutzungsbedingungen | Joya Apartments\",\"isPartOf\":{\"@id\":\"https:\/\/joyapartments.es\/#website\"},\"datePublished\":\"2017-12-29T13:04:29+00:00\",\"dateModified\":\"2020-11-27T18:02:08+00:00\",\"breadcrumb\":{\"@id\":\"https:\/\/joyapartments.es\/de\/bedingungen\/#breadcrumb\"},\"inLanguage\":\"de\",\"potentialAction\":[{\"@type\":\"ReadAction\",\"target\":[\"https:\/\/joyapartments.es\/de\/bedingungen\/\"]}]},{\"@type\":\"BreadcrumbList\",\"@id\":\"https:\/\/joyapartments.es\/de\/bedingungen\/#breadcrumb\",\"itemListElement\":[{\"@type\":\"ListItem\",\"position\":1,\"name\":\"Portada\",\"item\":\"https:\/\/joyapartments.es\/de\/\"},{\"@type\":\"ListItem\",\"position\":2,\"name\":\"Rechtlicher Hinweis \u2013 Nutzungsbedingungen\"}]},{\"@type\":\"WebSite\",\"@id\":\"https:\/\/joyapartments.es\/#website\",\"url\":\"https:\/\/joyapartments.es\/\",\"name\":\"Joya Apartments\",\"description\":\"Apartamentos en la Costa Dorada\",\"publisher\":{\"@id\":\"https:\/\/joyapartments.es\/#organization\"},\"potentialAction\":[{\"@type\":\"SearchAction\",\"target\":{\"@type\":\"EntryPoint\",\"urlTemplate\":\"https:\/\/joyapartments.es\/?s={search_term_string}\"},\"query-input\":{\"@type\":\"PropertyValueSpecification\",\"valueRequired\":true,\"valueName\":\"search_term_string\"}}],\"inLanguage\":\"de\"},{\"@type\":\"Organization\",\"@id\":\"https:\/\/joyapartments.es\/#organization\",\"name\":\"Joya Inmuebles e Inversiones S.L.U.\",\"url\":\"https:\/\/joyapartments.es\/\",\"logo\":{\"@type\":\"ImageObject\",\"inLanguage\":\"de\",\"@id\":\"https:\/\/joyapartments.es\/#\/schema\/logo\/image\/\",\"url\":\"https:\/\/joyapartments.es\/wp-content\/uploads\/joya-apartments-logo-retina.png\",\"contentUrl\":\"https:\/\/joyapartments.es\/wp-content\/uploads\/joya-apartments-logo-retina.png\",\"width\":440,\"height\":120,\"caption\":\"Joya Inmuebles e Inversiones S.L.U.\"},\"image\":{\"@id\":\"https:\/\/joyapartments.es\/#\/schema\/logo\/image\/\"}}]}<\/script>\n<!-- \/ Yoast SEO plugin. -->","yoast_head_json":{"title":"Rechtlicher Hinweis \u2013 Nutzungsbedingungen | Joya Apartments","robots":{"index":"noindex","follow":"follow"},"og_locale":"de_DE","og_type":"article","og_title":"Rechtlicher Hinweis \u2013 Nutzungsbedingungen | Joya Apartments","og_description":"In \u00dcbereinstimmung mit Art. 10 des Gesetzes 34\/2002 vom 11. Juli \u00fcber die Dienste der Informationsgesellschaft und den elektronischen Handel (LSSI+CE) setzen wir Sie dar\u00fcber in Kenntnis, dass der Eigent\u00fcmer der Website www.joyapartments.es Firmenname: Joya Inmuebles e Inversiones, S.L.U. Steuernummer: B50816982 Firmensitz: C\/ Joaqu\u00edn Costa 4, 3\u00ba izda. 50001 &#8211; Zaragoza Telefon: +34 609333689 E-mail: [&hellip;]","og_url":"https:\/\/joyapartments.es\/de\/bedingungen\/","og_site_name":"Joya Apartments","article_modified_time":"2020-11-27T18:02:08+00:00","twitter_card":"summary_large_image","twitter_misc":{"Gesch\u00e4tzte Lesezeit":"6\u00a0Minuten"},"schema":{"@context":"https:\/\/schema.org","@graph":[{"@type":"WebPage","@id":"https:\/\/joyapartments.es\/de\/bedingungen\/","url":"https:\/\/joyapartments.es\/de\/bedingungen\/","name":"Rechtlicher Hinweis \u2013 Nutzungsbedingungen | Joya Apartments","isPartOf":{"@id":"https:\/\/joyapartments.es\/#website"},"datePublished":"2017-12-29T13:04:29+00:00","dateModified":"2020-11-27T18:02:08+00:00","breadcrumb":{"@id":"https:\/\/joyapartments.es\/de\/bedingungen\/#breadcrumb"},"inLanguage":"de","potentialAction":[{"@type":"ReadAction","target":["https:\/\/joyapartments.es\/de\/bedingungen\/"]}]},{"@type":"BreadcrumbList","@id":"https:\/\/joyapartments.es\/de\/bedingungen\/#breadcrumb","itemListElement":[{"@type":"ListItem","position":1,"name":"Portada","item":"https:\/\/joyapartments.es\/de\/"},{"@type":"ListItem","position":2,"name":"Rechtlicher Hinweis \u2013 Nutzungsbedingungen"}]},{"@type":"WebSite","@id":"https:\/\/joyapartments.es\/#website","url":"https:\/\/joyapartments.es\/","name":"Joya Apartments","description":"Apartamentos en la Costa Dorada","publisher":{"@id":"https:\/\/joyapartments.es\/#organization"},"potentialAction":[{"@type":"SearchAction","target":{"@type":"EntryPoint","urlTemplate":"https:\/\/joyapartments.es\/?s={search_term_string}"},"query-input":{"@type":"PropertyValueSpecification","valueRequired":true,"valueName":"search_term_string"}}],"inLanguage":"de"},{"@type":"Organization","@id":"https:\/\/joyapartments.es\/#organization","name":"Joya Inmuebles e Inversiones S.L.U.","url":"https:\/\/joyapartments.es\/","logo":{"@type":"ImageObject","inLanguage":"de","@id":"https:\/\/joyapartments.es\/#\/schema\/logo\/image\/","url":"https:\/\/joyapartments.es\/wp-content\/uploads\/joya-apartments-logo-retina.png","contentUrl":"https:\/\/joyapartments.es\/wp-content\/uploads\/joya-apartments-logo-retina.png","width":440,"height":120,"caption":"Joya Inmuebles e Inversiones S.L.U."},"image":{"@id":"https:\/\/joyapartments.es\/#\/schema\/logo\/image\/"}}]}},"_links":{"self":[{"href":"https:\/\/joyapartments.es\/de\/wp-json\/wp\/v2\/pages\/1599","targetHints":{"allow":["GET"]}}],"collection":[{"href":"https:\/\/joyapartments.es\/de\/wp-json\/wp\/v2\/pages"}],"about":[{"href":"https:\/\/joyapartments.es\/de\/wp-json\/wp\/v2\/types\/page"}],"author":[{"embeddable":true,"href":"https:\/\/joyapartments.es\/de\/wp-json\/wp\/v2\/users\/1"}],"replies":[{"embeddable":true,"href":"https:\/\/joyapartments.es\/de\/wp-json\/wp\/v2\/comments?post=1599"}],"version-history":[{"count":4,"href":"https:\/\/joyapartments.es\/de\/wp-json\/wp\/v2\/pages\/1599\/revisions"}],"predecessor-version":[{"id":1948,"href":"https:\/\/joyapartments.es\/de\/wp-json\/wp\/v2\/pages\/1599\/revisions\/1948"}],"wp:attachment":[{"href":"https:\/\/joyapartments.es\/de\/wp-json\/wp\/v2\/media?parent=1599"}],"curies":[{"name":"wp","href":"https:\/\/api.w.org\/{rel}","templated":true}]}}